{"id":2239,"date":"2026-03-19T20:16:04","date_gmt":"2026-03-19T20:16:04","guid":{"rendered":"https:\/\/miidaz.com\/product\/antiestres-bumpy-buddy\/"},"modified":"2026-05-08T23:03:44","modified_gmt":"2026-05-08T23:03:44","slug":"antiestres-bumpy-buddy","status":"publish","type":"product","link":"https:\/\/miidaz.com\/?product=antiestres-bumpy-buddy","title":{"rendered":"Antiestres Bumpy Buddy"},"content":{"rendered":"<p>Bola de silicona con dise\u00f1o ergon\u00f3mico y superficie texturizada, ideal para masajes, ejercicios de relajaci\u00f3n o actividades sensoriales. Su forma compacta y material flexible la hacen c\u00f3moda de usar y f\u00e1cil de llevar a cualquier lugar. Perfecta para liberar tensi\u00f3n o estimular el tacto de manera divertida y pr\u00e1ctica.<\/p>\n","protected":false},"excerpt":{"rendered":"<p>Bola de silicona con dise\u00f1o ergon\u00f3mico y superficie texturizada, ideal para masajes, ejercicios de relajaci\u00f3n o actividades sensoriales. Su forma compacta y material flexible la hacen c\u00f3moda de usar y f\u00e1cil de llevar a cualquier lugar. Perfecta para liberar tensi\u00f3n o estimular el tacto de manera divertida y pr\u00e1ctica.<\/p>\n","protected":false},"featured_media":40267,"comment_status":"open","ping_status":"closed","template":"","meta":{"_uag_custom_page_level_css":""},"product_brand":[],"product_cat":[40],"product_tag":[114,112],"class_list":{"0":"post-2239","1":"product","2":"type-product","3":"status-publish","4":"has-post-thumbnail","6":"product_cat-antiestres","7":"product_tag-novedades-2026","8":"product_tag-temporada-irresistibles","10":"first","11":"instock","12":"shipping-taxable","13":"purchasable","14":"product-type-variable"},"aioseo_notices":[],"uagb_featured_image_src":{"full":["https:\/\/miidaz.com\/wp-content\/uploads\/2026\/03\/AN0064-1.jpg",1000,1000,false],"thumbnail":["https:\/\/miidaz.com\/wp-content\/uploads\/2026\/03\/AN0064-1-150x150.jpg",150,150,true],"medium":["https:\/\/miidaz.com\/wp-content\/uploads\/2026\/03\/AN0064-1-300x300.jpg",300,300,true],"medium_large":["https:\/\/miidaz.com\/wp-content\/uploads\/2026\/03\/AN0064-1-768x768.jpg",768,768,true],"large":["https:\/\/miidaz.com\/wp-content\/uploads\/2026\/03\/AN0064-1.jpg",800,800,false],"1536x1536":["https:\/\/miidaz.com\/wp-content\/uploads\/2026\/03\/AN0064-1.jpg",1000,1000,false],"2048x2048":["https:\/\/miidaz.com\/wp-content\/uploads\/2026\/03\/AN0064-1.jpg",1000,1000,false],"woocommerce_thumbnail":["https:\/\/miidaz.com\/wp-content\/uploads\/2026\/03\/AN0064-1-300x300.jpg",300,300,true],"woocommerce_single":["https:\/\/miidaz.com\/wp-content\/uploads\/2026\/03\/AN0064-1-600x600.jpg",600,600,true],"woocommerce_gallery_thumbnail":["https:\/\/miidaz.com\/wp-content\/uploads\/2026\/03\/AN0064-1-100x100.jpg",100,100,true]},"uagb_author_info":{"display_name":"","author_link":"https:\/\/miidaz.com\/?author=0"},"uagb_comment_info":0,"uagb_excerpt":"Bola de silicona con dise\u00f1o ergon\u00f3mico y superficie texturizada, ideal para masajes, ejercicios de relajaci\u00f3n o actividades sensoriales. Su forma compacta y material flexible la hacen c\u00f3moda de usar y f\u00e1cil de llevar a cualquier lugar. Perfecta para liberar tensi\u00f3n o estimular el tacto de manera divertida y pr\u00e1ctica.","_links":{"self":[{"href":"https:\/\/miidaz.com\/index.php?rest_route=\/wp\/v2\/product\/2239","targetHints":{"allow":["GET"]}}],"collection":[{"href":"https:\/\/miidaz.com\/index.php?rest_route=\/wp\/v2\/product"}],"about":[{"href":"https:\/\/miidaz.com\/index.php?rest_route=\/wp\/v2\/types\/product"}],"replies":[{"embeddable":true,"href":"https:\/\/miidaz.com\/index.php?rest_route=%2Fwp%2Fv2%2Fcomments&post=2239"}],"version-history":[{"count":0,"href":"https:\/\/miidaz.com\/index.php?rest_route=\/wp\/v2\/product\/2239\/revisions"}],"wp:featuredmedia":[{"embeddable":true,"href":"https:\/\/miidaz.com\/index.php?rest_route=\/wp\/v2\/media\/40267"}],"wp:attachment":[{"href":"https:\/\/miidaz.com\/index.php?rest_route=%2Fwp%2Fv2%2Fmedia&parent=2239"}],"wp:term":[{"taxonomy":"product_brand","embeddable":true,"href":"https:\/\/miidaz.com\/index.php?rest_route=%2Fwp%2Fv2%2Fproduct_brand&post=2239"},{"taxonomy":"product_cat","embeddable":true,"href":"https:\/\/miidaz.com\/index.php?rest_route=%2Fwp%2Fv2%2Fproduct_cat&post=2239"},{"taxonomy":"product_tag","embeddable":true,"href":"https:\/\/miidaz.com\/index.php?rest_route=%2Fwp%2Fv2%2Fproduct_tag&post=2239"}],"curies":[{"name":"wp","href":"https:\/\/api.w.org\/{rel}","templated":true}]}}