{"id":2456,"date":"2026-03-19T20:48:07","date_gmt":"2026-03-19T20:48:07","guid":{"rendered":"https:\/\/miidaz.com\/product\/botella-aluminio-halo-730-ml-25-oz\/"},"modified":"2026-05-08T23:03:56","modified_gmt":"2026-05-08T23:03:56","slug":"botella-aluminio-halo-730-ml-25-oz","status":"publish","type":"product","link":"https:\/\/miidaz.com\/?product=botella-aluminio-halo-730-ml-25-oz","title":{"rendered":"Botella Aluminio Halo 730 ml \/ 25 Oz"},"content":{"rendered":"<p>Botella fabricada en aluminio, equipada con tapa pl\u00e1stica de cierre giratorio y pitillo ajustable para facilitar el consumo de l\u00edquidos. Incluye manija pl\u00e1stica incorporada que permite un transporte c\u00f3modo. Soporta l\u00edquidos en un rango de temperatura recomendado entre 10\u202f\u00b0C y 100\u202f\u00b0C, adecuada para bebidas fr\u00edas y calientes. Dise\u00f1o pr\u00e1ctico y resistente para uso diario. Capacidad: 730 ml \/ 25 Oz.<\/p>\n","protected":false},"excerpt":{"rendered":"<p>Botella fabricada en aluminio, equipada con tapa pl\u00e1stica de cierre giratorio y pitillo ajustable para facilitar el consumo de l\u00edquidos. Incluye manija pl\u00e1stica incorporada que permite un transporte c\u00f3modo. Soporta l\u00edquidos en un rango de temperatura recomendado entre 10\u202f\u00b0C y 100\u202f\u00b0C, adecuada para bebidas fr\u00edas y calientes. Dise\u00f1o pr\u00e1ctico y resistente para uso diario. Capacidad: [&hellip;]<\/p>\n","protected":false},"featured_media":44073,"comment_status":"open","ping_status":"closed","template":"","meta":{"_uag_custom_page_level_css":""},"product_brand":[],"product_cat":[52],"product_tag":[115],"class_list":{"0":"post-2456","1":"product","2":"type-product","3":"status-publish","4":"has-post-thumbnail","6":"product_cat-botellas-en-aluminio","7":"product_tag-outlet-color","9":"first","10":"instock","11":"sale","12":"shipping-taxable","13":"purchasable","14":"product-type-variable"},"aioseo_notices":[],"uagb_featured_image_src":{"full":["https:\/\/miidaz.com\/wp-content\/uploads\/2026\/03\/BE0357-5.jpg",1000,1000,false],"thumbnail":["https:\/\/miidaz.com\/wp-content\/uploads\/2026\/03\/BE0357-5-150x150.jpg",150,150,true],"medium":["https:\/\/miidaz.com\/wp-content\/uploads\/2026\/03\/BE0357-5-300x300.jpg",300,300,true],"medium_large":["https:\/\/miidaz.com\/wp-content\/uploads\/2026\/03\/BE0357-5-768x768.jpg",768,768,true],"large":["https:\/\/miidaz.com\/wp-content\/uploads\/2026\/03\/BE0357-5.jpg",800,800,false],"1536x1536":["https:\/\/miidaz.com\/wp-content\/uploads\/2026\/03\/BE0357-5.jpg",1000,1000,false],"2048x2048":["https:\/\/miidaz.com\/wp-content\/uploads\/2026\/03\/BE0357-5.jpg",1000,1000,false],"woocommerce_thumbnail":["https:\/\/miidaz.com\/wp-content\/uploads\/2026\/03\/BE0357-5-300x300.jpg",300,300,true],"woocommerce_single":["https:\/\/miidaz.com\/wp-content\/uploads\/2026\/03\/BE0357-5-600x600.jpg",600,600,true],"woocommerce_gallery_thumbnail":["https:\/\/miidaz.com\/wp-content\/uploads\/2026\/03\/BE0357-5-100x100.jpg",100,100,true]},"uagb_author_info":{"display_name":"","author_link":"https:\/\/miidaz.com\/?author=0"},"uagb_comment_info":0,"uagb_excerpt":"Botella fabricada en aluminio, equipada con tapa pl\u00e1stica de cierre giratorio y pitillo ajustable para facilitar el consumo de l\u00edquidos. Incluye manija pl\u00e1stica incorporada que permite un transporte c\u00f3modo. Soporta l\u00edquidos en un rango de temperatura recomendado entre 10\u202f\u00b0C y 100\u202f\u00b0C, adecuada para bebidas fr\u00edas y calientes. Dise\u00f1o pr\u00e1ctico y resistente para uso diario. Capacidad:&hellip;","_links":{"self":[{"href":"https:\/\/miidaz.com\/index.php?rest_route=\/wp\/v2\/product\/2456","targetHints":{"allow":["GET"]}}],"collection":[{"href":"https:\/\/miidaz.com\/index.php?rest_route=\/wp\/v2\/product"}],"about":[{"href":"https:\/\/miidaz.com\/index.php?rest_route=\/wp\/v2\/types\/product"}],"replies":[{"embeddable":true,"href":"https:\/\/miidaz.com\/index.php?rest_route=%2Fwp%2Fv2%2Fcomments&post=2456"}],"version-history":[{"count":0,"href":"https:\/\/miidaz.com\/index.php?rest_route=\/wp\/v2\/product\/2456\/revisions"}],"wp:featuredmedia":[{"embeddable":true,"href":"https:\/\/miidaz.com\/index.php?rest_route=\/wp\/v2\/media\/44073"}],"wp:attachment":[{"href":"https:\/\/miidaz.com\/index.php?rest_route=%2Fwp%2Fv2%2Fmedia&parent=2456"}],"wp:term":[{"taxonomy":"product_brand","embeddable":true,"href":"https:\/\/miidaz.com\/index.php?rest_route=%2Fwp%2Fv2%2Fproduct_brand&post=2456"},{"taxonomy":"product_cat","embeddable":true,"href":"https:\/\/miidaz.com\/index.php?rest_route=%2Fwp%2Fv2%2Fproduct_cat&post=2456"},{"taxonomy":"product_tag","embeddable":true,"href":"https:\/\/miidaz.com\/index.php?rest_route=%2Fwp%2Fv2%2Fproduct_tag&post=2456"}],"curies":[{"name":"wp","href":"https:\/\/api.w.org\/{rel}","templated":true}]}}