{"id":2500,"date":"2026-03-19T20:59:10","date_gmt":"2026-03-19T20:59:10","guid":{"rendered":"https:\/\/miidaz.com\/product\/termo-bambu-550-ml-19-oz\/"},"modified":"2026-05-08T23:03:59","modified_gmt":"2026-05-08T23:03:59","slug":"termo-bambu-550-ml-19-oz","status":"publish","type":"product","link":"https:\/\/miidaz.com\/?product=termo-bambu-550-ml-19-oz","title":{"rendered":"Termo Bamb\u00fa 550 ml \/ 19 Oz"},"content":{"rendered":"<p>Termo con estructura de doble pared en acero inoxidable, dise\u00f1ado para conservar la temperatura de las bebidas. Su pared externa est\u00e1 recubierta en bamb\u00fa natural, lo que le aporta un acabado elegante y ecol\u00f3gico. Incluye infusor con filtro para preparar bebidas directamente en el termo, y una tapa con cierre giratorio tambi\u00e9n recubierta en bamb\u00fa. Ideal para bebidas calientes o fr\u00edas en cualquier entorno. Mantiene las bebidas fr\u00edas por 12 horas y las bebidas calientes por 6 horas, aproximadamente. Capacidad: 550 ml \/ 19 Oz.<\/p>\n","protected":false},"excerpt":{"rendered":"<p>Termo con estructura de doble pared en acero inoxidable, dise\u00f1ado para conservar la temperatura de las bebidas. Su pared externa est\u00e1 recubierta en bamb\u00fa natural, lo que le aporta un acabado elegante y ecol\u00f3gico. Incluye infusor con filtro para preparar bebidas directamente en el termo, y una tapa con cierre giratorio tambi\u00e9n recubierta en bamb\u00fa. [&hellip;]<\/p>\n","protected":false},"featured_media":44135,"comment_status":"open","ping_status":"closed","template":"","meta":{"_uag_custom_page_level_css":""},"product_brand":[],"product_cat":[56],"product_tag":[],"class_list":{"0":"post-2500","1":"product","2":"type-product","3":"status-publish","4":"has-post-thumbnail","6":"product_cat-termos","8":"first","9":"instock","10":"shipping-taxable","11":"purchasable","12":"product-type-variable"},"aioseo_notices":[],"uagb_featured_image_src":{"full":["https:\/\/miidaz.com\/wp-content\/uploads\/2026\/03\/BE0367__54344-1.jpg",1000,1000,false],"thumbnail":["https:\/\/miidaz.com\/wp-content\/uploads\/2026\/03\/BE0367__54344-1-150x150.jpg",150,150,true],"medium":["https:\/\/miidaz.com\/wp-content\/uploads\/2026\/03\/BE0367__54344-1-300x300.jpg",300,300,true],"medium_large":["https:\/\/miidaz.com\/wp-content\/uploads\/2026\/03\/BE0367__54344-1-768x768.jpg",768,768,true],"large":["https:\/\/miidaz.com\/wp-content\/uploads\/2026\/03\/BE0367__54344-1.jpg",800,800,false],"1536x1536":["https:\/\/miidaz.com\/wp-content\/uploads\/2026\/03\/BE0367__54344-1.jpg",1000,1000,false],"2048x2048":["https:\/\/miidaz.com\/wp-content\/uploads\/2026\/03\/BE0367__54344-1.jpg",1000,1000,false],"woocommerce_thumbnail":["https:\/\/miidaz.com\/wp-content\/uploads\/2026\/03\/BE0367__54344-1-300x300.jpg",300,300,true],"woocommerce_single":["https:\/\/miidaz.com\/wp-content\/uploads\/2026\/03\/BE0367__54344-1-600x600.jpg",600,600,true],"woocommerce_gallery_thumbnail":["https:\/\/miidaz.com\/wp-content\/uploads\/2026\/03\/BE0367__54344-1-100x100.jpg",100,100,true]},"uagb_author_info":{"display_name":"","author_link":"https:\/\/miidaz.com\/?author=0"},"uagb_comment_info":0,"uagb_excerpt":"Termo con estructura de doble pared en acero inoxidable, dise\u00f1ado para conservar la temperatura de las bebidas. Su pared externa est\u00e1 recubierta en bamb\u00fa natural, lo que le aporta un acabado elegante y ecol\u00f3gico. Incluye infusor con filtro para preparar bebidas directamente en el termo, y una tapa con cierre giratorio tambi\u00e9n recubierta en bamb\u00fa.&hellip;","_links":{"self":[{"href":"https:\/\/miidaz.com\/index.php?rest_route=\/wp\/v2\/product\/2500","targetHints":{"allow":["GET"]}}],"collection":[{"href":"https:\/\/miidaz.com\/index.php?rest_route=\/wp\/v2\/product"}],"about":[{"href":"https:\/\/miidaz.com\/index.php?rest_route=\/wp\/v2\/types\/product"}],"replies":[{"embeddable":true,"href":"https:\/\/miidaz.com\/index.php?rest_route=%2Fwp%2Fv2%2Fcomments&post=2500"}],"version-history":[{"count":1,"href":"https:\/\/miidaz.com\/index.php?rest_route=\/wp\/v2\/product\/2500\/revisions"}],"predecessor-version":[{"id":82399,"href":"https:\/\/miidaz.com\/index.php?rest_route=\/wp\/v2\/product\/2500\/revisions\/82399"}],"wp:featuredmedia":[{"embeddable":true,"href":"https:\/\/miidaz.com\/index.php?rest_route=\/wp\/v2\/media\/44135"}],"wp:attachment":[{"href":"https:\/\/miidaz.com\/index.php?rest_route=%2Fwp%2Fv2%2Fmedia&parent=2500"}],"wp:term":[{"taxonomy":"product_brand","embeddable":true,"href":"https:\/\/miidaz.com\/index.php?rest_route=%2Fwp%2Fv2%2Fproduct_brand&post=2500"},{"taxonomy":"product_cat","embeddable":true,"href":"https:\/\/miidaz.com\/index.php?rest_route=%2Fwp%2Fv2%2Fproduct_cat&post=2500"},{"taxonomy":"product_tag","embeddable":true,"href":"https:\/\/miidaz.com\/index.php?rest_route=%2Fwp%2Fv2%2Fproduct_tag&post=2500"}],"curies":[{"name":"wp","href":"https:\/\/api.w.org\/{rel}","templated":true}]}}