{"id":2513,"date":"2026-03-19T20:59:13","date_gmt":"2026-03-19T20:59:13","guid":{"rendered":"https:\/\/miidaz.com\/product\/mug-bambu-450-ml-15-oz\/"},"modified":"2026-05-08T23:04:00","modified_gmt":"2026-05-08T23:04:00","slug":"mug-bambu-450-ml-15-oz","status":"publish","type":"product","link":"https:\/\/miidaz.com\/?product=mug-bambu-450-ml-15-oz","title":{"rendered":"Mug Bamb\u00fa 450 ml \/ 15 Oz"},"content":{"rendered":"<p>Mug con estructura de acero inoxidable y pared externa en bamb\u00fa natural, que aporta un acabado elegante y ecol\u00f3gico. Incluye tapa pl\u00e1stica con cierre corredizo a presi\u00f3n, dise\u00f1ada para facilitar el consumo y prevenir derrames. Su dise\u00f1o combina funcionalidad y estilo, ideal para bebidas calientes en cualquier entorno. Mantiene las bebidas fr\u00edas por 12 horas y las bebidas calientes por 6 horas. Capacidad: 450 ml \/ 15 Oz.<\/p>\n","protected":false},"excerpt":{"rendered":"<p>Mug con estructura de acero inoxidable y pared externa en bamb\u00fa natural, que aporta un acabado elegante y ecol\u00f3gico. Incluye tapa pl\u00e1stica con cierre corredizo a presi\u00f3n, dise\u00f1ada para facilitar el consumo y prevenir derrames. Su dise\u00f1o combina funcionalidad y estilo, ideal para bebidas calientes en cualquier entorno. Mantiene las bebidas fr\u00edas por 12 horas [&hellip;]<\/p>\n","protected":false},"featured_media":44160,"comment_status":"open","ping_status":"closed","template":"","meta":{"_uag_custom_page_level_css":""},"product_brand":[],"product_cat":[53],"product_tag":[],"class_list":{"0":"post-2513","1":"product","2":"type-product","3":"status-publish","4":"has-post-thumbnail","6":"product_cat-mugs-y-vasos-metalicos","8":"first","9":"instock","10":"shipping-taxable","11":"purchasable","12":"product-type-variable"},"aioseo_notices":[],"uagb_featured_image_src":{"full":["https:\/\/miidaz.com\/wp-content\/uploads\/2026\/03\/BE0370__54345-1.jpg",1000,1000,false],"thumbnail":["https:\/\/miidaz.com\/wp-content\/uploads\/2026\/03\/BE0370__54345-1-150x150.jpg",150,150,true],"medium":["https:\/\/miidaz.com\/wp-content\/uploads\/2026\/03\/BE0370__54345-1-300x300.jpg",300,300,true],"medium_large":["https:\/\/miidaz.com\/wp-content\/uploads\/2026\/03\/BE0370__54345-1-768x768.jpg",768,768,true],"large":["https:\/\/miidaz.com\/wp-content\/uploads\/2026\/03\/BE0370__54345-1.jpg",800,800,false],"1536x1536":["https:\/\/miidaz.com\/wp-content\/uploads\/2026\/03\/BE0370__54345-1.jpg",1000,1000,false],"2048x2048":["https:\/\/miidaz.com\/wp-content\/uploads\/2026\/03\/BE0370__54345-1.jpg",1000,1000,false],"woocommerce_thumbnail":["https:\/\/miidaz.com\/wp-content\/uploads\/2026\/03\/BE0370__54345-1-300x300.jpg",300,300,true],"woocommerce_single":["https:\/\/miidaz.com\/wp-content\/uploads\/2026\/03\/BE0370__54345-1-600x600.jpg",600,600,true],"woocommerce_gallery_thumbnail":["https:\/\/miidaz.com\/wp-content\/uploads\/2026\/03\/BE0370__54345-1-100x100.jpg",100,100,true]},"uagb_author_info":{"display_name":"","author_link":"https:\/\/miidaz.com\/?author=0"},"uagb_comment_info":0,"uagb_excerpt":"Mug con estructura de acero inoxidable y pared externa en bamb\u00fa natural, que aporta un acabado elegante y ecol\u00f3gico. Incluye tapa pl\u00e1stica con cierre corredizo a presi\u00f3n, dise\u00f1ada para facilitar el consumo y prevenir derrames. Su dise\u00f1o combina funcionalidad y estilo, ideal para bebidas calientes en cualquier entorno. Mantiene las bebidas fr\u00edas por 12 horas&hellip;","_links":{"self":[{"href":"https:\/\/miidaz.com\/index.php?rest_route=\/wp\/v2\/product\/2513","targetHints":{"allow":["GET"]}}],"collection":[{"href":"https:\/\/miidaz.com\/index.php?rest_route=\/wp\/v2\/product"}],"about":[{"href":"https:\/\/miidaz.com\/index.php?rest_route=\/wp\/v2\/types\/product"}],"replies":[{"embeddable":true,"href":"https:\/\/miidaz.com\/index.php?rest_route=%2Fwp%2Fv2%2Fcomments&post=2513"}],"version-history":[{"count":1,"href":"https:\/\/miidaz.com\/index.php?rest_route=\/wp\/v2\/product\/2513\/revisions"}],"predecessor-version":[{"id":82407,"href":"https:\/\/miidaz.com\/index.php?rest_route=\/wp\/v2\/product\/2513\/revisions\/82407"}],"wp:featuredmedia":[{"embeddable":true,"href":"https:\/\/miidaz.com\/index.php?rest_route=\/wp\/v2\/media\/44160"}],"wp:attachment":[{"href":"https:\/\/miidaz.com\/index.php?rest_route=%2Fwp%2Fv2%2Fmedia&parent=2513"}],"wp:term":[{"taxonomy":"product_brand","embeddable":true,"href":"https:\/\/miidaz.com\/index.php?rest_route=%2Fwp%2Fv2%2Fproduct_brand&post=2513"},{"taxonomy":"product_cat","embeddable":true,"href":"https:\/\/miidaz.com\/index.php?rest_route=%2Fwp%2Fv2%2Fproduct_cat&post=2513"},{"taxonomy":"product_tag","embeddable":true,"href":"https:\/\/miidaz.com\/index.php?rest_route=%2Fwp%2Fv2%2Fproduct_tag&post=2513"}],"curies":[{"name":"wp","href":"https:\/\/api.w.org\/{rel}","templated":true}]}}