{"id":2516,"date":"2026-03-19T20:59:14","date_gmt":"2026-03-19T20:59:14","guid":{"rendered":"https:\/\/miidaz.com\/product\/mug-bambu-300-ml-10-oz\/"},"modified":"2026-05-08T23:04:00","modified_gmt":"2026-05-08T23:04:00","slug":"mug-bambu-300-ml-10-oz","status":"publish","type":"product","link":"https:\/\/miidaz.com\/?product=mug-bambu-300-ml-10-oz","title":{"rendered":"Mug Bamb\u00fa 300 ml \/ 10 Oz"},"content":{"rendered":"<p>Mug con estructura de acero inoxidable y pared externa en bamb\u00fa natural, que aporta un acabado c\u00e1lido y ecol\u00f3gico. Incluye tapa pl\u00e1stica con cierre corredizo hacia el lado, dise\u00f1ada para facilitar el consumo y prevenir derrames. Adem\u00e1s, cuenta con agarradera lateral en bamb\u00fa, que permite un transporte c\u00f3modo y seguro. Ideal para bebidas calientes en cualquier entorno. Capacidad: 300 ml \/ 10 Oz.<\/p>\n","protected":false},"excerpt":{"rendered":"<p>Mug con estructura de acero inoxidable y pared externa en bamb\u00fa natural, que aporta un acabado c\u00e1lido y ecol\u00f3gico. Incluye tapa pl\u00e1stica con cierre corredizo hacia el lado, dise\u00f1ada para facilitar el consumo y prevenir derrames. Adem\u00e1s, cuenta con agarradera lateral en bamb\u00fa, que permite un transporte c\u00f3modo y seguro. Ideal para bebidas calientes en [&hellip;]<\/p>\n","protected":false},"featured_media":44171,"comment_status":"open","ping_status":"closed","template":"","meta":{"_uag_custom_page_level_css":""},"product_brand":[],"product_cat":[53],"product_tag":[],"class_list":{"0":"post-2516","1":"product","2":"type-product","3":"status-publish","4":"has-post-thumbnail","6":"product_cat-mugs-y-vasos-metalicos","8":"first","9":"instock","10":"shipping-taxable","11":"purchasable","12":"product-type-variable"},"aioseo_notices":[],"uagb_featured_image_src":{"full":["https:\/\/miidaz.com\/wp-content\/uploads\/2026\/03\/BE0371__54346-1.jpg",1000,1000,false],"thumbnail":["https:\/\/miidaz.com\/wp-content\/uploads\/2026\/03\/BE0371__54346-1-150x150.jpg",150,150,true],"medium":["https:\/\/miidaz.com\/wp-content\/uploads\/2026\/03\/BE0371__54346-1-300x300.jpg",300,300,true],"medium_large":["https:\/\/miidaz.com\/wp-content\/uploads\/2026\/03\/BE0371__54346-1-768x768.jpg",768,768,true],"large":["https:\/\/miidaz.com\/wp-content\/uploads\/2026\/03\/BE0371__54346-1.jpg",800,800,false],"1536x1536":["https:\/\/miidaz.com\/wp-content\/uploads\/2026\/03\/BE0371__54346-1.jpg",1000,1000,false],"2048x2048":["https:\/\/miidaz.com\/wp-content\/uploads\/2026\/03\/BE0371__54346-1.jpg",1000,1000,false],"woocommerce_thumbnail":["https:\/\/miidaz.com\/wp-content\/uploads\/2026\/03\/BE0371__54346-1-300x300.jpg",300,300,true],"woocommerce_single":["https:\/\/miidaz.com\/wp-content\/uploads\/2026\/03\/BE0371__54346-1-600x600.jpg",600,600,true],"woocommerce_gallery_thumbnail":["https:\/\/miidaz.com\/wp-content\/uploads\/2026\/03\/BE0371__54346-1-100x100.jpg",100,100,true]},"uagb_author_info":{"display_name":"","author_link":"https:\/\/miidaz.com\/?author=0"},"uagb_comment_info":0,"uagb_excerpt":"Mug con estructura de acero inoxidable y pared externa en bamb\u00fa natural, que aporta un acabado c\u00e1lido y ecol\u00f3gico. Incluye tapa pl\u00e1stica con cierre corredizo hacia el lado, dise\u00f1ada para facilitar el consumo y prevenir derrames. Adem\u00e1s, cuenta con agarradera lateral en bamb\u00fa, que permite un transporte c\u00f3modo y seguro. Ideal para bebidas calientes en&hellip;","_links":{"self":[{"href":"https:\/\/miidaz.com\/index.php?rest_route=\/wp\/v2\/product\/2516","targetHints":{"allow":["GET"]}}],"collection":[{"href":"https:\/\/miidaz.com\/index.php?rest_route=\/wp\/v2\/product"}],"about":[{"href":"https:\/\/miidaz.com\/index.php?rest_route=\/wp\/v2\/types\/product"}],"replies":[{"embeddable":true,"href":"https:\/\/miidaz.com\/index.php?rest_route=%2Fwp%2Fv2%2Fcomments&post=2516"}],"version-history":[{"count":0,"href":"https:\/\/miidaz.com\/index.php?rest_route=\/wp\/v2\/product\/2516\/revisions"}],"wp:featuredmedia":[{"embeddable":true,"href":"https:\/\/miidaz.com\/index.php?rest_route=\/wp\/v2\/media\/44171"}],"wp:attachment":[{"href":"https:\/\/miidaz.com\/index.php?rest_route=%2Fwp%2Fv2%2Fmedia&parent=2516"}],"wp:term":[{"taxonomy":"product_brand","embeddable":true,"href":"https:\/\/miidaz.com\/index.php?rest_route=%2Fwp%2Fv2%2Fproduct_brand&post=2516"},{"taxonomy":"product_cat","embeddable":true,"href":"https:\/\/miidaz.com\/index.php?rest_route=%2Fwp%2Fv2%2Fproduct_cat&post=2516"},{"taxonomy":"product_tag","embeddable":true,"href":"https:\/\/miidaz.com\/index.php?rest_route=%2Fwp%2Fv2%2Fproduct_tag&post=2516"}],"curies":[{"name":"wp","href":"https:\/\/api.w.org\/{rel}","templated":true}]}}