{"id":2532,"date":"2026-03-19T20:59:19","date_gmt":"2026-03-19T20:59:19","guid":{"rendered":"https:\/\/miidaz.com\/product\/vaso-hulk-500-ml-17-oz\/"},"modified":"2026-05-08T23:04:01","modified_gmt":"2026-05-08T23:04:01","slug":"vaso-hulk-500-ml-17-oz","status":"publish","type":"product","link":"https:\/\/miidaz.com\/?product=vaso-hulk-500-ml-17-oz","title":{"rendered":"Vaso Hulk 500 ml \/ 17 Oz"},"content":{"rendered":"<p>Mug fabricado en acero inoxidable con doble pared y aislamiento t\u00e9rmico tipo Vacuum, que ayuda a conservar la temperatura de las bebidas por m\u00e1s tiempo. Mantiene las bebidas fr\u00edas por 8 horas y las bebidas calientes por 4 horas. Cuenta con base antideslizante para mayor estabilidad y tapa de cierre giratorio con sistema de seguridad en la boquilla, que se activa mediante presi\u00f3n, evitando derrames accidentales. Ideal para bebidas calientes en movimiento. Capacidad: 500 ml \/ 17 Oz.<\/p>\n","protected":false},"excerpt":{"rendered":"<p>Mug fabricado en acero inoxidable con doble pared y aislamiento t\u00e9rmico tipo Vacuum, que ayuda a conservar la temperatura de las bebidas por m\u00e1s tiempo. Mantiene las bebidas fr\u00edas por 8 horas y las bebidas calientes por 4 horas. Cuenta con base antideslizante para mayor estabilidad y tapa de cierre giratorio con sistema de seguridad [&hellip;]<\/p>\n","protected":false},"featured_media":44210,"comment_status":"open","ping_status":"closed","template":"","meta":{"_uag_custom_page_level_css":""},"product_brand":[],"product_cat":[53],"product_tag":[],"class_list":{"0":"post-2532","1":"product","2":"type-product","3":"status-publish","4":"has-post-thumbnail","6":"product_cat-mugs-y-vasos-metalicos","8":"first","9":"instock","10":"shipping-taxable","11":"purchasable","12":"product-type-variable"},"aioseo_notices":[],"uagb_featured_image_src":{"full":["https:\/\/miidaz.com\/wp-content\/uploads\/2026\/03\/BE0375-1.jpg",1000,1000,false],"thumbnail":["https:\/\/miidaz.com\/wp-content\/uploads\/2026\/03\/BE0375-1-150x150.jpg",150,150,true],"medium":["https:\/\/miidaz.com\/wp-content\/uploads\/2026\/03\/BE0375-1-300x300.jpg",300,300,true],"medium_large":["https:\/\/miidaz.com\/wp-content\/uploads\/2026\/03\/BE0375-1-768x768.jpg",768,768,true],"large":["https:\/\/miidaz.com\/wp-content\/uploads\/2026\/03\/BE0375-1.jpg",800,800,false],"1536x1536":["https:\/\/miidaz.com\/wp-content\/uploads\/2026\/03\/BE0375-1.jpg",1000,1000,false],"2048x2048":["https:\/\/miidaz.com\/wp-content\/uploads\/2026\/03\/BE0375-1.jpg",1000,1000,false],"woocommerce_thumbnail":["https:\/\/miidaz.com\/wp-content\/uploads\/2026\/03\/BE0375-1-300x300.jpg",300,300,true],"woocommerce_single":["https:\/\/miidaz.com\/wp-content\/uploads\/2026\/03\/BE0375-1-600x600.jpg",600,600,true],"woocommerce_gallery_thumbnail":["https:\/\/miidaz.com\/wp-content\/uploads\/2026\/03\/BE0375-1-100x100.jpg",100,100,true]},"uagb_author_info":{"display_name":"","author_link":"https:\/\/miidaz.com\/?author=0"},"uagb_comment_info":0,"uagb_excerpt":"Mug fabricado en acero inoxidable con doble pared y aislamiento t\u00e9rmico tipo Vacuum, que ayuda a conservar la temperatura de las bebidas por m\u00e1s tiempo. Mantiene las bebidas fr\u00edas por 8 horas y las bebidas calientes por 4 horas. Cuenta con base antideslizante para mayor estabilidad y tapa de cierre giratorio con sistema de seguridad&hellip;","_links":{"self":[{"href":"https:\/\/miidaz.com\/index.php?rest_route=\/wp\/v2\/product\/2532","targetHints":{"allow":["GET"]}}],"collection":[{"href":"https:\/\/miidaz.com\/index.php?rest_route=\/wp\/v2\/product"}],"about":[{"href":"https:\/\/miidaz.com\/index.php?rest_route=\/wp\/v2\/types\/product"}],"replies":[{"embeddable":true,"href":"https:\/\/miidaz.com\/index.php?rest_route=%2Fwp%2Fv2%2Fcomments&post=2532"}],"version-history":[{"count":0,"href":"https:\/\/miidaz.com\/index.php?rest_route=\/wp\/v2\/product\/2532\/revisions"}],"wp:featuredmedia":[{"embeddable":true,"href":"https:\/\/miidaz.com\/index.php?rest_route=\/wp\/v2\/media\/44210"}],"wp:attachment":[{"href":"https:\/\/miidaz.com\/index.php?rest_route=%2Fwp%2Fv2%2Fmedia&parent=2532"}],"wp:term":[{"taxonomy":"product_brand","embeddable":true,"href":"https:\/\/miidaz.com\/index.php?rest_route=%2Fwp%2Fv2%2Fproduct_brand&post=2532"},{"taxonomy":"product_cat","embeddable":true,"href":"https:\/\/miidaz.com\/index.php?rest_route=%2Fwp%2Fv2%2Fproduct_cat&post=2532"},{"taxonomy":"product_tag","embeddable":true,"href":"https:\/\/miidaz.com\/index.php?rest_route=%2Fwp%2Fv2%2Fproduct_tag&post=2532"}],"curies":[{"name":"wp","href":"https:\/\/api.w.org\/{rel}","templated":true}]}}