{"id":2537,"date":"2026-03-19T20:59:20","date_gmt":"2026-03-19T20:59:20","guid":{"rendered":"https:\/\/miidaz.com\/product\/botella-bambu-lennox-500-ml-17-oz\/"},"modified":"2026-05-08T23:04:01","modified_gmt":"2026-05-08T23:04:01","slug":"botella-bambu-lennox-500-ml-17-oz","status":"publish","type":"product","link":"https:\/\/miidaz.com\/?product=botella-bambu-lennox-500-ml-17-oz","title":{"rendered":"Botella Bamb\u00fa Lennox 500 ml \/ 17 Oz"},"content":{"rendered":"<p>Botella fabricada en acero inoxidable, con aplique exterior en bamb\u00fa natural que aporta un dise\u00f1o elegante y ecol\u00f3gico. Equipada con tapa de cierre giratorio, est\u00e1 dise\u00f1ada para mantener la temperatura caliente hasta por 6 horas y fr\u00eda hasta 12 horas. Ideal para bebidas en movimiento, combinando funcionalidad y estilo. Capacidad: 500 ml \/ 17 Oz. <\/p>\n","protected":false},"excerpt":{"rendered":"<p>Botella fabricada en acero inoxidable, con aplique exterior en bamb\u00fa natural que aporta un dise\u00f1o elegante y ecol\u00f3gico. Equipada con tapa de cierre giratorio, est\u00e1 dise\u00f1ada para mantener la temperatura caliente hasta por 6 horas y fr\u00eda hasta 12 horas. Ideal para bebidas en movimiento, combinando funcionalidad y estilo. Capacidad: 500 ml \/ 17 Oz.<\/p>\n","protected":false},"featured_media":44219,"comment_status":"open","ping_status":"closed","template":"","meta":{"_uag_custom_page_level_css":""},"product_brand":[],"product_cat":[58],"product_tag":[],"class_list":{"0":"post-2537","1":"product","2":"type-product","3":"status-publish","4":"has-post-thumbnail","6":"product_cat-botellas-en-acero","8":"first","9":"instock","10":"shipping-taxable","11":"purchasable","12":"product-type-variable"},"aioseo_notices":[],"uagb_featured_image_src":{"full":["https:\/\/miidaz.com\/wp-content\/uploads\/2026\/03\/BE0376-1.jpg",1000,1000,false],"thumbnail":["https:\/\/miidaz.com\/wp-content\/uploads\/2026\/03\/BE0376-1-150x150.jpg",150,150,true],"medium":["https:\/\/miidaz.com\/wp-content\/uploads\/2026\/03\/BE0376-1-300x300.jpg",300,300,true],"medium_large":["https:\/\/miidaz.com\/wp-content\/uploads\/2026\/03\/BE0376-1-768x768.jpg",768,768,true],"large":["https:\/\/miidaz.com\/wp-content\/uploads\/2026\/03\/BE0376-1.jpg",800,800,false],"1536x1536":["https:\/\/miidaz.com\/wp-content\/uploads\/2026\/03\/BE0376-1.jpg",1000,1000,false],"2048x2048":["https:\/\/miidaz.com\/wp-content\/uploads\/2026\/03\/BE0376-1.jpg",1000,1000,false],"woocommerce_thumbnail":["https:\/\/miidaz.com\/wp-content\/uploads\/2026\/03\/BE0376-1-300x300.jpg",300,300,true],"woocommerce_single":["https:\/\/miidaz.com\/wp-content\/uploads\/2026\/03\/BE0376-1-600x600.jpg",600,600,true],"woocommerce_gallery_thumbnail":["https:\/\/miidaz.com\/wp-content\/uploads\/2026\/03\/BE0376-1-100x100.jpg",100,100,true]},"uagb_author_info":{"display_name":"","author_link":"https:\/\/miidaz.com\/?author=0"},"uagb_comment_info":0,"uagb_excerpt":"Botella fabricada en acero inoxidable, con aplique exterior en bamb\u00fa natural que aporta un dise\u00f1o elegante y ecol\u00f3gico. Equipada con tapa de cierre giratorio, est\u00e1 dise\u00f1ada para mantener la temperatura caliente hasta por 6 horas y fr\u00eda hasta 12 horas. Ideal para bebidas en movimiento, combinando funcionalidad y estilo. Capacidad: 500 ml \/ 17 Oz.","_links":{"self":[{"href":"https:\/\/miidaz.com\/index.php?rest_route=\/wp\/v2\/product\/2537","targetHints":{"allow":["GET"]}}],"collection":[{"href":"https:\/\/miidaz.com\/index.php?rest_route=\/wp\/v2\/product"}],"about":[{"href":"https:\/\/miidaz.com\/index.php?rest_route=\/wp\/v2\/types\/product"}],"replies":[{"embeddable":true,"href":"https:\/\/miidaz.com\/index.php?rest_route=%2Fwp%2Fv2%2Fcomments&post=2537"}],"version-history":[{"count":0,"href":"https:\/\/miidaz.com\/index.php?rest_route=\/wp\/v2\/product\/2537\/revisions"}],"wp:featuredmedia":[{"embeddable":true,"href":"https:\/\/miidaz.com\/index.php?rest_route=\/wp\/v2\/media\/44219"}],"wp:attachment":[{"href":"https:\/\/miidaz.com\/index.php?rest_route=%2Fwp%2Fv2%2Fmedia&parent=2537"}],"wp:term":[{"taxonomy":"product_brand","embeddable":true,"href":"https:\/\/miidaz.com\/index.php?rest_route=%2Fwp%2Fv2%2Fproduct_brand&post=2537"},{"taxonomy":"product_cat","embeddable":true,"href":"https:\/\/miidaz.com\/index.php?rest_route=%2Fwp%2Fv2%2Fproduct_cat&post=2537"},{"taxonomy":"product_tag","embeddable":true,"href":"https:\/\/miidaz.com\/index.php?rest_route=%2Fwp%2Fv2%2Fproduct_tag&post=2537"}],"curies":[{"name":"wp","href":"https:\/\/api.w.org\/{rel}","templated":true}]}}