{"id":2651,"date":"2026-03-19T21:01:44","date_gmt":"2026-03-19T21:01:44","guid":{"rendered":"https:\/\/miidaz.com\/product\/botella-acero-inoxidable-clio-500-ml-17-oz\/"},"modified":"2026-05-08T23:04:10","modified_gmt":"2026-05-08T23:04:10","slug":"botella-acero-inoxidable-clio-500-ml-17-oz","status":"publish","type":"product","link":"https:\/\/miidaz.com\/?product=botella-acero-inoxidable-clio-500-ml-17-oz","title":{"rendered":"Botella Acero Inoxidable Clio 500 ml \/ 17 Oz"},"content":{"rendered":"<p>Botella Vacuum de acero inoxidable al vac\u00edo de doble pared, color mate lacado. Tapa de pl\u00e1stico con indicador mec\u00e1nico de temperatura y asa de silicona. Capacidad: 500 ml \/ 17 Oz.<\/p>\n","protected":false},"excerpt":{"rendered":"<p>Botella Vacuum de acero inoxidable al vac\u00edo de doble pared, color mate lacado. Tapa de pl\u00e1stico con indicador mec\u00e1nico de temperatura y asa de silicona. Capacidad: 500 ml \/ 17 Oz.<\/p>\n","protected":false},"featured_media":44436,"comment_status":"open","ping_status":"closed","template":"","meta":{"_uag_custom_page_level_css":""},"product_brand":[],"product_cat":[58],"product_tag":[],"class_list":{"0":"post-2651","1":"product","2":"type-product","3":"status-publish","4":"has-post-thumbnail","6":"product_cat-botellas-en-acero","8":"first","9":"instock","10":"shipping-taxable","11":"purchasable","12":"product-type-variable"},"aioseo_notices":[],"uagb_featured_image_src":{"full":["https:\/\/miidaz.com\/wp-content\/uploads\/2026\/03\/BE0403-1.jpg",1000,1000,false],"thumbnail":["https:\/\/miidaz.com\/wp-content\/uploads\/2026\/03\/BE0403-1-150x150.jpg",150,150,true],"medium":["https:\/\/miidaz.com\/wp-content\/uploads\/2026\/03\/BE0403-1-300x300.jpg",300,300,true],"medium_large":["https:\/\/miidaz.com\/wp-content\/uploads\/2026\/03\/BE0403-1-768x768.jpg",768,768,true],"large":["https:\/\/miidaz.com\/wp-content\/uploads\/2026\/03\/BE0403-1.jpg",800,800,false],"1536x1536":["https:\/\/miidaz.com\/wp-content\/uploads\/2026\/03\/BE0403-1.jpg",1000,1000,false],"2048x2048":["https:\/\/miidaz.com\/wp-content\/uploads\/2026\/03\/BE0403-1.jpg",1000,1000,false],"woocommerce_thumbnail":["https:\/\/miidaz.com\/wp-content\/uploads\/2026\/03\/BE0403-1-300x300.jpg",300,300,true],"woocommerce_single":["https:\/\/miidaz.com\/wp-content\/uploads\/2026\/03\/BE0403-1-600x600.jpg",600,600,true],"woocommerce_gallery_thumbnail":["https:\/\/miidaz.com\/wp-content\/uploads\/2026\/03\/BE0403-1-100x100.jpg",100,100,true]},"uagb_author_info":{"display_name":"","author_link":"https:\/\/miidaz.com\/?author=0"},"uagb_comment_info":0,"uagb_excerpt":"Botella Vacuum de acero inoxidable al vac\u00edo de doble pared, color mate lacado. Tapa de pl\u00e1stico con indicador mec\u00e1nico de temperatura y asa de silicona. Capacidad: 500 ml \/ 17 Oz.","_links":{"self":[{"href":"https:\/\/miidaz.com\/index.php?rest_route=\/wp\/v2\/product\/2651","targetHints":{"allow":["GET"]}}],"collection":[{"href":"https:\/\/miidaz.com\/index.php?rest_route=\/wp\/v2\/product"}],"about":[{"href":"https:\/\/miidaz.com\/index.php?rest_route=\/wp\/v2\/types\/product"}],"replies":[{"embeddable":true,"href":"https:\/\/miidaz.com\/index.php?rest_route=%2Fwp%2Fv2%2Fcomments&post=2651"}],"version-history":[{"count":0,"href":"https:\/\/miidaz.com\/index.php?rest_route=\/wp\/v2\/product\/2651\/revisions"}],"wp:featuredmedia":[{"embeddable":true,"href":"https:\/\/miidaz.com\/index.php?rest_route=\/wp\/v2\/media\/44436"}],"wp:attachment":[{"href":"https:\/\/miidaz.com\/index.php?rest_route=%2Fwp%2Fv2%2Fmedia&parent=2651"}],"wp:term":[{"taxonomy":"product_brand","embeddable":true,"href":"https:\/\/miidaz.com\/index.php?rest_route=%2Fwp%2Fv2%2Fproduct_brand&post=2651"},{"taxonomy":"product_cat","embeddable":true,"href":"https:\/\/miidaz.com\/index.php?rest_route=%2Fwp%2Fv2%2Fproduct_cat&post=2651"},{"taxonomy":"product_tag","embeddable":true,"href":"https:\/\/miidaz.com\/index.php?rest_route=%2Fwp%2Fv2%2Fproduct_tag&post=2651"}],"curies":[{"name":"wp","href":"https:\/\/api.w.org\/{rel}","templated":true}]}}