{"id":2667,"date":"2026-03-19T21:01:49","date_gmt":"2026-03-19T21:01:49","guid":{"rendered":"https:\/\/miidaz.com\/product\/botella-deportiva-summer-850-ml-29-oz\/"},"modified":"2026-05-08T23:04:11","modified_gmt":"2026-05-08T23:04:11","slug":"botella-deportiva-summer-850-ml-29-oz","status":"publish","type":"product","link":"https:\/\/miidaz.com\/?product=botella-deportiva-summer-850-ml-29-oz","title":{"rendered":"Botella Deportiva Summer 850 ml \/ 29 Oz"},"content":{"rendered":"<p>Botella deportiva con tapa de cierre giratorio y boquilla que funciona bajo presi\u00f3n, ideal para mantenerse hidratado durante actividades f\u00edsicas. Su dise\u00f1o incluye textura en el agarre que mejora la sujeci\u00f3n y comodidad al usarla. Pr\u00e1ctica y funcional para llevar al gimnasio, entrenamientos, salidas al aire libre o como carima\u00f1ola en la bicicleta, gracias a su tama\u00f1o y forma compatibles con los portabotellas est\u00e1ndar. Capacidad: 850 ml \/ 29 Oz.<\/p>\n","protected":false},"excerpt":{"rendered":"<p>Botella deportiva con tapa de cierre giratorio y boquilla que funciona bajo presi\u00f3n, ideal para mantenerse hidratado durante actividades f\u00edsicas. Su dise\u00f1o incluye textura en el agarre que mejora la sujeci\u00f3n y comodidad al usarla. Pr\u00e1ctica y funcional para llevar al gimnasio, entrenamientos, salidas al aire libre o como carima\u00f1ola en la bicicleta, gracias a [&hellip;]<\/p>\n","protected":false},"featured_media":44468,"comment_status":"open","ping_status":"closed","template":"","meta":{"_uag_custom_page_level_css":""},"product_brand":[],"product_cat":[54],"product_tag":[114,112],"class_list":{"0":"post-2667","1":"product","2":"type-product","3":"status-publish","4":"has-post-thumbnail","6":"product_cat-botellas-deportivas-plasticas","7":"product_tag-novedades-2026","8":"product_tag-temporada-irresistibles","10":"first","11":"instock","12":"shipping-taxable","13":"purchasable","14":"product-type-variable"},"aioseo_notices":[],"uagb_featured_image_src":{"full":["https:\/\/miidaz.com\/wp-content\/uploads\/2026\/03\/BE0407-1.jpg",1000,1000,false],"thumbnail":["https:\/\/miidaz.com\/wp-content\/uploads\/2026\/03\/BE0407-1-150x150.jpg",150,150,true],"medium":["https:\/\/miidaz.com\/wp-content\/uploads\/2026\/03\/BE0407-1-300x300.jpg",300,300,true],"medium_large":["https:\/\/miidaz.com\/wp-content\/uploads\/2026\/03\/BE0407-1-768x768.jpg",768,768,true],"large":["https:\/\/miidaz.com\/wp-content\/uploads\/2026\/03\/BE0407-1.jpg",800,800,false],"1536x1536":["https:\/\/miidaz.com\/wp-content\/uploads\/2026\/03\/BE0407-1.jpg",1000,1000,false],"2048x2048":["https:\/\/miidaz.com\/wp-content\/uploads\/2026\/03\/BE0407-1.jpg",1000,1000,false],"woocommerce_thumbnail":["https:\/\/miidaz.com\/wp-content\/uploads\/2026\/03\/BE0407-1-300x300.jpg",300,300,true],"woocommerce_single":["https:\/\/miidaz.com\/wp-content\/uploads\/2026\/03\/BE0407-1-600x600.jpg",600,600,true],"woocommerce_gallery_thumbnail":["https:\/\/miidaz.com\/wp-content\/uploads\/2026\/03\/BE0407-1-100x100.jpg",100,100,true]},"uagb_author_info":{"display_name":"","author_link":"https:\/\/miidaz.com\/?author=0"},"uagb_comment_info":0,"uagb_excerpt":"Botella deportiva con tapa de cierre giratorio y boquilla que funciona bajo presi\u00f3n, ideal para mantenerse hidratado durante actividades f\u00edsicas. Su dise\u00f1o incluye textura en el agarre que mejora la sujeci\u00f3n y comodidad al usarla. Pr\u00e1ctica y funcional para llevar al gimnasio, entrenamientos, salidas al aire libre o como carima\u00f1ola en la bicicleta, gracias a&hellip;","_links":{"self":[{"href":"https:\/\/miidaz.com\/index.php?rest_route=\/wp\/v2\/product\/2667","targetHints":{"allow":["GET"]}}],"collection":[{"href":"https:\/\/miidaz.com\/index.php?rest_route=\/wp\/v2\/product"}],"about":[{"href":"https:\/\/miidaz.com\/index.php?rest_route=\/wp\/v2\/types\/product"}],"replies":[{"embeddable":true,"href":"https:\/\/miidaz.com\/index.php?rest_route=%2Fwp%2Fv2%2Fcomments&post=2667"}],"version-history":[{"count":0,"href":"https:\/\/miidaz.com\/index.php?rest_route=\/wp\/v2\/product\/2667\/revisions"}],"wp:featuredmedia":[{"embeddable":true,"href":"https:\/\/miidaz.com\/index.php?rest_route=\/wp\/v2\/media\/44468"}],"wp:attachment":[{"href":"https:\/\/miidaz.com\/index.php?rest_route=%2Fwp%2Fv2%2Fmedia&parent=2667"}],"wp:term":[{"taxonomy":"product_brand","embeddable":true,"href":"https:\/\/miidaz.com\/index.php?rest_route=%2Fwp%2Fv2%2Fproduct_brand&post=2667"},{"taxonomy":"product_cat","embeddable":true,"href":"https:\/\/miidaz.com\/index.php?rest_route=%2Fwp%2Fv2%2Fproduct_cat&post=2667"},{"taxonomy":"product_tag","embeddable":true,"href":"https:\/\/miidaz.com\/index.php?rest_route=%2Fwp%2Fv2%2Fproduct_tag&post=2667"}],"curies":[{"name":"wp","href":"https:\/\/api.w.org\/{rel}","templated":true}]}}