{"id":2746,"date":"2026-03-19T21:02:13","date_gmt":"2026-03-19T21:02:13","guid":{"rendered":"https:\/\/miidaz.com\/product\/vaso-en-acero-astro-350-ml-12-oz\/"},"modified":"2026-05-08T23:04:17","modified_gmt":"2026-05-08T23:04:17","slug":"vaso-en-acero-astro-350-ml-12-oz","status":"publish","type":"product","link":"https:\/\/miidaz.com\/?product=vaso-en-acero-astro-350-ml-12-oz","title":{"rendered":"Vaso en Acero Astro 350 ml \/ 12 Oz"},"content":{"rendered":"<p>Mug t\u00e9rmico con tapa de cierre bajo presi\u00f3n. Interior en acero inoxidable que ayuda a conservar la temperatura de tus bebidas. Dise\u00f1o con asa ergon\u00f3mica y tapa pl\u00e1stica que se ajusta firmemente para evitar derrames. Mantiene las bebidas fr\u00edas por 10 horas y las bebidas calientes por 6 horas, aproximadamente. Capacidad: 350 ml \/ 12 Oz.<\/p>\n","protected":false},"excerpt":{"rendered":"<p>Mug t\u00e9rmico con tapa de cierre bajo presi\u00f3n. Interior en acero inoxidable que ayuda a conservar la temperatura de tus bebidas. Dise\u00f1o con asa ergon\u00f3mica y tapa pl\u00e1stica que se ajusta firmemente para evitar derrames. Mantiene las bebidas fr\u00edas por 10 horas y las bebidas calientes por 6 horas, aproximadamente. Capacidad: 350 ml \/ 12 [&hellip;]<\/p>\n","protected":false},"featured_media":44584,"comment_status":"open","ping_status":"closed","template":"","meta":{"_uag_custom_page_level_css":""},"product_brand":[],"product_cat":[53],"product_tag":[114,112],"class_list":{"0":"post-2746","1":"product","2":"type-product","3":"status-publish","4":"has-post-thumbnail","6":"product_cat-mugs-y-vasos-metalicos","7":"product_tag-novedades-2026","8":"product_tag-temporada-irresistibles","10":"first","11":"outofstock","12":"shipping-taxable","13":"purchasable","14":"product-type-variable"},"aioseo_notices":[],"uagb_featured_image_src":{"full":["https:\/\/miidaz.com\/wp-content\/uploads\/2026\/03\/BE0425-1.jpg",1000,1000,false],"thumbnail":["https:\/\/miidaz.com\/wp-content\/uploads\/2026\/03\/BE0425-1-150x150.jpg",150,150,true],"medium":["https:\/\/miidaz.com\/wp-content\/uploads\/2026\/03\/BE0425-1-300x300.jpg",300,300,true],"medium_large":["https:\/\/miidaz.com\/wp-content\/uploads\/2026\/03\/BE0425-1-768x768.jpg",768,768,true],"large":["https:\/\/miidaz.com\/wp-content\/uploads\/2026\/03\/BE0425-1.jpg",800,800,false],"1536x1536":["https:\/\/miidaz.com\/wp-content\/uploads\/2026\/03\/BE0425-1.jpg",1000,1000,false],"2048x2048":["https:\/\/miidaz.com\/wp-content\/uploads\/2026\/03\/BE0425-1.jpg",1000,1000,false],"woocommerce_thumbnail":["https:\/\/miidaz.com\/wp-content\/uploads\/2026\/03\/BE0425-1-300x300.jpg",300,300,true],"woocommerce_single":["https:\/\/miidaz.com\/wp-content\/uploads\/2026\/03\/BE0425-1-600x600.jpg",600,600,true],"woocommerce_gallery_thumbnail":["https:\/\/miidaz.com\/wp-content\/uploads\/2026\/03\/BE0425-1-100x100.jpg",100,100,true]},"uagb_author_info":{"display_name":"","author_link":"https:\/\/miidaz.com\/?author=0"},"uagb_comment_info":0,"uagb_excerpt":"Mug t\u00e9rmico con tapa de cierre bajo presi\u00f3n. Interior en acero inoxidable que ayuda a conservar la temperatura de tus bebidas. Dise\u00f1o con asa ergon\u00f3mica y tapa pl\u00e1stica que se ajusta firmemente para evitar derrames. Mantiene las bebidas fr\u00edas por 10 horas y las bebidas calientes por 6 horas, aproximadamente. Capacidad: 350 ml \/ 12&hellip;","_links":{"self":[{"href":"https:\/\/miidaz.com\/index.php?rest_route=\/wp\/v2\/product\/2746","targetHints":{"allow":["GET"]}}],"collection":[{"href":"https:\/\/miidaz.com\/index.php?rest_route=\/wp\/v2\/product"}],"about":[{"href":"https:\/\/miidaz.com\/index.php?rest_route=\/wp\/v2\/types\/product"}],"replies":[{"embeddable":true,"href":"https:\/\/miidaz.com\/index.php?rest_route=%2Fwp%2Fv2%2Fcomments&post=2746"}],"version-history":[{"count":1,"href":"https:\/\/miidaz.com\/index.php?rest_route=\/wp\/v2\/product\/2746\/revisions"}],"predecessor-version":[{"id":82541,"href":"https:\/\/miidaz.com\/index.php?rest_route=\/wp\/v2\/product\/2746\/revisions\/82541"}],"wp:featuredmedia":[{"embeddable":true,"href":"https:\/\/miidaz.com\/index.php?rest_route=\/wp\/v2\/media\/44584"}],"wp:attachment":[{"href":"https:\/\/miidaz.com\/index.php?rest_route=%2Fwp%2Fv2%2Fmedia&parent=2746"}],"wp:term":[{"taxonomy":"product_brand","embeddable":true,"href":"https:\/\/miidaz.com\/index.php?rest_route=%2Fwp%2Fv2%2Fproduct_brand&post=2746"},{"taxonomy":"product_cat","embeddable":true,"href":"https:\/\/miidaz.com\/index.php?rest_route=%2Fwp%2Fv2%2Fproduct_cat&post=2746"},{"taxonomy":"product_tag","embeddable":true,"href":"https:\/\/miidaz.com\/index.php?rest_route=%2Fwp%2Fv2%2Fproduct_tag&post=2746"}],"curies":[{"name":"wp","href":"https:\/\/api.w.org\/{rel}","templated":true}]}}