{"id":2762,"date":"2026-03-19T21:02:17","date_gmt":"2026-03-19T21:02:17","guid":{"rendered":"https:\/\/miidaz.com\/product\/vaso-en-acero-jet-200-ml-7-oz\/"},"modified":"2026-05-08T23:04:18","modified_gmt":"2026-05-08T23:04:18","slug":"vaso-en-acero-jet-200-ml-7-oz","status":"publish","type":"product","link":"https:\/\/miidaz.com\/?product=vaso-en-acero-jet-200-ml-7-oz","title":{"rendered":"Vaso en Acero Jet 200 ml \/ 7 Oz"},"content":{"rendered":"<p>Mug con asa tipo gancho carabinero, ideal para actividades al aire libre. Su dise\u00f1o pr\u00e1ctico permite sujetarlo f\u00e1cilmente a mochilas o correas, facilitando su transporte. Funcional y resistente, es perfecto para acompa\u00f1arte en tus aventuras o en el d\u00eda a d\u00eda. Capacidad: 200 ml \/ 7 Oz.<\/p>\n","protected":false},"excerpt":{"rendered":"<p>Mug con asa tipo gancho carabinero, ideal para actividades al aire libre. Su dise\u00f1o pr\u00e1ctico permite sujetarlo f\u00e1cilmente a mochilas o correas, facilitando su transporte. Funcional y resistente, es perfecto para acompa\u00f1arte en tus aventuras o en el d\u00eda a d\u00eda. Capacidad: 200 ml \/ 7 Oz.<\/p>\n","protected":false},"featured_media":44607,"comment_status":"open","ping_status":"closed","template":"","meta":{"_uag_custom_page_level_css":""},"product_brand":[],"product_cat":[53],"product_tag":[114,112],"class_list":{"0":"post-2762","1":"product","2":"type-product","3":"status-publish","4":"has-post-thumbnail","6":"product_cat-mugs-y-vasos-metalicos","7":"product_tag-novedades-2026","8":"product_tag-temporada-irresistibles","10":"first","11":"instock","12":"shipping-taxable","13":"purchasable","14":"product-type-variable"},"aioseo_notices":[],"uagb_featured_image_src":{"full":["https:\/\/miidaz.com\/wp-content\/uploads\/2026\/03\/BE0428-1.jpg",1000,1000,false],"thumbnail":["https:\/\/miidaz.com\/wp-content\/uploads\/2026\/03\/BE0428-1-150x150.jpg",150,150,true],"medium":["https:\/\/miidaz.com\/wp-content\/uploads\/2026\/03\/BE0428-1-300x300.jpg",300,300,true],"medium_large":["https:\/\/miidaz.com\/wp-content\/uploads\/2026\/03\/BE0428-1-768x768.jpg",768,768,true],"large":["https:\/\/miidaz.com\/wp-content\/uploads\/2026\/03\/BE0428-1.jpg",800,800,false],"1536x1536":["https:\/\/miidaz.com\/wp-content\/uploads\/2026\/03\/BE0428-1.jpg",1000,1000,false],"2048x2048":["https:\/\/miidaz.com\/wp-content\/uploads\/2026\/03\/BE0428-1.jpg",1000,1000,false],"woocommerce_thumbnail":["https:\/\/miidaz.com\/wp-content\/uploads\/2026\/03\/BE0428-1-300x300.jpg",300,300,true],"woocommerce_single":["https:\/\/miidaz.com\/wp-content\/uploads\/2026\/03\/BE0428-1-600x600.jpg",600,600,true],"woocommerce_gallery_thumbnail":["https:\/\/miidaz.com\/wp-content\/uploads\/2026\/03\/BE0428-1-100x100.jpg",100,100,true]},"uagb_author_info":{"display_name":"","author_link":"https:\/\/miidaz.com\/?author=0"},"uagb_comment_info":0,"uagb_excerpt":"Mug con asa tipo gancho carabinero, ideal para actividades al aire libre. Su dise\u00f1o pr\u00e1ctico permite sujetarlo f\u00e1cilmente a mochilas o correas, facilitando su transporte. Funcional y resistente, es perfecto para acompa\u00f1arte en tus aventuras o en el d\u00eda a d\u00eda. Capacidad: 200 ml \/ 7 Oz.","_links":{"self":[{"href":"https:\/\/miidaz.com\/index.php?rest_route=\/wp\/v2\/product\/2762","targetHints":{"allow":["GET"]}}],"collection":[{"href":"https:\/\/miidaz.com\/index.php?rest_route=\/wp\/v2\/product"}],"about":[{"href":"https:\/\/miidaz.com\/index.php?rest_route=\/wp\/v2\/types\/product"}],"replies":[{"embeddable":true,"href":"https:\/\/miidaz.com\/index.php?rest_route=%2Fwp%2Fv2%2Fcomments&post=2762"}],"version-history":[{"count":0,"href":"https:\/\/miidaz.com\/index.php?rest_route=\/wp\/v2\/product\/2762\/revisions"}],"wp:featuredmedia":[{"embeddable":true,"href":"https:\/\/miidaz.com\/index.php?rest_route=\/wp\/v2\/media\/44607"}],"wp:attachment":[{"href":"https:\/\/miidaz.com\/index.php?rest_route=%2Fwp%2Fv2%2Fmedia&parent=2762"}],"wp:term":[{"taxonomy":"product_brand","embeddable":true,"href":"https:\/\/miidaz.com\/index.php?rest_route=%2Fwp%2Fv2%2Fproduct_brand&post=2762"},{"taxonomy":"product_cat","embeddable":true,"href":"https:\/\/miidaz.com\/index.php?rest_route=%2Fwp%2Fv2%2Fproduct_cat&post=2762"},{"taxonomy":"product_tag","embeddable":true,"href":"https:\/\/miidaz.com\/index.php?rest_route=%2Fwp%2Fv2%2Fproduct_tag&post=2762"}],"curies":[{"name":"wp","href":"https:\/\/api.w.org\/{rel}","templated":true}]}}