{"id":2775,"date":"2026-03-19T21:02:23","date_gmt":"2026-03-19T21:02:23","guid":{"rendered":"https:\/\/miidaz.com\/product\/vaso-plastico-buck-450-ml-15-oz\/"},"modified":"2026-05-08T23:04:21","modified_gmt":"2026-05-08T23:04:21","slug":"vaso-plastico-buck-450-ml-15-oz","status":"publish","type":"product","link":"https:\/\/miidaz.com\/?product=vaso-plastico-buck-450-ml-15-oz","title":{"rendered":"Vaso Plastico Buck 450 ml \/ 15 Oz"},"content":{"rendered":"<p>Contenedor pl\u00e1stico con tapa y compartimiento superior de cierre giratorio. Dise\u00f1ado para ofrecer practicidad y organizaci\u00f3n, cuenta con una cuchara integrada (2,1 X 13,2) que facilita el consumo directo. Su sistema de cierre giratorio asegura un almacenamiento herm\u00e9tico, ideal para transportar alimentos secos o snacks de forma segura. Capacidad: 450 ml \/ 15 Oz.<\/p>\n","protected":false},"excerpt":{"rendered":"<p>Contenedor pl\u00e1stico con tapa y compartimiento superior de cierre giratorio. Dise\u00f1ado para ofrecer practicidad y organizaci\u00f3n, cuenta con una cuchara integrada (2,1 X 13,2) que facilita el consumo directo. Su sistema de cierre giratorio asegura un almacenamiento herm\u00e9tico, ideal para transportar alimentos secos o snacks de forma segura. Capacidad: 450 ml \/ 15 Oz.<\/p>\n","protected":false},"featured_media":44626,"comment_status":"open","ping_status":"closed","template":"","meta":{"_uag_custom_page_level_css":""},"product_brand":[],"product_cat":[57],"product_tag":[114,112],"class_list":{"0":"post-2775","1":"product","2":"type-product","3":"status-publish","4":"has-post-thumbnail","6":"product_cat-vasos-plasticos-y-ecologicos","7":"product_tag-novedades-2026","8":"product_tag-temporada-irresistibles","10":"first","11":"instock","12":"shipping-taxable","13":"purchasable","14":"product-type-variable"},"aioseo_notices":[],"uagb_featured_image_src":{"full":["https:\/\/miidaz.com\/wp-content\/uploads\/2026\/03\/BE0433-1.jpg",1000,1000,false],"thumbnail":["https:\/\/miidaz.com\/wp-content\/uploads\/2026\/03\/BE0433-1-150x150.jpg",150,150,true],"medium":["https:\/\/miidaz.com\/wp-content\/uploads\/2026\/03\/BE0433-1-300x300.jpg",300,300,true],"medium_large":["https:\/\/miidaz.com\/wp-content\/uploads\/2026\/03\/BE0433-1-768x768.jpg",768,768,true],"large":["https:\/\/miidaz.com\/wp-content\/uploads\/2026\/03\/BE0433-1.jpg",800,800,false],"1536x1536":["https:\/\/miidaz.com\/wp-content\/uploads\/2026\/03\/BE0433-1.jpg",1000,1000,false],"2048x2048":["https:\/\/miidaz.com\/wp-content\/uploads\/2026\/03\/BE0433-1.jpg",1000,1000,false],"woocommerce_thumbnail":["https:\/\/miidaz.com\/wp-content\/uploads\/2026\/03\/BE0433-1-300x300.jpg",300,300,true],"woocommerce_single":["https:\/\/miidaz.com\/wp-content\/uploads\/2026\/03\/BE0433-1-600x600.jpg",600,600,true],"woocommerce_gallery_thumbnail":["https:\/\/miidaz.com\/wp-content\/uploads\/2026\/03\/BE0433-1-100x100.jpg",100,100,true]},"uagb_author_info":{"display_name":"","author_link":"https:\/\/miidaz.com\/?author=0"},"uagb_comment_info":0,"uagb_excerpt":"Contenedor pl\u00e1stico con tapa y compartimiento superior de cierre giratorio. Dise\u00f1ado para ofrecer practicidad y organizaci\u00f3n, cuenta con una cuchara integrada (2,1 X 13,2) que facilita el consumo directo. Su sistema de cierre giratorio asegura un almacenamiento herm\u00e9tico, ideal para transportar alimentos secos o snacks de forma segura. Capacidad: 450 ml \/ 15 Oz.","_links":{"self":[{"href":"https:\/\/miidaz.com\/index.php?rest_route=\/wp\/v2\/product\/2775","targetHints":{"allow":["GET"]}}],"collection":[{"href":"https:\/\/miidaz.com\/index.php?rest_route=\/wp\/v2\/product"}],"about":[{"href":"https:\/\/miidaz.com\/index.php?rest_route=\/wp\/v2\/types\/product"}],"replies":[{"embeddable":true,"href":"https:\/\/miidaz.com\/index.php?rest_route=%2Fwp%2Fv2%2Fcomments&post=2775"}],"version-history":[{"count":0,"href":"https:\/\/miidaz.com\/index.php?rest_route=\/wp\/v2\/product\/2775\/revisions"}],"wp:featuredmedia":[{"embeddable":true,"href":"https:\/\/miidaz.com\/index.php?rest_route=\/wp\/v2\/media\/44626"}],"wp:attachment":[{"href":"https:\/\/miidaz.com\/index.php?rest_route=%2Fwp%2Fv2%2Fmedia&parent=2775"}],"wp:term":[{"taxonomy":"product_brand","embeddable":true,"href":"https:\/\/miidaz.com\/index.php?rest_route=%2Fwp%2Fv2%2Fproduct_brand&post=2775"},{"taxonomy":"product_cat","embeddable":true,"href":"https:\/\/miidaz.com\/index.php?rest_route=%2Fwp%2Fv2%2Fproduct_cat&post=2775"},{"taxonomy":"product_tag","embeddable":true,"href":"https:\/\/miidaz.com\/index.php?rest_route=%2Fwp%2Fv2%2Fproduct_tag&post=2775"}],"curies":[{"name":"wp","href":"https:\/\/api.w.org\/{rel}","templated":true}]}}