{"id":2812,"date":"2026-03-19T21:02:33","date_gmt":"2026-03-19T21:02:33","guid":{"rendered":"https:\/\/miidaz.com\/product\/botella-valquiria-500-ml-17-oz-2\/"},"modified":"2026-04-09T11:14:41","modified_gmt":"2026-04-09T11:14:41","slug":"botella-valquiria-500-ml-17-oz-2","status":"publish","type":"product","link":"https:\/\/miidaz.com\/?product=botella-valquiria-500-ml-17-oz-2","title":{"rendered":"Botella Valquiria 500 ml \/ 17 Oz"},"content":{"rendered":"<p>Botella fabricada en acero inoxidable, equipada con tapa de cierre giratorio y gancho carabinero que facilita su transporte. Cuenta con base antideslizante que proporciona mayor estabilidad en superficies lisas. Su dise\u00f1o resistente y funcional la hace ideal para uso diario en movimiento. Gracias a su tecnolog\u00eda de aislamiento, puede mantener bebidas fr\u00edas o calientes por aproximadamente 8 horas. Capacidad: 500 ml \/ 17 Oz<\/p>\n","protected":false},"excerpt":{"rendered":"<p>Botella fabricada en acero inoxidable, equipada con tapa de cierre giratorio y gancho carabinero que facilita su transporte. Cuenta con base antideslizante que proporciona mayor estabilidad en superficies lisas. Su dise\u00f1o resistente y funcional la hace ideal para uso diario en movimiento. Gracias a su tecnolog\u00eda de aislamiento, puede mantener bebidas fr\u00edas o calientes por [&hellip;]<\/p>\n","protected":false},"featured_media":44666,"comment_status":"open","ping_status":"closed","template":"","meta":{"_uag_custom_page_level_css":""},"product_brand":[],"product_cat":[58],"product_tag":[116],"class_list":{"0":"post-2812","1":"product","2":"type-product","3":"status-publish","4":"has-post-thumbnail","6":"product_cat-botellas-en-acero","7":"product_tag-netos","9":"first","10":"outofstock","11":"shipping-taxable","12":"purchasable","13":"product-type-variable"},"aioseo_notices":[],"uagb_featured_image_src":{"full":["https:\/\/miidaz.com\/wp-content\/uploads\/2026\/03\/BE9377-1.jpg",1000,1000,false],"thumbnail":["https:\/\/miidaz.com\/wp-content\/uploads\/2026\/03\/BE9377-1-150x150.jpg",150,150,true],"medium":["https:\/\/miidaz.com\/wp-content\/uploads\/2026\/03\/BE9377-1-300x300.jpg",300,300,true],"medium_large":["https:\/\/miidaz.com\/wp-content\/uploads\/2026\/03\/BE9377-1-768x768.jpg",768,768,true],"large":["https:\/\/miidaz.com\/wp-content\/uploads\/2026\/03\/BE9377-1.jpg",800,800,false],"1536x1536":["https:\/\/miidaz.com\/wp-content\/uploads\/2026\/03\/BE9377-1.jpg",1000,1000,false],"2048x2048":["https:\/\/miidaz.com\/wp-content\/uploads\/2026\/03\/BE9377-1.jpg",1000,1000,false],"woocommerce_thumbnail":["https:\/\/miidaz.com\/wp-content\/uploads\/2026\/03\/BE9377-1-300x300.jpg",300,300,true],"woocommerce_single":["https:\/\/miidaz.com\/wp-content\/uploads\/2026\/03\/BE9377-1-600x600.jpg",600,600,true],"woocommerce_gallery_thumbnail":["https:\/\/miidaz.com\/wp-content\/uploads\/2026\/03\/BE9377-1-100x100.jpg",100,100,true]},"uagb_author_info":{"display_name":"","author_link":"https:\/\/miidaz.com\/?author=0"},"uagb_comment_info":0,"uagb_excerpt":"Botella fabricada en acero inoxidable, equipada con tapa de cierre giratorio y gancho carabinero que facilita su transporte. Cuenta con base antideslizante que proporciona mayor estabilidad en superficies lisas. Su dise\u00f1o resistente y funcional la hace ideal para uso diario en movimiento. Gracias a su tecnolog\u00eda de aislamiento, puede mantener bebidas fr\u00edas o calientes por&hellip;","_links":{"self":[{"href":"https:\/\/miidaz.com\/index.php?rest_route=\/wp\/v2\/product\/2812","targetHints":{"allow":["GET"]}}],"collection":[{"href":"https:\/\/miidaz.com\/index.php?rest_route=\/wp\/v2\/product"}],"about":[{"href":"https:\/\/miidaz.com\/index.php?rest_route=\/wp\/v2\/types\/product"}],"replies":[{"embeddable":true,"href":"https:\/\/miidaz.com\/index.php?rest_route=%2Fwp%2Fv2%2Fcomments&post=2812"}],"version-history":[{"count":0,"href":"https:\/\/miidaz.com\/index.php?rest_route=\/wp\/v2\/product\/2812\/revisions"}],"wp:featuredmedia":[{"embeddable":true,"href":"https:\/\/miidaz.com\/index.php?rest_route=\/wp\/v2\/media\/44666"}],"wp:attachment":[{"href":"https:\/\/miidaz.com\/index.php?rest_route=%2Fwp%2Fv2%2Fmedia&parent=2812"}],"wp:term":[{"taxonomy":"product_brand","embeddable":true,"href":"https:\/\/miidaz.com\/index.php?rest_route=%2Fwp%2Fv2%2Fproduct_brand&post=2812"},{"taxonomy":"product_cat","embeddable":true,"href":"https:\/\/miidaz.com\/index.php?rest_route=%2Fwp%2Fv2%2Fproduct_cat&post=2812"},{"taxonomy":"product_tag","embeddable":true,"href":"https:\/\/miidaz.com\/index.php?rest_route=%2Fwp%2Fv2%2Fproduct_tag&post=2812"}],"curies":[{"name":"wp","href":"https:\/\/api.w.org\/{rel}","templated":true}]}}