{"id":2815,"date":"2026-03-19T21:02:34","date_gmt":"2026-03-19T21:02:34","guid":{"rendered":"https:\/\/miidaz.com\/product\/termo-en-acero-shadow-430-ml-14-oz-2\/"},"modified":"2026-05-08T23:04:22","modified_gmt":"2026-05-08T23:04:22","slug":"termo-en-acero-shadow-430-ml-14-oz-2","status":"publish","type":"product","link":"https:\/\/miidaz.com\/?product=termo-en-acero-shadow-430-ml-14-oz-2","title":{"rendered":"Termo en Acero Shadow 430 ml \/ 14 Oz"},"content":{"rendered":"<p>Termo Vacuum de acero inoxidable con doble pared, dise\u00f1ado para conservar la temperatura de tus bebidas por m\u00e1s tiempo. Su estilo moderno se complementa con un cierre giratorio seguro, una base de corcho natural que protege las superficies y evita deslizamientos, y un filtro interno ideal para preparar infusiones o bebidas con ingredientes naturales. Una opci\u00f3n funcional y elegante para el d\u00eda a d\u00eda. Capacidad: 430 ml \/ 14 Oz.<\/p>\n","protected":false},"excerpt":{"rendered":"<p>Termo Vacuum de acero inoxidable con doble pared, dise\u00f1ado para conservar la temperatura de tus bebidas por m\u00e1s tiempo. Su estilo moderno se complementa con un cierre giratorio seguro, una base de corcho natural que protege las superficies y evita deslizamientos, y un filtro interno ideal para preparar infusiones o bebidas con ingredientes naturales. Una [&hellip;]<\/p>\n","protected":false},"featured_media":44667,"comment_status":"open","ping_status":"closed","template":"","meta":{"_uag_custom_page_level_css":""},"product_brand":[],"product_cat":[56],"product_tag":[116],"class_list":{"0":"post-2815","1":"product","2":"type-product","3":"status-publish","4":"has-post-thumbnail","6":"product_cat-termos","7":"product_tag-netos","9":"first","10":"outofstock","11":"shipping-taxable","12":"purchasable","13":"product-type-variable"},"aioseo_notices":[],"uagb_featured_image_src":{"full":["https:\/\/miidaz.com\/wp-content\/uploads\/2026\/03\/BE9379-1.jpg",1000,1000,false],"thumbnail":["https:\/\/miidaz.com\/wp-content\/uploads\/2026\/03\/BE9379-1-150x150.jpg",150,150,true],"medium":["https:\/\/miidaz.com\/wp-content\/uploads\/2026\/03\/BE9379-1-300x300.jpg",300,300,true],"medium_large":["https:\/\/miidaz.com\/wp-content\/uploads\/2026\/03\/BE9379-1-768x768.jpg",768,768,true],"large":["https:\/\/miidaz.com\/wp-content\/uploads\/2026\/03\/BE9379-1.jpg",800,800,false],"1536x1536":["https:\/\/miidaz.com\/wp-content\/uploads\/2026\/03\/BE9379-1.jpg",1000,1000,false],"2048x2048":["https:\/\/miidaz.com\/wp-content\/uploads\/2026\/03\/BE9379-1.jpg",1000,1000,false],"woocommerce_thumbnail":["https:\/\/miidaz.com\/wp-content\/uploads\/2026\/03\/BE9379-1-300x300.jpg",300,300,true],"woocommerce_single":["https:\/\/miidaz.com\/wp-content\/uploads\/2026\/03\/BE9379-1-600x600.jpg",600,600,true],"woocommerce_gallery_thumbnail":["https:\/\/miidaz.com\/wp-content\/uploads\/2026\/03\/BE9379-1-100x100.jpg",100,100,true]},"uagb_author_info":{"display_name":"","author_link":"https:\/\/miidaz.com\/?author=0"},"uagb_comment_info":0,"uagb_excerpt":"Termo Vacuum de acero inoxidable con doble pared, dise\u00f1ado para conservar la temperatura de tus bebidas por m\u00e1s tiempo. Su estilo moderno se complementa con un cierre giratorio seguro, una base de corcho natural que protege las superficies y evita deslizamientos, y un filtro interno ideal para preparar infusiones o bebidas con ingredientes naturales. Una&hellip;","_links":{"self":[{"href":"https:\/\/miidaz.com\/index.php?rest_route=\/wp\/v2\/product\/2815","targetHints":{"allow":["GET"]}}],"collection":[{"href":"https:\/\/miidaz.com\/index.php?rest_route=\/wp\/v2\/product"}],"about":[{"href":"https:\/\/miidaz.com\/index.php?rest_route=\/wp\/v2\/types\/product"}],"replies":[{"embeddable":true,"href":"https:\/\/miidaz.com\/index.php?rest_route=%2Fwp%2Fv2%2Fcomments&post=2815"}],"version-history":[{"count":0,"href":"https:\/\/miidaz.com\/index.php?rest_route=\/wp\/v2\/product\/2815\/revisions"}],"wp:featuredmedia":[{"embeddable":true,"href":"https:\/\/miidaz.com\/index.php?rest_route=\/wp\/v2\/media\/44667"}],"wp:attachment":[{"href":"https:\/\/miidaz.com\/index.php?rest_route=%2Fwp%2Fv2%2Fmedia&parent=2815"}],"wp:term":[{"taxonomy":"product_brand","embeddable":true,"href":"https:\/\/miidaz.com\/index.php?rest_route=%2Fwp%2Fv2%2Fproduct_brand&post=2815"},{"taxonomy":"product_cat","embeddable":true,"href":"https:\/\/miidaz.com\/index.php?rest_route=%2Fwp%2Fv2%2Fproduct_cat&post=2815"},{"taxonomy":"product_tag","embeddable":true,"href":"https:\/\/miidaz.com\/index.php?rest_route=%2Fwp%2Fv2%2Fproduct_tag&post=2815"}],"curies":[{"name":"wp","href":"https:\/\/api.w.org\/{rel}","templated":true}]}}