{"id":2997,"date":"2026-03-19T21:03:09","date_gmt":"2026-03-19T21:03:09","guid":{"rendered":"https:\/\/miidaz.com\/product\/morral-jonas-25-lts\/"},"modified":"2026-05-08T23:04:36","modified_gmt":"2026-05-08T23:04:36","slug":"morral-jonas-25-lts","status":"publish","type":"product","link":"https:\/\/miidaz.com\/?product=morral-jonas-25-lts","title":{"rendered":"Morral Jonas 25 Lts."},"content":{"rendered":"<p>Este morral es el compa\u00f1ero ideal para el d\u00eda a d\u00eda, combinando funcionalidad y estilo. Cuenta con cargaderas ajustables que brindan comodidad personalizada, adem\u00e1s de un bolsillo principal, acompa\u00f1ado por compartimientos medio y frontal con cierre en cremallera, perfectos para organizar tus objetos personales.<br \/>\nSus bolsillos laterales en malla permiten llevar botellas o accesorios de f\u00e1cil acceso, mientras que los seguros laterales ofrecen mayor estabilidad y seguridad durante el transporte. Ideal para uso urbano, escolar o actividades al aire libre. Volumen aproximado: 25 litros.<\/p>\n","protected":false},"excerpt":{"rendered":"<p>Este morral es el compa\u00f1ero ideal para el d\u00eda a d\u00eda, combinando funcionalidad y estilo. Cuenta con cargaderas ajustables que brindan comodidad personalizada, adem\u00e1s de un bolsillo principal, acompa\u00f1ado por compartimientos medio y frontal con cierre en cremallera, perfectos para organizar tus objetos personales. Sus bolsillos laterales en malla permiten llevar botellas o accesorios de [&hellip;]<\/p>\n","protected":false},"featured_media":53601,"comment_status":"open","ping_status":"closed","template":"","meta":{"_uag_custom_page_level_css":""},"product_brand":[],"product_cat":[61],"product_tag":[],"class_list":{"0":"post-2997","1":"product","2":"type-product","3":"status-publish","4":"has-post-thumbnail","6":"product_cat-morrales","8":"first","9":"outofstock","10":"shipping-taxable","11":"purchasable","12":"product-type-variable"},"aioseo_notices":[],"uagb_featured_image_src":{"full":["https:\/\/miidaz.com\/wp-content\/uploads\/2026\/03\/BO0240-1.jpg",1000,1000,false],"thumbnail":["https:\/\/miidaz.com\/wp-content\/uploads\/2026\/03\/BO0240-1-150x150.jpg",150,150,true],"medium":["https:\/\/miidaz.com\/wp-content\/uploads\/2026\/03\/BO0240-1-300x300.jpg",300,300,true],"medium_large":["https:\/\/miidaz.com\/wp-content\/uploads\/2026\/03\/BO0240-1-768x768.jpg",768,768,true],"large":["https:\/\/miidaz.com\/wp-content\/uploads\/2026\/03\/BO0240-1.jpg",800,800,false],"1536x1536":["https:\/\/miidaz.com\/wp-content\/uploads\/2026\/03\/BO0240-1.jpg",1000,1000,false],"2048x2048":["https:\/\/miidaz.com\/wp-content\/uploads\/2026\/03\/BO0240-1.jpg",1000,1000,false],"woocommerce_thumbnail":["https:\/\/miidaz.com\/wp-content\/uploads\/2026\/03\/BO0240-1-300x300.jpg",300,300,true],"woocommerce_single":["https:\/\/miidaz.com\/wp-content\/uploads\/2026\/03\/BO0240-1-600x600.jpg",600,600,true],"woocommerce_gallery_thumbnail":["https:\/\/miidaz.com\/wp-content\/uploads\/2026\/03\/BO0240-1-100x100.jpg",100,100,true]},"uagb_author_info":{"display_name":"","author_link":"https:\/\/miidaz.com\/?author=0"},"uagb_comment_info":0,"uagb_excerpt":"Este morral es el compa\u00f1ero ideal para el d\u00eda a d\u00eda, combinando funcionalidad y estilo. Cuenta con cargaderas ajustables que brindan comodidad personalizada, adem\u00e1s de un bolsillo principal, acompa\u00f1ado por compartimientos medio y frontal con cierre en cremallera, perfectos para organizar tus objetos personales. Sus bolsillos laterales en malla permiten llevar botellas o accesorios de&hellip;","_links":{"self":[{"href":"https:\/\/miidaz.com\/index.php?rest_route=\/wp\/v2\/product\/2997","targetHints":{"allow":["GET"]}}],"collection":[{"href":"https:\/\/miidaz.com\/index.php?rest_route=\/wp\/v2\/product"}],"about":[{"href":"https:\/\/miidaz.com\/index.php?rest_route=\/wp\/v2\/types\/product"}],"replies":[{"embeddable":true,"href":"https:\/\/miidaz.com\/index.php?rest_route=%2Fwp%2Fv2%2Fcomments&post=2997"}],"version-history":[{"count":0,"href":"https:\/\/miidaz.com\/index.php?rest_route=\/wp\/v2\/product\/2997\/revisions"}],"wp:featuredmedia":[{"embeddable":true,"href":"https:\/\/miidaz.com\/index.php?rest_route=\/wp\/v2\/media\/53601"}],"wp:attachment":[{"href":"https:\/\/miidaz.com\/index.php?rest_route=%2Fwp%2Fv2%2Fmedia&parent=2997"}],"wp:term":[{"taxonomy":"product_brand","embeddable":true,"href":"https:\/\/miidaz.com\/index.php?rest_route=%2Fwp%2Fv2%2Fproduct_brand&post=2997"},{"taxonomy":"product_cat","embeddable":true,"href":"https:\/\/miidaz.com\/index.php?rest_route=%2Fwp%2Fv2%2Fproduct_cat&post=2997"},{"taxonomy":"product_tag","embeddable":true,"href":"https:\/\/miidaz.com\/index.php?rest_route=%2Fwp%2Fv2%2Fproduct_tag&post=2997"}],"curies":[{"name":"wp","href":"https:\/\/api.w.org\/{rel}","templated":true}]}}