{"id":3074,"date":"2026-03-19T21:03:33","date_gmt":"2026-03-19T21:03:33","guid":{"rendered":"https:\/\/miidaz.com\/product\/morral-para-portatil-adolfo-14-lts\/"},"modified":"2026-05-08T23:04:41","modified_gmt":"2026-05-08T23:04:41","slug":"morral-para-portatil-adolfo-14-lts","status":"publish","type":"product","link":"https:\/\/miidaz.com\/?product=morral-para-portatil-adolfo-14-lts","title":{"rendered":"Morral Para Port\u00e1til Adolfo 14 Lts."},"content":{"rendered":"<p>Morral con agarradera en Aluminio y cargaderas ajustables, un compartimento con velcro para port\u00e1til de hasta de 14\u201d y el otro con bolsillo interior para bol\u00edgrafo y libreta. Doble Bolsillo frontal con cierre de cremallera. Incluye placa met\u00e1lica para marcar l\u00e1ser. Volumen aproximado: 14 litros.<\/p>\n","protected":false},"excerpt":{"rendered":"<p>Morral con agarradera en Aluminio y cargaderas ajustables, un compartimento con velcro para port\u00e1til de hasta de 14\u201d y el otro con bolsillo interior para bol\u00edgrafo y libreta. Doble Bolsillo frontal con cierre de cremallera. Incluye placa met\u00e1lica para marcar l\u00e1ser. Volumen aproximado: 14 litros.<\/p>\n","protected":false},"featured_media":53808,"comment_status":"open","ping_status":"closed","template":"","meta":{"_uag_custom_page_level_css":""},"product_brand":[],"product_cat":[61],"product_tag":[],"class_list":{"0":"post-3074","1":"product","2":"type-product","3":"status-publish","4":"has-post-thumbnail","6":"product_cat-morrales","8":"first","9":"instock","10":"shipping-taxable","11":"purchasable","12":"product-type-variable"},"aioseo_notices":[],"uagb_featured_image_src":{"full":["https:\/\/miidaz.com\/wp-content\/uploads\/2026\/03\/BO0312-1.jpg",1000,1000,false],"thumbnail":["https:\/\/miidaz.com\/wp-content\/uploads\/2026\/03\/BO0312-1-150x150.jpg",150,150,true],"medium":["https:\/\/miidaz.com\/wp-content\/uploads\/2026\/03\/BO0312-1-300x300.jpg",300,300,true],"medium_large":["https:\/\/miidaz.com\/wp-content\/uploads\/2026\/03\/BO0312-1-768x768.jpg",768,768,true],"large":["https:\/\/miidaz.com\/wp-content\/uploads\/2026\/03\/BO0312-1.jpg",800,800,false],"1536x1536":["https:\/\/miidaz.com\/wp-content\/uploads\/2026\/03\/BO0312-1.jpg",1000,1000,false],"2048x2048":["https:\/\/miidaz.com\/wp-content\/uploads\/2026\/03\/BO0312-1.jpg",1000,1000,false],"woocommerce_thumbnail":["https:\/\/miidaz.com\/wp-content\/uploads\/2026\/03\/BO0312-1-300x300.jpg",300,300,true],"woocommerce_single":["https:\/\/miidaz.com\/wp-content\/uploads\/2026\/03\/BO0312-1-600x600.jpg",600,600,true],"woocommerce_gallery_thumbnail":["https:\/\/miidaz.com\/wp-content\/uploads\/2026\/03\/BO0312-1-100x100.jpg",100,100,true]},"uagb_author_info":{"display_name":"","author_link":"https:\/\/miidaz.com\/?author=0"},"uagb_comment_info":0,"uagb_excerpt":"Morral con agarradera en Aluminio y cargaderas ajustables, un compartimento con velcro para port\u00e1til de hasta de 14\u201d y el otro con bolsillo interior para bol\u00edgrafo y libreta. Doble Bolsillo frontal con cierre de cremallera. Incluye placa met\u00e1lica para marcar l\u00e1ser. Volumen aproximado: 14 litros.","_links":{"self":[{"href":"https:\/\/miidaz.com\/index.php?rest_route=\/wp\/v2\/product\/3074","targetHints":{"allow":["GET"]}}],"collection":[{"href":"https:\/\/miidaz.com\/index.php?rest_route=\/wp\/v2\/product"}],"about":[{"href":"https:\/\/miidaz.com\/index.php?rest_route=\/wp\/v2\/types\/product"}],"replies":[{"embeddable":true,"href":"https:\/\/miidaz.com\/index.php?rest_route=%2Fwp%2Fv2%2Fcomments&post=3074"}],"version-history":[{"count":0,"href":"https:\/\/miidaz.com\/index.php?rest_route=\/wp\/v2\/product\/3074\/revisions"}],"wp:featuredmedia":[{"embeddable":true,"href":"https:\/\/miidaz.com\/index.php?rest_route=\/wp\/v2\/media\/53808"}],"wp:attachment":[{"href":"https:\/\/miidaz.com\/index.php?rest_route=%2Fwp%2Fv2%2Fmedia&parent=3074"}],"wp:term":[{"taxonomy":"product_brand","embeddable":true,"href":"https:\/\/miidaz.com\/index.php?rest_route=%2Fwp%2Fv2%2Fproduct_brand&post=3074"},{"taxonomy":"product_cat","embeddable":true,"href":"https:\/\/miidaz.com\/index.php?rest_route=%2Fwp%2Fv2%2Fproduct_cat&post=3074"},{"taxonomy":"product_tag","embeddable":true,"href":"https:\/\/miidaz.com\/index.php?rest_route=%2Fwp%2Fv2%2Fproduct_tag&post=3074"}],"curies":[{"name":"wp","href":"https:\/\/api.w.org\/{rel}","templated":true}]}}