{"id":3170,"date":"2026-03-19T21:04:05","date_gmt":"2026-03-19T21:04:05","guid":{"rendered":"https:\/\/miidaz.com\/product\/maleta-giancarlo-23-lts\/"},"modified":"2026-05-08T23:04:47","modified_gmt":"2026-05-08T23:04:47","slug":"maleta-giancarlo-23-lts","status":"publish","type":"product","link":"https:\/\/miidaz.com\/?product=maleta-giancarlo-23-lts","title":{"rendered":"Maleta Giancarlo 23 Lts."},"content":{"rendered":"<p>Morral para laptop con espaldar ergon\u00f3mico y cargaderas ajustables y acolchadas. Cuenta con un bolsillo frontal, dos bolsillos medianos con compartimentos especiales en el interior y un bolsillo principal con un compartimento para dispositivos port\u00e1tiles de 15&#8243;. Adem\u00e1s, tiene dos bolsillos laterales de malla. Incluye una placa met\u00e1lica para marca l\u00e1ser. Volumen aproximado: 23 litros.<\/p>\n","protected":false},"excerpt":{"rendered":"<p>Morral para laptop con espaldar ergon\u00f3mico y cargaderas ajustables y acolchadas. Cuenta con un bolsillo frontal, dos bolsillos medianos con compartimentos especiales en el interior y un bolsillo principal con un compartimento para dispositivos port\u00e1tiles de 15&#8243;. Adem\u00e1s, tiene dos bolsillos laterales de malla. Incluye una placa met\u00e1lica para marca l\u00e1ser. Volumen aproximado: 23 litros.<\/p>\n","protected":false},"featured_media":54139,"comment_status":"open","ping_status":"closed","template":"","meta":{"_uag_custom_page_level_css":""},"product_brand":[],"product_cat":[61],"product_tag":[],"class_list":{"0":"post-3170","1":"product","2":"type-product","3":"status-publish","4":"has-post-thumbnail","6":"product_cat-morrales","8":"first","9":"instock","10":"shipping-taxable","11":"purchasable","12":"product-type-variable"},"aioseo_notices":[],"uagb_featured_image_src":{"full":["https:\/\/miidaz.com\/wp-content\/uploads\/2026\/03\/BO0425-1.jpg",1000,1000,false],"thumbnail":["https:\/\/miidaz.com\/wp-content\/uploads\/2026\/03\/BO0425-1-150x150.jpg",150,150,true],"medium":["https:\/\/miidaz.com\/wp-content\/uploads\/2026\/03\/BO0425-1-300x300.jpg",300,300,true],"medium_large":["https:\/\/miidaz.com\/wp-content\/uploads\/2026\/03\/BO0425-1-768x768.jpg",768,768,true],"large":["https:\/\/miidaz.com\/wp-content\/uploads\/2026\/03\/BO0425-1.jpg",800,800,false],"1536x1536":["https:\/\/miidaz.com\/wp-content\/uploads\/2026\/03\/BO0425-1.jpg",1000,1000,false],"2048x2048":["https:\/\/miidaz.com\/wp-content\/uploads\/2026\/03\/BO0425-1.jpg",1000,1000,false],"woocommerce_thumbnail":["https:\/\/miidaz.com\/wp-content\/uploads\/2026\/03\/BO0425-1-300x300.jpg",300,300,true],"woocommerce_single":["https:\/\/miidaz.com\/wp-content\/uploads\/2026\/03\/BO0425-1-600x600.jpg",600,600,true],"woocommerce_gallery_thumbnail":["https:\/\/miidaz.com\/wp-content\/uploads\/2026\/03\/BO0425-1-100x100.jpg",100,100,true]},"uagb_author_info":{"display_name":"","author_link":"https:\/\/miidaz.com\/?author=0"},"uagb_comment_info":0,"uagb_excerpt":"Morral para laptop con espaldar ergon\u00f3mico y cargaderas ajustables y acolchadas. Cuenta con un bolsillo frontal, dos bolsillos medianos con compartimentos especiales en el interior y un bolsillo principal con un compartimento para dispositivos port\u00e1tiles de 15&#8243;. Adem\u00e1s, tiene dos bolsillos laterales de malla. Incluye una placa met\u00e1lica para marca l\u00e1ser. Volumen aproximado: 23 litros.","_links":{"self":[{"href":"https:\/\/miidaz.com\/index.php?rest_route=\/wp\/v2\/product\/3170","targetHints":{"allow":["GET"]}}],"collection":[{"href":"https:\/\/miidaz.com\/index.php?rest_route=\/wp\/v2\/product"}],"about":[{"href":"https:\/\/miidaz.com\/index.php?rest_route=\/wp\/v2\/types\/product"}],"replies":[{"embeddable":true,"href":"https:\/\/miidaz.com\/index.php?rest_route=%2Fwp%2Fv2%2Fcomments&post=3170"}],"version-history":[{"count":0,"href":"https:\/\/miidaz.com\/index.php?rest_route=\/wp\/v2\/product\/3170\/revisions"}],"wp:featuredmedia":[{"embeddable":true,"href":"https:\/\/miidaz.com\/index.php?rest_route=\/wp\/v2\/media\/54139"}],"wp:attachment":[{"href":"https:\/\/miidaz.com\/index.php?rest_route=%2Fwp%2Fv2%2Fmedia&parent=3170"}],"wp:term":[{"taxonomy":"product_brand","embeddable":true,"href":"https:\/\/miidaz.com\/index.php?rest_route=%2Fwp%2Fv2%2Fproduct_brand&post=3170"},{"taxonomy":"product_cat","embeddable":true,"href":"https:\/\/miidaz.com\/index.php?rest_route=%2Fwp%2Fv2%2Fproduct_cat&post=3170"},{"taxonomy":"product_tag","embeddable":true,"href":"https:\/\/miidaz.com\/index.php?rest_route=%2Fwp%2Fv2%2Fproduct_tag&post=3170"}],"curies":[{"name":"wp","href":"https:\/\/api.w.org\/{rel}","templated":true}]}}