{"id":3326,"date":"2026-03-19T21:04:57","date_gmt":"2026-03-19T21:04:57","guid":{"rendered":"https:\/\/miidaz.com\/product\/morral-phillip-12-lts\/"},"modified":"2026-05-08T23:05:00","modified_gmt":"2026-05-08T23:05:00","slug":"morral-phillip-12-lts","status":"publish","type":"product","link":"https:\/\/miidaz.com\/?product=morral-phillip-12-lts","title":{"rendered":"Morral Phillip 12 Lts."},"content":{"rendered":"<p>Esta mochila combina estilo y funcionalidad en cada detalle: cuenta con bolsillo frontal, un compartimiento lateral pr\u00e1ctico, y un interior organizado con compartimiento con seguro, dos bolsillos peque\u00f1os adicionales, dos espacios para bol\u00edgrafos, y una placa con protector que aporta un toque distintivo y mayor durabilidad. Volumen aproximado: 12 litros.<\/p>\n","protected":false},"excerpt":{"rendered":"<p>Esta mochila combina estilo y funcionalidad en cada detalle: cuenta con bolsillo frontal, un compartimiento lateral pr\u00e1ctico, y un interior organizado con compartimiento con seguro, dos bolsillos peque\u00f1os adicionales, dos espacios para bol\u00edgrafos, y una placa con protector que aporta un toque distintivo y mayor durabilidad. Volumen aproximado: 12 litros.<\/p>\n","protected":false},"featured_media":54420,"comment_status":"open","ping_status":"closed","template":"","meta":{"_uag_custom_page_level_css":""},"product_brand":[],"product_cat":[61],"product_tag":[114,112],"class_list":{"0":"post-3326","1":"product","2":"type-product","3":"status-publish","4":"has-post-thumbnail","6":"product_cat-morrales","7":"product_tag-novedades-2026","8":"product_tag-temporada-irresistibles","10":"first","11":"instock","12":"shipping-taxable","13":"purchasable","14":"product-type-variable"},"aioseo_notices":[],"uagb_featured_image_src":{"full":["https:\/\/miidaz.com\/wp-content\/uploads\/2026\/03\/BO0462-1.jpg",1000,1000,false],"thumbnail":["https:\/\/miidaz.com\/wp-content\/uploads\/2026\/03\/BO0462-1-150x150.jpg",150,150,true],"medium":["https:\/\/miidaz.com\/wp-content\/uploads\/2026\/03\/BO0462-1-300x300.jpg",300,300,true],"medium_large":["https:\/\/miidaz.com\/wp-content\/uploads\/2026\/03\/BO0462-1-768x768.jpg",768,768,true],"large":["https:\/\/miidaz.com\/wp-content\/uploads\/2026\/03\/BO0462-1.jpg",800,800,false],"1536x1536":["https:\/\/miidaz.com\/wp-content\/uploads\/2026\/03\/BO0462-1.jpg",1000,1000,false],"2048x2048":["https:\/\/miidaz.com\/wp-content\/uploads\/2026\/03\/BO0462-1.jpg",1000,1000,false],"woocommerce_thumbnail":["https:\/\/miidaz.com\/wp-content\/uploads\/2026\/03\/BO0462-1-300x300.jpg",300,300,true],"woocommerce_single":["https:\/\/miidaz.com\/wp-content\/uploads\/2026\/03\/BO0462-1-600x600.jpg",600,600,true],"woocommerce_gallery_thumbnail":["https:\/\/miidaz.com\/wp-content\/uploads\/2026\/03\/BO0462-1-100x100.jpg",100,100,true]},"uagb_author_info":{"display_name":"","author_link":"https:\/\/miidaz.com\/?author=0"},"uagb_comment_info":0,"uagb_excerpt":"Esta mochila combina estilo y funcionalidad en cada detalle: cuenta con bolsillo frontal, un compartimiento lateral pr\u00e1ctico, y un interior organizado con compartimiento con seguro, dos bolsillos peque\u00f1os adicionales, dos espacios para bol\u00edgrafos, y una placa con protector que aporta un toque distintivo y mayor durabilidad. Volumen aproximado: 12 litros.","_links":{"self":[{"href":"https:\/\/miidaz.com\/index.php?rest_route=\/wp\/v2\/product\/3326","targetHints":{"allow":["GET"]}}],"collection":[{"href":"https:\/\/miidaz.com\/index.php?rest_route=\/wp\/v2\/product"}],"about":[{"href":"https:\/\/miidaz.com\/index.php?rest_route=\/wp\/v2\/types\/product"}],"replies":[{"embeddable":true,"href":"https:\/\/miidaz.com\/index.php?rest_route=%2Fwp%2Fv2%2Fcomments&post=3326"}],"version-history":[{"count":0,"href":"https:\/\/miidaz.com\/index.php?rest_route=\/wp\/v2\/product\/3326\/revisions"}],"wp:featuredmedia":[{"embeddable":true,"href":"https:\/\/miidaz.com\/index.php?rest_route=\/wp\/v2\/media\/54420"}],"wp:attachment":[{"href":"https:\/\/miidaz.com\/index.php?rest_route=%2Fwp%2Fv2%2Fmedia&parent=3326"}],"wp:term":[{"taxonomy":"product_brand","embeddable":true,"href":"https:\/\/miidaz.com\/index.php?rest_route=%2Fwp%2Fv2%2Fproduct_brand&post=3326"},{"taxonomy":"product_cat","embeddable":true,"href":"https:\/\/miidaz.com\/index.php?rest_route=%2Fwp%2Fv2%2Fproduct_cat&post=3326"},{"taxonomy":"product_tag","embeddable":true,"href":"https:\/\/miidaz.com\/index.php?rest_route=%2Fwp%2Fv2%2Fproduct_tag&post=3326"}],"curies":[{"name":"wp","href":"https:\/\/api.w.org\/{rel}","templated":true}]}}