{"id":3340,"date":"2026-03-19T21:05:02","date_gmt":"2026-03-19T21:05:02","guid":{"rendered":"https:\/\/miidaz.com\/product\/bolsa-garfield\/"},"modified":"2026-05-08T23:05:01","modified_gmt":"2026-05-08T23:05:01","slug":"bolsa-garfield","status":"publish","type":"product","link":"https:\/\/miidaz.com\/?product=bolsa-garfield","title":{"rendered":"Bolsa Garfield"},"content":{"rendered":"<p>Bolsa tipo tote elaborada en una combinaci\u00f3n de algod\u00f3n y yute, que le aporta un estilo natural y resistente. Cuenta con asas para llevar al hombro o en la mano, y tambi\u00e9n con cord\u00f3n para mayor seguridad del contenido. Ideal para uso diario, compras o actividades al aire libre.<\/p>\n","protected":false},"excerpt":{"rendered":"<p>Bolsa tipo tote elaborada en una combinaci\u00f3n de algod\u00f3n y yute, que le aporta un estilo natural y resistente. Cuenta con asas para llevar al hombro o en la mano, y tambi\u00e9n con cord\u00f3n para mayor seguridad del contenido. Ideal para uso diario, compras o actividades al aire libre.<\/p>\n","protected":false},"featured_media":54440,"comment_status":"open","ping_status":"closed","template":"","meta":{"_uag_custom_page_level_css":""},"product_brand":[],"product_cat":[60],"product_tag":[114,112],"class_list":{"0":"post-3340","1":"product","2":"type-product","3":"status-publish","4":"has-post-thumbnail","6":"product_cat-bolsos-de-mano","7":"product_tag-novedades-2026","8":"product_tag-temporada-irresistibles","10":"first","11":"instock","12":"shipping-taxable","13":"purchasable","14":"product-type-variable"},"aioseo_notices":[],"uagb_featured_image_src":{"full":["https:\/\/miidaz.com\/wp-content\/uploads\/2026\/03\/BO0466-1.jpg",1000,1000,false],"thumbnail":["https:\/\/miidaz.com\/wp-content\/uploads\/2026\/03\/BO0466-1-150x150.jpg",150,150,true],"medium":["https:\/\/miidaz.com\/wp-content\/uploads\/2026\/03\/BO0466-1-300x300.jpg",300,300,true],"medium_large":["https:\/\/miidaz.com\/wp-content\/uploads\/2026\/03\/BO0466-1-768x768.jpg",768,768,true],"large":["https:\/\/miidaz.com\/wp-content\/uploads\/2026\/03\/BO0466-1.jpg",800,800,false],"1536x1536":["https:\/\/miidaz.com\/wp-content\/uploads\/2026\/03\/BO0466-1.jpg",1000,1000,false],"2048x2048":["https:\/\/miidaz.com\/wp-content\/uploads\/2026\/03\/BO0466-1.jpg",1000,1000,false],"woocommerce_thumbnail":["https:\/\/miidaz.com\/wp-content\/uploads\/2026\/03\/BO0466-1-300x300.jpg",300,300,true],"woocommerce_single":["https:\/\/miidaz.com\/wp-content\/uploads\/2026\/03\/BO0466-1-600x600.jpg",600,600,true],"woocommerce_gallery_thumbnail":["https:\/\/miidaz.com\/wp-content\/uploads\/2026\/03\/BO0466-1-100x100.jpg",100,100,true]},"uagb_author_info":{"display_name":"","author_link":"https:\/\/miidaz.com\/?author=0"},"uagb_comment_info":0,"uagb_excerpt":"Bolsa tipo tote elaborada en una combinaci\u00f3n de algod\u00f3n y yute, que le aporta un estilo natural y resistente. Cuenta con asas para llevar al hombro o en la mano, y tambi\u00e9n con cord\u00f3n para mayor seguridad del contenido. Ideal para uso diario, compras o actividades al aire libre.","_links":{"self":[{"href":"https:\/\/miidaz.com\/index.php?rest_route=\/wp\/v2\/product\/3340","targetHints":{"allow":["GET"]}}],"collection":[{"href":"https:\/\/miidaz.com\/index.php?rest_route=\/wp\/v2\/product"}],"about":[{"href":"https:\/\/miidaz.com\/index.php?rest_route=\/wp\/v2\/types\/product"}],"replies":[{"embeddable":true,"href":"https:\/\/miidaz.com\/index.php?rest_route=%2Fwp%2Fv2%2Fcomments&post=3340"}],"version-history":[{"count":0,"href":"https:\/\/miidaz.com\/index.php?rest_route=\/wp\/v2\/product\/3340\/revisions"}],"wp:featuredmedia":[{"embeddable":true,"href":"https:\/\/miidaz.com\/index.php?rest_route=\/wp\/v2\/media\/54440"}],"wp:attachment":[{"href":"https:\/\/miidaz.com\/index.php?rest_route=%2Fwp%2Fv2%2Fmedia&parent=3340"}],"wp:term":[{"taxonomy":"product_brand","embeddable":true,"href":"https:\/\/miidaz.com\/index.php?rest_route=%2Fwp%2Fv2%2Fproduct_brand&post=3340"},{"taxonomy":"product_cat","embeddable":true,"href":"https:\/\/miidaz.com\/index.php?rest_route=%2Fwp%2Fv2%2Fproduct_cat&post=3340"},{"taxonomy":"product_tag","embeddable":true,"href":"https:\/\/miidaz.com\/index.php?rest_route=%2Fwp%2Fv2%2Fproduct_tag&post=3340"}],"curies":[{"name":"wp","href":"https:\/\/api.w.org\/{rel}","templated":true}]}}