{"id":4014,"date":"2026-03-19T21:07:53","date_gmt":"2026-03-19T21:07:53","guid":{"rendered":"https:\/\/miidaz.com\/product\/boligrafo-liverpool\/"},"modified":"2026-03-29T02:16:09","modified_gmt":"2026-03-29T02:16:09","slug":"boligrafo-liverpool","status":"publish","type":"product","link":"https:\/\/miidaz.com\/?product=boligrafo-liverpool","title":{"rendered":"Bol\u00edgrafo Liverpool"},"content":{"rendered":"<p>El Bol\u00edgrafo Liverpool con sistema de apertura retr\u00e1ctil, no solo te permite un trazo preciso, tambi\u00e9n te ayudar\u00e1 a reducir el estr\u00e9s y aumentar la concentraci\u00f3n, gracias a su pr\u00e1ctico mecanismo antiestr\u00e9s. (Bol\u00edgrafo\/Esfero)<\/p>\n","protected":false},"excerpt":{"rendered":"<p>El Bol\u00edgrafo Liverpool con sistema de apertura retr\u00e1ctil, no solo te permite un trazo preciso, tambi\u00e9n te ayudar\u00e1 a reducir el estr\u00e9s y aumentar la concentraci\u00f3n, gracias a su pr\u00e1ctico mecanismo antiestr\u00e9s. (Bol\u00edgrafo\/Esfero)<\/p>\n","protected":false},"featured_media":55286,"comment_status":"open","ping_status":"closed","template":"","meta":{"_uag_custom_page_level_css":""},"product_brand":[],"product_cat":[73],"product_tag":[113],"class_list":{"0":"post-4014","1":"product","2":"type-product","3":"status-publish","4":"has-post-thumbnail","6":"product_cat-boligrafos-con-resaltador","7":"product_tag-outlet","9":"first","10":"instock","11":"sale","12":"shipping-taxable","13":"purchasable","14":"product-type-variable"},"aioseo_notices":[],"uagb_featured_image_src":{"full":["https:\/\/miidaz.com\/wp-content\/uploads\/2026\/03\/ES0944__54796-1.jpg",1000,1000,false],"thumbnail":["https:\/\/miidaz.com\/wp-content\/uploads\/2026\/03\/ES0944__54796-1-150x150.jpg",150,150,true],"medium":["https:\/\/miidaz.com\/wp-content\/uploads\/2026\/03\/ES0944__54796-1-300x300.jpg",300,300,true],"medium_large":["https:\/\/miidaz.com\/wp-content\/uploads\/2026\/03\/ES0944__54796-1-768x768.jpg",768,768,true],"large":["https:\/\/miidaz.com\/wp-content\/uploads\/2026\/03\/ES0944__54796-1.jpg",800,800,false],"1536x1536":["https:\/\/miidaz.com\/wp-content\/uploads\/2026\/03\/ES0944__54796-1.jpg",1000,1000,false],"2048x2048":["https:\/\/miidaz.com\/wp-content\/uploads\/2026\/03\/ES0944__54796-1.jpg",1000,1000,false],"woocommerce_thumbnail":["https:\/\/miidaz.com\/wp-content\/uploads\/2026\/03\/ES0944__54796-1-300x300.jpg",300,300,true],"woocommerce_single":["https:\/\/miidaz.com\/wp-content\/uploads\/2026\/03\/ES0944__54796-1-600x600.jpg",600,600,true],"woocommerce_gallery_thumbnail":["https:\/\/miidaz.com\/wp-content\/uploads\/2026\/03\/ES0944__54796-1-100x100.jpg",100,100,true]},"uagb_author_info":{"display_name":"","author_link":"https:\/\/miidaz.com\/?author=0"},"uagb_comment_info":0,"uagb_excerpt":"El Bol\u00edgrafo Liverpool con sistema de apertura retr\u00e1ctil, no solo te permite un trazo preciso, tambi\u00e9n te ayudar\u00e1 a reducir el estr\u00e9s y aumentar la concentraci\u00f3n, gracias a su pr\u00e1ctico mecanismo antiestr\u00e9s. (Bol\u00edgrafo\/Esfero)","_links":{"self":[{"href":"https:\/\/miidaz.com\/index.php?rest_route=\/wp\/v2\/product\/4014","targetHints":{"allow":["GET"]}}],"collection":[{"href":"https:\/\/miidaz.com\/index.php?rest_route=\/wp\/v2\/product"}],"about":[{"href":"https:\/\/miidaz.com\/index.php?rest_route=\/wp\/v2\/types\/product"}],"replies":[{"embeddable":true,"href":"https:\/\/miidaz.com\/index.php?rest_route=%2Fwp%2Fv2%2Fcomments&post=4014"}],"version-history":[{"count":0,"href":"https:\/\/miidaz.com\/index.php?rest_route=\/wp\/v2\/product\/4014\/revisions"}],"wp:featuredmedia":[{"embeddable":true,"href":"https:\/\/miidaz.com\/index.php?rest_route=\/wp\/v2\/media\/55286"}],"wp:attachment":[{"href":"https:\/\/miidaz.com\/index.php?rest_route=%2Fwp%2Fv2%2Fmedia&parent=4014"}],"wp:term":[{"taxonomy":"product_brand","embeddable":true,"href":"https:\/\/miidaz.com\/index.php?rest_route=%2Fwp%2Fv2%2Fproduct_brand&post=4014"},{"taxonomy":"product_cat","embeddable":true,"href":"https:\/\/miidaz.com\/index.php?rest_route=%2Fwp%2Fv2%2Fproduct_cat&post=4014"},{"taxonomy":"product_tag","embeddable":true,"href":"https:\/\/miidaz.com\/index.php?rest_route=%2Fwp%2Fv2%2Fproduct_tag&post=4014"}],"curies":[{"name":"wp","href":"https:\/\/api.w.org\/{rel}","templated":true}]}}