{"id":4440,"date":"2026-03-19T21:09:36","date_gmt":"2026-03-19T21:09:36","guid":{"rendered":"https:\/\/miidaz.com\/product\/boligrafo-maldini\/"},"modified":"2026-03-29T02:16:33","modified_gmt":"2026-03-29T02:16:33","slug":"boligrafo-maldini","status":"publish","type":"product","link":"https:\/\/miidaz.com\/?product=boligrafo-maldini","title":{"rendered":"Boligrafo Maldini"},"content":{"rendered":"<p>Bol\u00edgrafo de acci\u00f3n giratoria con barril de color s\u00f3lido y punta cromada, ideal para los amantes del f\u00fatbol. Su dise\u00f1o incluye una esfera decorativa con impresi\u00f3n de bal\u00f3n en la parte superior, que gira suavemente para a\u00f1adir un toque divertido y din\u00e1mico mientras escribes.<\/p>\n","protected":false},"excerpt":{"rendered":"<p>Bol\u00edgrafo de acci\u00f3n giratoria con barril de color s\u00f3lido y punta cromada, ideal para los amantes del f\u00fatbol. Su dise\u00f1o incluye una esfera decorativa con impresi\u00f3n de bal\u00f3n en la parte superior, que gira suavemente para a\u00f1adir un toque divertido y din\u00e1mico mientras escribes.<\/p>\n","protected":false},"featured_media":55796,"comment_status":"open","ping_status":"closed","template":"","meta":{"_uag_custom_page_level_css":""},"product_brand":[],"product_cat":[69],"product_tag":[114,112],"class_list":{"0":"post-4440","1":"product","2":"type-product","3":"status-publish","4":"has-post-thumbnail","6":"product_cat-boligrafos-plasticos","7":"product_tag-novedades-2026","8":"product_tag-temporada-irresistibles","10":"first","11":"outofstock","12":"shipping-taxable","13":"purchasable","14":"product-type-variable"},"aioseo_notices":[],"uagb_featured_image_src":{"full":["https:\/\/miidaz.com\/wp-content\/uploads\/2026\/03\/ES1030-1.jpg",1000,1000,false],"thumbnail":["https:\/\/miidaz.com\/wp-content\/uploads\/2026\/03\/ES1030-1-150x150.jpg",150,150,true],"medium":["https:\/\/miidaz.com\/wp-content\/uploads\/2026\/03\/ES1030-1-300x300.jpg",300,300,true],"medium_large":["https:\/\/miidaz.com\/wp-content\/uploads\/2026\/03\/ES1030-1-768x768.jpg",768,768,true],"large":["https:\/\/miidaz.com\/wp-content\/uploads\/2026\/03\/ES1030-1.jpg",800,800,false],"1536x1536":["https:\/\/miidaz.com\/wp-content\/uploads\/2026\/03\/ES1030-1.jpg",1000,1000,false],"2048x2048":["https:\/\/miidaz.com\/wp-content\/uploads\/2026\/03\/ES1030-1.jpg",1000,1000,false],"woocommerce_thumbnail":["https:\/\/miidaz.com\/wp-content\/uploads\/2026\/03\/ES1030-1-300x300.jpg",300,300,true],"woocommerce_single":["https:\/\/miidaz.com\/wp-content\/uploads\/2026\/03\/ES1030-1-600x600.jpg",600,600,true],"woocommerce_gallery_thumbnail":["https:\/\/miidaz.com\/wp-content\/uploads\/2026\/03\/ES1030-1-100x100.jpg",100,100,true]},"uagb_author_info":{"display_name":"","author_link":"https:\/\/miidaz.com\/?author=0"},"uagb_comment_info":0,"uagb_excerpt":"Bol\u00edgrafo de acci\u00f3n giratoria con barril de color s\u00f3lido y punta cromada, ideal para los amantes del f\u00fatbol. Su dise\u00f1o incluye una esfera decorativa con impresi\u00f3n de bal\u00f3n en la parte superior, que gira suavemente para a\u00f1adir un toque divertido y din\u00e1mico mientras escribes.","_links":{"self":[{"href":"https:\/\/miidaz.com\/index.php?rest_route=\/wp\/v2\/product\/4440","targetHints":{"allow":["GET"]}}],"collection":[{"href":"https:\/\/miidaz.com\/index.php?rest_route=\/wp\/v2\/product"}],"about":[{"href":"https:\/\/miidaz.com\/index.php?rest_route=\/wp\/v2\/types\/product"}],"replies":[{"embeddable":true,"href":"https:\/\/miidaz.com\/index.php?rest_route=%2Fwp%2Fv2%2Fcomments&post=4440"}],"version-history":[{"count":0,"href":"https:\/\/miidaz.com\/index.php?rest_route=\/wp\/v2\/product\/4440\/revisions"}],"wp:featuredmedia":[{"embeddable":true,"href":"https:\/\/miidaz.com\/index.php?rest_route=\/wp\/v2\/media\/55796"}],"wp:attachment":[{"href":"https:\/\/miidaz.com\/index.php?rest_route=%2Fwp%2Fv2%2Fmedia&parent=4440"}],"wp:term":[{"taxonomy":"product_brand","embeddable":true,"href":"https:\/\/miidaz.com\/index.php?rest_route=%2Fwp%2Fv2%2Fproduct_brand&post=4440"},{"taxonomy":"product_cat","embeddable":true,"href":"https:\/\/miidaz.com\/index.php?rest_route=%2Fwp%2Fv2%2Fproduct_cat&post=4440"},{"taxonomy":"product_tag","embeddable":true,"href":"https:\/\/miidaz.com\/index.php?rest_route=%2Fwp%2Fv2%2Fproduct_tag&post=4440"}],"curies":[{"name":"wp","href":"https:\/\/api.w.org\/{rel}","templated":true}]}}