{"id":4485,"date":"2026-03-19T21:09:48","date_gmt":"2026-03-19T21:09:48","guid":{"rendered":"https:\/\/miidaz.com\/product\/boligrafo-bariloche-stylus\/"},"modified":"2026-03-29T02:16:33","modified_gmt":"2026-03-29T02:16:33","slug":"boligrafo-bariloche-stylus","status":"publish","type":"product","link":"https:\/\/miidaz.com\/?product=boligrafo-bariloche-stylus","title":{"rendered":"Boligrafo Bariloche Stylus"},"content":{"rendered":"<p>Bol\u00edgrafo retr\u00e1ctil con barril de aluminio engomado en color, que ofrece un agarre c\u00f3modo y elegante. Incluye clip met\u00e1lico cromado y detalles en bot\u00f3n y punta cromados para un acabado sofisticado. Adem\u00e1s, cuenta con funci\u00f3n stylus en la parte superior, ideal para pantallas t\u00e1ctiles, combinando practicidad y estilo en un solo accesorio.<\/p>\n","protected":false},"excerpt":{"rendered":"<p>Bol\u00edgrafo retr\u00e1ctil con barril de aluminio engomado en color, que ofrece un agarre c\u00f3modo y elegante. Incluye clip met\u00e1lico cromado y detalles en bot\u00f3n y punta cromados para un acabado sofisticado. Adem\u00e1s, cuenta con funci\u00f3n stylus en la parte superior, ideal para pantallas t\u00e1ctiles, combinando practicidad y estilo en un solo accesorio.<\/p>\n","protected":false},"featured_media":55836,"comment_status":"open","ping_status":"closed","template":"","meta":{"_uag_custom_page_level_css":""},"product_brand":[],"product_cat":[74],"product_tag":[114,112],"class_list":{"0":"post-4485","1":"product","2":"type-product","3":"status-publish","4":"has-post-thumbnail","6":"product_cat-boligrafos-en-aluminio","7":"product_tag-novedades-2026","8":"product_tag-temporada-irresistibles","10":"first","11":"instock","12":"shipping-taxable","13":"purchasable","14":"product-type-variable"},"aioseo_notices":[],"uagb_featured_image_src":{"full":["https:\/\/miidaz.com\/wp-content\/uploads\/2026\/03\/ES1039-1.jpg",1000,1000,false],"thumbnail":["https:\/\/miidaz.com\/wp-content\/uploads\/2026\/03\/ES1039-1-150x150.jpg",150,150,true],"medium":["https:\/\/miidaz.com\/wp-content\/uploads\/2026\/03\/ES1039-1-300x300.jpg",300,300,true],"medium_large":["https:\/\/miidaz.com\/wp-content\/uploads\/2026\/03\/ES1039-1-768x768.jpg",768,768,true],"large":["https:\/\/miidaz.com\/wp-content\/uploads\/2026\/03\/ES1039-1.jpg",800,800,false],"1536x1536":["https:\/\/miidaz.com\/wp-content\/uploads\/2026\/03\/ES1039-1.jpg",1000,1000,false],"2048x2048":["https:\/\/miidaz.com\/wp-content\/uploads\/2026\/03\/ES1039-1.jpg",1000,1000,false],"woocommerce_thumbnail":["https:\/\/miidaz.com\/wp-content\/uploads\/2026\/03\/ES1039-1-300x300.jpg",300,300,true],"woocommerce_single":["https:\/\/miidaz.com\/wp-content\/uploads\/2026\/03\/ES1039-1-600x600.jpg",600,600,true],"woocommerce_gallery_thumbnail":["https:\/\/miidaz.com\/wp-content\/uploads\/2026\/03\/ES1039-1-100x100.jpg",100,100,true]},"uagb_author_info":{"display_name":"","author_link":"https:\/\/miidaz.com\/?author=0"},"uagb_comment_info":0,"uagb_excerpt":"Bol\u00edgrafo retr\u00e1ctil con barril de aluminio engomado en color, que ofrece un agarre c\u00f3modo y elegante. Incluye clip met\u00e1lico cromado y detalles en bot\u00f3n y punta cromados para un acabado sofisticado. Adem\u00e1s, cuenta con funci\u00f3n stylus en la parte superior, ideal para pantallas t\u00e1ctiles, combinando practicidad y estilo en un solo accesorio.","_links":{"self":[{"href":"https:\/\/miidaz.com\/index.php?rest_route=\/wp\/v2\/product\/4485","targetHints":{"allow":["GET"]}}],"collection":[{"href":"https:\/\/miidaz.com\/index.php?rest_route=\/wp\/v2\/product"}],"about":[{"href":"https:\/\/miidaz.com\/index.php?rest_route=\/wp\/v2\/types\/product"}],"replies":[{"embeddable":true,"href":"https:\/\/miidaz.com\/index.php?rest_route=%2Fwp%2Fv2%2Fcomments&post=4485"}],"version-history":[{"count":0,"href":"https:\/\/miidaz.com\/index.php?rest_route=\/wp\/v2\/product\/4485\/revisions"}],"wp:featuredmedia":[{"embeddable":true,"href":"https:\/\/miidaz.com\/index.php?rest_route=\/wp\/v2\/media\/55836"}],"wp:attachment":[{"href":"https:\/\/miidaz.com\/index.php?rest_route=%2Fwp%2Fv2%2Fmedia&parent=4485"}],"wp:term":[{"taxonomy":"product_brand","embeddable":true,"href":"https:\/\/miidaz.com\/index.php?rest_route=%2Fwp%2Fv2%2Fproduct_brand&post=4485"},{"taxonomy":"product_cat","embeddable":true,"href":"https:\/\/miidaz.com\/index.php?rest_route=%2Fwp%2Fv2%2Fproduct_cat&post=4485"},{"taxonomy":"product_tag","embeddable":true,"href":"https:\/\/miidaz.com\/index.php?rest_route=%2Fwp%2Fv2%2Fproduct_tag&post=4485"}],"curies":[{"name":"wp","href":"https:\/\/api.w.org\/{rel}","templated":true}]}}