{"id":4505,"date":"2026-03-19T21:09:54","date_gmt":"2026-03-19T21:09:54","guid":{"rendered":"https:\/\/miidaz.com\/product\/colores-modena\/"},"modified":"2026-03-29T02:16:36","modified_gmt":"2026-03-29T02:16:36","slug":"colores-modena","status":"publish","type":"product","link":"https:\/\/miidaz.com\/?product=colores-modena","title":{"rendered":"Colores Modena"},"content":{"rendered":"<p>Este juego de l\u00e1pices viene en una caja de papel que incluye tres l\u00e1pices (17,7 X \u00d8 0,4), una regla de madera con medidas en cent\u00edmetros (15) y pulgadas (6&#8243;), un sacapuntas (1,6 X 2,7 X 1,1) y borrador (3,5 X 1,9 X 1) en su interior. Es una opci\u00f3n pr\u00e1ctica y compacta para llevar lo esencial de papeler\u00eda en un solo estuche.<\/p>\n","protected":false},"excerpt":{"rendered":"<p>Este juego de l\u00e1pices viene en una caja de papel que incluye tres l\u00e1pices (17,7 X \u00d8 0,4), una regla de madera con medidas en cent\u00edmetros (15) y pulgadas (6&#8243;), un sacapuntas (1,6 X 2,7 X 1,1) y borrador (3,5 X 1,9 X 1) en su interior. Es una opci\u00f3n pr\u00e1ctica y compacta para llevar [&hellip;]<\/p>\n","protected":false},"featured_media":55861,"comment_status":"open","ping_status":"closed","template":"","meta":{"_uag_custom_page_level_css":""},"product_brand":[],"product_cat":[71],"product_tag":[114,112],"class_list":{"0":"post-4505","1":"product","2":"type-product","3":"status-publish","4":"has-post-thumbnail","6":"product_cat-lapices-colores-y-crayolas","7":"product_tag-novedades-2026","8":"product_tag-temporada-irresistibles","10":"first","11":"instock","12":"shipping-taxable","13":"purchasable","14":"product-type-variable"},"aioseo_notices":[],"uagb_featured_image_src":{"full":["https:\/\/miidaz.com\/wp-content\/uploads\/2026\/03\/ES1044-1.jpg",1000,1000,false],"thumbnail":["https:\/\/miidaz.com\/wp-content\/uploads\/2026\/03\/ES1044-1-150x150.jpg",150,150,true],"medium":["https:\/\/miidaz.com\/wp-content\/uploads\/2026\/03\/ES1044-1-300x300.jpg",300,300,true],"medium_large":["https:\/\/miidaz.com\/wp-content\/uploads\/2026\/03\/ES1044-1-768x768.jpg",768,768,true],"large":["https:\/\/miidaz.com\/wp-content\/uploads\/2026\/03\/ES1044-1.jpg",800,800,false],"1536x1536":["https:\/\/miidaz.com\/wp-content\/uploads\/2026\/03\/ES1044-1.jpg",1000,1000,false],"2048x2048":["https:\/\/miidaz.com\/wp-content\/uploads\/2026\/03\/ES1044-1.jpg",1000,1000,false],"woocommerce_thumbnail":["https:\/\/miidaz.com\/wp-content\/uploads\/2026\/03\/ES1044-1-300x300.jpg",300,300,true],"woocommerce_single":["https:\/\/miidaz.com\/wp-content\/uploads\/2026\/03\/ES1044-1-600x600.jpg",600,600,true],"woocommerce_gallery_thumbnail":["https:\/\/miidaz.com\/wp-content\/uploads\/2026\/03\/ES1044-1-100x100.jpg",100,100,true]},"uagb_author_info":{"display_name":"","author_link":"https:\/\/miidaz.com\/?author=0"},"uagb_comment_info":0,"uagb_excerpt":"Este juego de l\u00e1pices viene en una caja de papel que incluye tres l\u00e1pices (17,7 X \u00d8 0,4), una regla de madera con medidas en cent\u00edmetros (15) y pulgadas (6&#8243;), un sacapuntas (1,6 X 2,7 X 1,1) y borrador (3,5 X 1,9 X 1) en su interior. Es una opci\u00f3n pr\u00e1ctica y compacta para llevar&hellip;","_links":{"self":[{"href":"https:\/\/miidaz.com\/index.php?rest_route=\/wp\/v2\/product\/4505","targetHints":{"allow":["GET"]}}],"collection":[{"href":"https:\/\/miidaz.com\/index.php?rest_route=\/wp\/v2\/product"}],"about":[{"href":"https:\/\/miidaz.com\/index.php?rest_route=\/wp\/v2\/types\/product"}],"replies":[{"embeddable":true,"href":"https:\/\/miidaz.com\/index.php?rest_route=%2Fwp%2Fv2%2Fcomments&post=4505"}],"version-history":[{"count":0,"href":"https:\/\/miidaz.com\/index.php?rest_route=\/wp\/v2\/product\/4505\/revisions"}],"wp:featuredmedia":[{"embeddable":true,"href":"https:\/\/miidaz.com\/index.php?rest_route=\/wp\/v2\/media\/55861"}],"wp:attachment":[{"href":"https:\/\/miidaz.com\/index.php?rest_route=%2Fwp%2Fv2%2Fmedia&parent=4505"}],"wp:term":[{"taxonomy":"product_brand","embeddable":true,"href":"https:\/\/miidaz.com\/index.php?rest_route=%2Fwp%2Fv2%2Fproduct_brand&post=4505"},{"taxonomy":"product_cat","embeddable":true,"href":"https:\/\/miidaz.com\/index.php?rest_route=%2Fwp%2Fv2%2Fproduct_cat&post=4505"},{"taxonomy":"product_tag","embeddable":true,"href":"https:\/\/miidaz.com\/index.php?rest_route=%2Fwp%2Fv2%2Fproduct_tag&post=4505"}],"curies":[{"name":"wp","href":"https:\/\/api.w.org\/{rel}","templated":true}]}}