{"id":4800,"date":"2026-03-19T21:11:20","date_gmt":"2026-03-19T21:11:20","guid":{"rendered":"https:\/\/miidaz.com\/product\/set-linterna-car\/"},"modified":"2026-03-29T02:16:55","modified_gmt":"2026-03-29T02:16:55","slug":"set-linterna-car","status":"publish","type":"product","link":"https:\/\/miidaz.com\/?product=set-linterna-car","title":{"rendered":"Set Linterna Car"},"content":{"rendered":"<p>Caja de herramientas con linterna LED externa (3 pilas AA no incluidas). Incluye 4 copas est\u00e1ndar, 6 puntas de destornillador, 2 destornilladores de precisi\u00f3n, un portapuntas magn\u00e9tico, 1 bistur\u00ed, 2 llaves hexagonales y 1 cinta m\u00e9trica de 1 metro (39 pulgadas).<\/p>\n","protected":false},"excerpt":{"rendered":"<p>Caja de herramientas con linterna LED externa (3 pilas AA no incluidas). Incluye 4 copas est\u00e1ndar, 6 puntas de destornillador, 2 destornilladores de precisi\u00f3n, un portapuntas magn\u00e9tico, 1 bistur\u00ed, 2 llaves hexagonales y 1 cinta m\u00e9trica de 1 metro (39 pulgadas).<\/p>\n","protected":false},"featured_media":56383,"comment_status":"open","ping_status":"closed","template":"","meta":{"_uag_custom_page_level_css":""},"product_brand":[],"product_cat":[81],"product_tag":[],"class_list":{"0":"post-4800","1":"product","2":"type-product","3":"status-publish","4":"has-post-thumbnail","6":"product_cat-linternas","8":"first","9":"instock","10":"shipping-taxable","11":"purchasable","12":"product-type-variable"},"aioseo_notices":[],"uagb_featured_image_src":{"full":["https:\/\/miidaz.com\/wp-content\/uploads\/2026\/03\/HE0338-1.jpg",1000,1000,false],"thumbnail":["https:\/\/miidaz.com\/wp-content\/uploads\/2026\/03\/HE0338-1-150x150.jpg",150,150,true],"medium":["https:\/\/miidaz.com\/wp-content\/uploads\/2026\/03\/HE0338-1-300x300.jpg",300,300,true],"medium_large":["https:\/\/miidaz.com\/wp-content\/uploads\/2026\/03\/HE0338-1-768x768.jpg",768,768,true],"large":["https:\/\/miidaz.com\/wp-content\/uploads\/2026\/03\/HE0338-1.jpg",800,800,false],"1536x1536":["https:\/\/miidaz.com\/wp-content\/uploads\/2026\/03\/HE0338-1.jpg",1000,1000,false],"2048x2048":["https:\/\/miidaz.com\/wp-content\/uploads\/2026\/03\/HE0338-1.jpg",1000,1000,false],"woocommerce_thumbnail":["https:\/\/miidaz.com\/wp-content\/uploads\/2026\/03\/HE0338-1-300x300.jpg",300,300,true],"woocommerce_single":["https:\/\/miidaz.com\/wp-content\/uploads\/2026\/03\/HE0338-1-600x600.jpg",600,600,true],"woocommerce_gallery_thumbnail":["https:\/\/miidaz.com\/wp-content\/uploads\/2026\/03\/HE0338-1-100x100.jpg",100,100,true]},"uagb_author_info":{"display_name":"","author_link":"https:\/\/miidaz.com\/?author=0"},"uagb_comment_info":0,"uagb_excerpt":"Caja de herramientas con linterna LED externa (3 pilas AA no incluidas). Incluye 4 copas est\u00e1ndar, 6 puntas de destornillador, 2 destornilladores de precisi\u00f3n, un portapuntas magn\u00e9tico, 1 bistur\u00ed, 2 llaves hexagonales y 1 cinta m\u00e9trica de 1 metro (39 pulgadas).","_links":{"self":[{"href":"https:\/\/miidaz.com\/index.php?rest_route=\/wp\/v2\/product\/4800","targetHints":{"allow":["GET"]}}],"collection":[{"href":"https:\/\/miidaz.com\/index.php?rest_route=\/wp\/v2\/product"}],"about":[{"href":"https:\/\/miidaz.com\/index.php?rest_route=\/wp\/v2\/types\/product"}],"replies":[{"embeddable":true,"href":"https:\/\/miidaz.com\/index.php?rest_route=%2Fwp%2Fv2%2Fcomments&post=4800"}],"version-history":[{"count":0,"href":"https:\/\/miidaz.com\/index.php?rest_route=\/wp\/v2\/product\/4800\/revisions"}],"wp:featuredmedia":[{"embeddable":true,"href":"https:\/\/miidaz.com\/index.php?rest_route=\/wp\/v2\/media\/56383"}],"wp:attachment":[{"href":"https:\/\/miidaz.com\/index.php?rest_route=%2Fwp%2Fv2%2Fmedia&parent=4800"}],"wp:term":[{"taxonomy":"product_brand","embeddable":true,"href":"https:\/\/miidaz.com\/index.php?rest_route=%2Fwp%2Fv2%2Fproduct_brand&post=4800"},{"taxonomy":"product_cat","embeddable":true,"href":"https:\/\/miidaz.com\/index.php?rest_route=%2Fwp%2Fv2%2Fproduct_cat&post=4800"},{"taxonomy":"product_tag","embeddable":true,"href":"https:\/\/miidaz.com\/index.php?rest_route=%2Fwp%2Fv2%2Fproduct_tag&post=4800"}],"curies":[{"name":"wp","href":"https:\/\/api.w.org\/{rel}","templated":true}]}}