{"id":4884,"date":"2026-03-19T21:11:47","date_gmt":"2026-03-19T21:11:47","guid":{"rendered":"https:\/\/miidaz.com\/product\/herramientero-vettel\/"},"modified":"2026-03-29T02:16:58","modified_gmt":"2026-03-29T02:16:58","slug":"herramientero-vettel","status":"publish","type":"product","link":"https:\/\/miidaz.com\/?product=herramientero-vettel","title":{"rendered":"Herramientero Vettel"},"content":{"rendered":"<p>Este juego de herramientas viene en un estuche compacto con forma de autom\u00f3vil, que incluye 4 piezas de precisi\u00f3n, un mango de destornillador (2,5 X 11,5), 4 copas (7 -10 mm), alicates en 2 piezas (punta y corte), un mango de junta (5,8 X \u00d8 0,6) y 10 puntas de destornillador. Su dise\u00f1o pr\u00e1ctico y organizado permite tener a la mano los elementos b\u00e1sicos para tareas de ajuste y reparaci\u00f3n.<\/p>\n","protected":false},"excerpt":{"rendered":"<p>Este juego de herramientas viene en un estuche compacto con forma de autom\u00f3vil, que incluye 4 piezas de precisi\u00f3n, un mango de destornillador (2,5 X 11,5), 4 copas (7 -10 mm), alicates en 2 piezas (punta y corte), un mango de junta (5,8 X \u00d8 0,6) y 10 puntas de destornillador. Su dise\u00f1o pr\u00e1ctico y [&hellip;]<\/p>\n","protected":false},"featured_media":56539,"comment_status":"open","ping_status":"closed","template":"","meta":{"_uag_custom_page_level_css":""},"product_brand":[],"product_cat":[76],"product_tag":[114,112],"class_list":{"0":"post-4884","1":"product","2":"type-product","3":"status-publish","4":"has-post-thumbnail","6":"product_cat-herramienteros","7":"product_tag-novedades-2026","8":"product_tag-temporada-irresistibles","10":"first","11":"instock","12":"shipping-taxable","13":"purchasable","14":"product-type-variable"},"aioseo_notices":[],"uagb_featured_image_src":{"full":["https:\/\/miidaz.com\/wp-content\/uploads\/2026\/03\/HE0357-1.jpg",1000,1000,false],"thumbnail":["https:\/\/miidaz.com\/wp-content\/uploads\/2026\/03\/HE0357-1-150x150.jpg",150,150,true],"medium":["https:\/\/miidaz.com\/wp-content\/uploads\/2026\/03\/HE0357-1-300x300.jpg",300,300,true],"medium_large":["https:\/\/miidaz.com\/wp-content\/uploads\/2026\/03\/HE0357-1-768x768.jpg",768,768,true],"large":["https:\/\/miidaz.com\/wp-content\/uploads\/2026\/03\/HE0357-1.jpg",800,800,false],"1536x1536":["https:\/\/miidaz.com\/wp-content\/uploads\/2026\/03\/HE0357-1.jpg",1000,1000,false],"2048x2048":["https:\/\/miidaz.com\/wp-content\/uploads\/2026\/03\/HE0357-1.jpg",1000,1000,false],"woocommerce_thumbnail":["https:\/\/miidaz.com\/wp-content\/uploads\/2026\/03\/HE0357-1-300x300.jpg",300,300,true],"woocommerce_single":["https:\/\/miidaz.com\/wp-content\/uploads\/2026\/03\/HE0357-1-600x600.jpg",600,600,true],"woocommerce_gallery_thumbnail":["https:\/\/miidaz.com\/wp-content\/uploads\/2026\/03\/HE0357-1-100x100.jpg",100,100,true]},"uagb_author_info":{"display_name":"","author_link":"https:\/\/miidaz.com\/?author=0"},"uagb_comment_info":0,"uagb_excerpt":"Este juego de herramientas viene en un estuche compacto con forma de autom\u00f3vil, que incluye 4 piezas de precisi\u00f3n, un mango de destornillador (2,5 X 11,5), 4 copas (7 -10 mm), alicates en 2 piezas (punta y corte), un mango de junta (5,8 X \u00d8 0,6) y 10 puntas de destornillador. Su dise\u00f1o pr\u00e1ctico y&hellip;","_links":{"self":[{"href":"https:\/\/miidaz.com\/index.php?rest_route=\/wp\/v2\/product\/4884","targetHints":{"allow":["GET"]}}],"collection":[{"href":"https:\/\/miidaz.com\/index.php?rest_route=\/wp\/v2\/product"}],"about":[{"href":"https:\/\/miidaz.com\/index.php?rest_route=\/wp\/v2\/types\/product"}],"replies":[{"embeddable":true,"href":"https:\/\/miidaz.com\/index.php?rest_route=%2Fwp%2Fv2%2Fcomments&post=4884"}],"version-history":[{"count":0,"href":"https:\/\/miidaz.com\/index.php?rest_route=\/wp\/v2\/product\/4884\/revisions"}],"wp:featuredmedia":[{"embeddable":true,"href":"https:\/\/miidaz.com\/index.php?rest_route=\/wp\/v2\/media\/56539"}],"wp:attachment":[{"href":"https:\/\/miidaz.com\/index.php?rest_route=%2Fwp%2Fv2%2Fmedia&parent=4884"}],"wp:term":[{"taxonomy":"product_brand","embeddable":true,"href":"https:\/\/miidaz.com\/index.php?rest_route=%2Fwp%2Fv2%2Fproduct_brand&post=4884"},{"taxonomy":"product_cat","embeddable":true,"href":"https:\/\/miidaz.com\/index.php?rest_route=%2Fwp%2Fv2%2Fproduct_cat&post=4884"},{"taxonomy":"product_tag","embeddable":true,"href":"https:\/\/miidaz.com\/index.php?rest_route=%2Fwp%2Fv2%2Fproduct_tag&post=4884"}],"curies":[{"name":"wp","href":"https:\/\/api.w.org\/{rel}","templated":true}]}}