{"id":4893,"date":"2026-03-19T21:11:51","date_gmt":"2026-03-19T21:11:51","guid":{"rendered":"https:\/\/miidaz.com\/product\/set-de-herramientas-con-linterna-edison\/"},"modified":"2026-03-29T02:16:58","modified_gmt":"2026-03-29T02:16:58","slug":"set-de-herramientas-con-linterna-edison","status":"publish","type":"product","link":"https:\/\/miidaz.com\/?product=set-de-herramientas-con-linterna-edison","title":{"rendered":"Set de Herramientas con Linterna Edison"},"content":{"rendered":"<p>La linterna multifuncional cuenta con bot\u00f3n de encendido que permite ajustar la intensidad de la luz en tres niveles, apag\u00e1ndose al cuarto clic. Su cabezal giratorio permite orientar la luz seg\u00fan la necesidad, brindando mayor versatilidad en espacios de trabajo. Incorpora entrada tipo C para recarga, base magn\u00e9tica para sujetar piezas met\u00e1licas y gancho para colgar (3,2 X 4,5). Adem\u00e1s, incluye 8 puntas de destornillador, sujetador de pieza (12,5 X \u00d8 0,7) y 3 llaves hexagonales, lo que la convierte en una soluci\u00f3n pr\u00e1ctica y completa para espacios de trabajo. Est\u00e1 fabricada en ABS, PP y hierro inoxidable.<\/p>\n","protected":false},"excerpt":{"rendered":"<p>La linterna multifuncional cuenta con bot\u00f3n de encendido que permite ajustar la intensidad de la luz en tres niveles, apag\u00e1ndose al cuarto clic. Su cabezal giratorio permite orientar la luz seg\u00fan la necesidad, brindando mayor versatilidad en espacios de trabajo. Incorpora entrada tipo C para recarga, base magn\u00e9tica para sujetar piezas met\u00e1licas y gancho para [&hellip;]<\/p>\n","protected":false},"featured_media":56554,"comment_status":"open","ping_status":"closed","template":"","meta":{"_uag_custom_page_level_css":""},"product_brand":[],"product_cat":[76],"product_tag":[114,112],"class_list":{"0":"post-4893","1":"product","2":"type-product","3":"status-publish","4":"has-post-thumbnail","6":"product_cat-herramienteros","7":"product_tag-novedades-2026","8":"product_tag-temporada-irresistibles","10":"first","11":"instock","12":"shipping-taxable","13":"purchasable","14":"product-type-variable"},"aioseo_notices":[],"uagb_featured_image_src":{"full":["https:\/\/miidaz.com\/wp-content\/uploads\/2026\/03\/HE0360-1.jpg",1000,1000,false],"thumbnail":["https:\/\/miidaz.com\/wp-content\/uploads\/2026\/03\/HE0360-1-150x150.jpg",150,150,true],"medium":["https:\/\/miidaz.com\/wp-content\/uploads\/2026\/03\/HE0360-1-300x300.jpg",300,300,true],"medium_large":["https:\/\/miidaz.com\/wp-content\/uploads\/2026\/03\/HE0360-1-768x768.jpg",768,768,true],"large":["https:\/\/miidaz.com\/wp-content\/uploads\/2026\/03\/HE0360-1.jpg",800,800,false],"1536x1536":["https:\/\/miidaz.com\/wp-content\/uploads\/2026\/03\/HE0360-1.jpg",1000,1000,false],"2048x2048":["https:\/\/miidaz.com\/wp-content\/uploads\/2026\/03\/HE0360-1.jpg",1000,1000,false],"woocommerce_thumbnail":["https:\/\/miidaz.com\/wp-content\/uploads\/2026\/03\/HE0360-1-300x300.jpg",300,300,true],"woocommerce_single":["https:\/\/miidaz.com\/wp-content\/uploads\/2026\/03\/HE0360-1-600x600.jpg",600,600,true],"woocommerce_gallery_thumbnail":["https:\/\/miidaz.com\/wp-content\/uploads\/2026\/03\/HE0360-1-100x100.jpg",100,100,true]},"uagb_author_info":{"display_name":"","author_link":"https:\/\/miidaz.com\/?author=0"},"uagb_comment_info":0,"uagb_excerpt":"La linterna multifuncional cuenta con bot\u00f3n de encendido que permite ajustar la intensidad de la luz en tres niveles, apag\u00e1ndose al cuarto clic. Su cabezal giratorio permite orientar la luz seg\u00fan la necesidad, brindando mayor versatilidad en espacios de trabajo. Incorpora entrada tipo C para recarga, base magn\u00e9tica para sujetar piezas met\u00e1licas y gancho para&hellip;","_links":{"self":[{"href":"https:\/\/miidaz.com\/index.php?rest_route=\/wp\/v2\/product\/4893","targetHints":{"allow":["GET"]}}],"collection":[{"href":"https:\/\/miidaz.com\/index.php?rest_route=\/wp\/v2\/product"}],"about":[{"href":"https:\/\/miidaz.com\/index.php?rest_route=\/wp\/v2\/types\/product"}],"replies":[{"embeddable":true,"href":"https:\/\/miidaz.com\/index.php?rest_route=%2Fwp%2Fv2%2Fcomments&post=4893"}],"version-history":[{"count":0,"href":"https:\/\/miidaz.com\/index.php?rest_route=\/wp\/v2\/product\/4893\/revisions"}],"wp:featuredmedia":[{"embeddable":true,"href":"https:\/\/miidaz.com\/index.php?rest_route=\/wp\/v2\/media\/56554"}],"wp:attachment":[{"href":"https:\/\/miidaz.com\/index.php?rest_route=%2Fwp%2Fv2%2Fmedia&parent=4893"}],"wp:term":[{"taxonomy":"product_brand","embeddable":true,"href":"https:\/\/miidaz.com\/index.php?rest_route=%2Fwp%2Fv2%2Fproduct_brand&post=4893"},{"taxonomy":"product_cat","embeddable":true,"href":"https:\/\/miidaz.com\/index.php?rest_route=%2Fwp%2Fv2%2Fproduct_cat&post=4893"},{"taxonomy":"product_tag","embeddable":true,"href":"https:\/\/miidaz.com\/index.php?rest_route=%2Fwp%2Fv2%2Fproduct_tag&post=4893"}],"curies":[{"name":"wp","href":"https:\/\/api.w.org\/{rel}","templated":true}]}}