{"id":4900,"date":"2026-03-19T21:11:53","date_gmt":"2026-03-19T21:11:53","guid":{"rendered":"https:\/\/miidaz.com\/product\/herramientero-wayne\/"},"modified":"2026-03-29T02:16:58","modified_gmt":"2026-03-29T02:16:58","slug":"herramientero-wayne","status":"publish","type":"product","link":"https:\/\/miidaz.com\/?product=herramientero-wayne","title":{"rendered":"Herramientero Wayne"},"content":{"rendered":"<p>Pr\u00e1ctico y vers\u00e1til herramientero con clip, ideal para llevar siempre a mano. Cuenta con una tapa de presi\u00f3n que asegura el bot\u00f3n de encendido de la linterna integrada, brindando funcionalidad adicional en cualquier situaci\u00f3n. En la parte superior incorpora un cierre giratorio que almacena 6 puntas de destornillador intercambiables, las cuales se insertan f\u00e1cilmente en la punta del herramientero para realizar reparaciones r\u00e1pidas y precisas. Su dise\u00f1o compacto y met\u00e1lico lo convierte en una herramienta indispensable para el d\u00eda a d\u00eda.<\/p>\n","protected":false},"excerpt":{"rendered":"<p>Pr\u00e1ctico y vers\u00e1til herramientero con clip, ideal para llevar siempre a mano. Cuenta con una tapa de presi\u00f3n que asegura el bot\u00f3n de encendido de la linterna integrada, brindando funcionalidad adicional en cualquier situaci\u00f3n. En la parte superior incorpora un cierre giratorio que almacena 6 puntas de destornillador intercambiables, las cuales se insertan f\u00e1cilmente en [&hellip;]<\/p>\n","protected":false},"featured_media":56565,"comment_status":"open","ping_status":"closed","template":"","meta":{"_uag_custom_page_level_css":""},"product_brand":[],"product_cat":[76],"product_tag":[114,112],"class_list":{"0":"post-4900","1":"product","2":"type-product","3":"status-publish","4":"has-post-thumbnail","6":"product_cat-herramienteros","7":"product_tag-novedades-2026","8":"product_tag-temporada-irresistibles","10":"first","11":"instock","12":"shipping-taxable","13":"purchasable","14":"product-type-variable"},"aioseo_notices":[],"uagb_featured_image_src":{"full":["https:\/\/miidaz.com\/wp-content\/uploads\/2026\/03\/HE0362-1.jpg",1000,1000,false],"thumbnail":["https:\/\/miidaz.com\/wp-content\/uploads\/2026\/03\/HE0362-1-150x150.jpg",150,150,true],"medium":["https:\/\/miidaz.com\/wp-content\/uploads\/2026\/03\/HE0362-1-300x300.jpg",300,300,true],"medium_large":["https:\/\/miidaz.com\/wp-content\/uploads\/2026\/03\/HE0362-1-768x768.jpg",768,768,true],"large":["https:\/\/miidaz.com\/wp-content\/uploads\/2026\/03\/HE0362-1.jpg",800,800,false],"1536x1536":["https:\/\/miidaz.com\/wp-content\/uploads\/2026\/03\/HE0362-1.jpg",1000,1000,false],"2048x2048":["https:\/\/miidaz.com\/wp-content\/uploads\/2026\/03\/HE0362-1.jpg",1000,1000,false],"woocommerce_thumbnail":["https:\/\/miidaz.com\/wp-content\/uploads\/2026\/03\/HE0362-1-300x300.jpg",300,300,true],"woocommerce_single":["https:\/\/miidaz.com\/wp-content\/uploads\/2026\/03\/HE0362-1-600x600.jpg",600,600,true],"woocommerce_gallery_thumbnail":["https:\/\/miidaz.com\/wp-content\/uploads\/2026\/03\/HE0362-1-100x100.jpg",100,100,true]},"uagb_author_info":{"display_name":"","author_link":"https:\/\/miidaz.com\/?author=0"},"uagb_comment_info":0,"uagb_excerpt":"Pr\u00e1ctico y vers\u00e1til herramientero con clip, ideal para llevar siempre a mano. Cuenta con una tapa de presi\u00f3n que asegura el bot\u00f3n de encendido de la linterna integrada, brindando funcionalidad adicional en cualquier situaci\u00f3n. En la parte superior incorpora un cierre giratorio que almacena 6 puntas de destornillador intercambiables, las cuales se insertan f\u00e1cilmente en&hellip;","_links":{"self":[{"href":"https:\/\/miidaz.com\/index.php?rest_route=\/wp\/v2\/product\/4900","targetHints":{"allow":["GET"]}}],"collection":[{"href":"https:\/\/miidaz.com\/index.php?rest_route=\/wp\/v2\/product"}],"about":[{"href":"https:\/\/miidaz.com\/index.php?rest_route=\/wp\/v2\/types\/product"}],"replies":[{"embeddable":true,"href":"https:\/\/miidaz.com\/index.php?rest_route=%2Fwp%2Fv2%2Fcomments&post=4900"}],"version-history":[{"count":0,"href":"https:\/\/miidaz.com\/index.php?rest_route=\/wp\/v2\/product\/4900\/revisions"}],"wp:featuredmedia":[{"embeddable":true,"href":"https:\/\/miidaz.com\/index.php?rest_route=\/wp\/v2\/media\/56565"}],"wp:attachment":[{"href":"https:\/\/miidaz.com\/index.php?rest_route=%2Fwp%2Fv2%2Fmedia&parent=4900"}],"wp:term":[{"taxonomy":"product_brand","embeddable":true,"href":"https:\/\/miidaz.com\/index.php?rest_route=%2Fwp%2Fv2%2Fproduct_brand&post=4900"},{"taxonomy":"product_cat","embeddable":true,"href":"https:\/\/miidaz.com\/index.php?rest_route=%2Fwp%2Fv2%2Fproduct_cat&post=4900"},{"taxonomy":"product_tag","embeddable":true,"href":"https:\/\/miidaz.com\/index.php?rest_route=%2Fwp%2Fv2%2Fproduct_tag&post=4900"}],"curies":[{"name":"wp","href":"https:\/\/api.w.org\/{rel}","templated":true}]}}