{"id":4922,"date":"2026-03-19T21:11:59","date_gmt":"2026-03-19T21:11:59","guid":{"rendered":"https:\/\/miidaz.com\/product\/linterna-tipo-c-zelda\/"},"modified":"2026-03-29T02:16:58","modified_gmt":"2026-03-29T02:16:58","slug":"linterna-tipo-c-zelda","status":"publish","type":"product","link":"https:\/\/miidaz.com\/?product=linterna-tipo-c-zelda","title":{"rendered":"Linterna Tipo-C Zelda"},"content":{"rendered":"<p>Linterna recargable de alto rendimiento con 110 l\u00famenes y 3 modos de luz ajustables, que se controlan mediante un bot\u00f3n ubicado junto al puerto de carga. Su dise\u00f1o incluye funci\u00f3n zoom in\/out, permitiendo enfocar o ampliar la iluminaci\u00f3n deslizando el cuerpo de la linterna. Equipada con bater\u00eda interna de 400 mAh, cable de carga incluido y pr\u00e1ctico cord\u00f3n para llevarla c\u00f3modamente. Ideal para uso diario, actividades al aire libre o emergencias.<\/p>\n","protected":false},"excerpt":{"rendered":"<p>Linterna recargable de alto rendimiento con 110 l\u00famenes y 3 modos de luz ajustables, que se controlan mediante un bot\u00f3n ubicado junto al puerto de carga. Su dise\u00f1o incluye funci\u00f3n zoom in\/out, permitiendo enfocar o ampliar la iluminaci\u00f3n deslizando el cuerpo de la linterna. Equipada con bater\u00eda interna de 400 mAh, cable de carga incluido [&hellip;]<\/p>\n","protected":false},"featured_media":56590,"comment_status":"open","ping_status":"closed","template":"","meta":{"_uag_custom_page_level_css":""},"product_brand":[],"product_cat":[81],"product_tag":[114,112],"class_list":{"0":"post-4922","1":"product","2":"type-product","3":"status-publish","4":"has-post-thumbnail","6":"product_cat-linternas","7":"product_tag-novedades-2026","8":"product_tag-temporada-irresistibles","10":"first","11":"outofstock","12":"shipping-taxable","13":"purchasable","14":"product-type-variable"},"aioseo_notices":[],"uagb_featured_image_src":{"full":["https:\/\/miidaz.com\/wp-content\/uploads\/2026\/03\/HE0367-1.jpg",1000,1000,false],"thumbnail":["https:\/\/miidaz.com\/wp-content\/uploads\/2026\/03\/HE0367-1-150x150.jpg",150,150,true],"medium":["https:\/\/miidaz.com\/wp-content\/uploads\/2026\/03\/HE0367-1-300x300.jpg",300,300,true],"medium_large":["https:\/\/miidaz.com\/wp-content\/uploads\/2026\/03\/HE0367-1-768x768.jpg",768,768,true],"large":["https:\/\/miidaz.com\/wp-content\/uploads\/2026\/03\/HE0367-1.jpg",800,800,false],"1536x1536":["https:\/\/miidaz.com\/wp-content\/uploads\/2026\/03\/HE0367-1.jpg",1000,1000,false],"2048x2048":["https:\/\/miidaz.com\/wp-content\/uploads\/2026\/03\/HE0367-1.jpg",1000,1000,false],"woocommerce_thumbnail":["https:\/\/miidaz.com\/wp-content\/uploads\/2026\/03\/HE0367-1-300x300.jpg",300,300,true],"woocommerce_single":["https:\/\/miidaz.com\/wp-content\/uploads\/2026\/03\/HE0367-1-600x600.jpg",600,600,true],"woocommerce_gallery_thumbnail":["https:\/\/miidaz.com\/wp-content\/uploads\/2026\/03\/HE0367-1-100x100.jpg",100,100,true]},"uagb_author_info":{"display_name":"","author_link":"https:\/\/miidaz.com\/?author=0"},"uagb_comment_info":0,"uagb_excerpt":"Linterna recargable de alto rendimiento con 110 l\u00famenes y 3 modos de luz ajustables, que se controlan mediante un bot\u00f3n ubicado junto al puerto de carga. Su dise\u00f1o incluye funci\u00f3n zoom in\/out, permitiendo enfocar o ampliar la iluminaci\u00f3n deslizando el cuerpo de la linterna. Equipada con bater\u00eda interna de 400 mAh, cable de carga incluido&hellip;","_links":{"self":[{"href":"https:\/\/miidaz.com\/index.php?rest_route=\/wp\/v2\/product\/4922","targetHints":{"allow":["GET"]}}],"collection":[{"href":"https:\/\/miidaz.com\/index.php?rest_route=\/wp\/v2\/product"}],"about":[{"href":"https:\/\/miidaz.com\/index.php?rest_route=\/wp\/v2\/types\/product"}],"replies":[{"embeddable":true,"href":"https:\/\/miidaz.com\/index.php?rest_route=%2Fwp%2Fv2%2Fcomments&post=4922"}],"version-history":[{"count":0,"href":"https:\/\/miidaz.com\/index.php?rest_route=\/wp\/v2\/product\/4922\/revisions"}],"wp:featuredmedia":[{"embeddable":true,"href":"https:\/\/miidaz.com\/index.php?rest_route=\/wp\/v2\/media\/56590"}],"wp:attachment":[{"href":"https:\/\/miidaz.com\/index.php?rest_route=%2Fwp%2Fv2%2Fmedia&parent=4922"}],"wp:term":[{"taxonomy":"product_brand","embeddable":true,"href":"https:\/\/miidaz.com\/index.php?rest_route=%2Fwp%2Fv2%2Fproduct_brand&post=4922"},{"taxonomy":"product_cat","embeddable":true,"href":"https:\/\/miidaz.com\/index.php?rest_route=%2Fwp%2Fv2%2Fproduct_cat&post=4922"},{"taxonomy":"product_tag","embeddable":true,"href":"https:\/\/miidaz.com\/index.php?rest_route=%2Fwp%2Fv2%2Fproduct_tag&post=4922"}],"curies":[{"name":"wp","href":"https:\/\/api.w.org\/{rel}","templated":true}]}}