{"id":5022,"date":"2026-03-19T21:12:39","date_gmt":"2026-03-19T21:12:39","guid":{"rendered":"https:\/\/miidaz.com\/product\/cubiertos-bambu-tunny\/"},"modified":"2026-03-29T02:17:09","modified_gmt":"2026-03-29T02:17:09","slug":"cubiertos-bambu-tunny","status":"publish","type":"product","link":"https:\/\/miidaz.com\/?product=cubiertos-bambu-tunny","title":{"rendered":"Cubiertos Bamb\u00fa Tunny"},"content":{"rendered":"<p>Set de Cubiertos en bamb\u00fa en estuche textil con cierre de broche, incluye Tenedor, Cuchara, Cuchillo y Pitillo con cepillo para limpiarlo. Sugerencias de cuidado y limpieza de pitillos en Bamb\u00fa: Dejar sumergido en agua con sal, durante dos horas y antes de su primer uso. Esto para prolongar la vida \u00fatil del producto. Posteriormente se puede lavar con agua y jab\u00f3n y secar al aire. Producto de uso personal. No se aceptan devoluciones.<\/p>\n","protected":false},"excerpt":{"rendered":"<p>Set de Cubiertos en bamb\u00fa en estuche textil con cierre de broche, incluye Tenedor, Cuchara, Cuchillo y Pitillo con cepillo para limpiarlo. Sugerencias de cuidado y limpieza de pitillos en Bamb\u00fa: Dejar sumergido en agua con sal, durante dos horas y antes de su primer uso. Esto para prolongar la vida \u00fatil del producto. Posteriormente [&hellip;]<\/p>\n","protected":false},"featured_media":56838,"comment_status":"open","ping_status":"closed","template":"","meta":{"_uag_custom_page_level_css":""},"product_brand":[],"product_cat":[84],"product_tag":[],"class_list":{"0":"post-5022","1":"product","2":"type-product","3":"status-publish","4":"has-post-thumbnail","6":"product_cat-accesorios-de-cocina","8":"first","9":"instock","10":"shipping-taxable","11":"purchasable","12":"product-type-variable"},"aioseo_notices":[],"uagb_featured_image_src":{"full":["https:\/\/miidaz.com\/wp-content\/uploads\/2026\/03\/HO0353-1.jpg",1000,1000,false],"thumbnail":["https:\/\/miidaz.com\/wp-content\/uploads\/2026\/03\/HO0353-1-150x150.jpg",150,150,true],"medium":["https:\/\/miidaz.com\/wp-content\/uploads\/2026\/03\/HO0353-1-300x300.jpg",300,300,true],"medium_large":["https:\/\/miidaz.com\/wp-content\/uploads\/2026\/03\/HO0353-1-768x768.jpg",768,768,true],"large":["https:\/\/miidaz.com\/wp-content\/uploads\/2026\/03\/HO0353-1.jpg",800,800,false],"1536x1536":["https:\/\/miidaz.com\/wp-content\/uploads\/2026\/03\/HO0353-1.jpg",1000,1000,false],"2048x2048":["https:\/\/miidaz.com\/wp-content\/uploads\/2026\/03\/HO0353-1.jpg",1000,1000,false],"woocommerce_thumbnail":["https:\/\/miidaz.com\/wp-content\/uploads\/2026\/03\/HO0353-1-300x300.jpg",300,300,true],"woocommerce_single":["https:\/\/miidaz.com\/wp-content\/uploads\/2026\/03\/HO0353-1-600x600.jpg",600,600,true],"woocommerce_gallery_thumbnail":["https:\/\/miidaz.com\/wp-content\/uploads\/2026\/03\/HO0353-1-100x100.jpg",100,100,true]},"uagb_author_info":{"display_name":"","author_link":"https:\/\/miidaz.com\/?author=0"},"uagb_comment_info":0,"uagb_excerpt":"Set de Cubiertos en bamb\u00fa en estuche textil con cierre de broche, incluye Tenedor, Cuchara, Cuchillo y Pitillo con cepillo para limpiarlo. Sugerencias de cuidado y limpieza de pitillos en Bamb\u00fa: Dejar sumergido en agua con sal, durante dos horas y antes de su primer uso. Esto para prolongar la vida \u00fatil del producto. Posteriormente&hellip;","_links":{"self":[{"href":"https:\/\/miidaz.com\/index.php?rest_route=\/wp\/v2\/product\/5022","targetHints":{"allow":["GET"]}}],"collection":[{"href":"https:\/\/miidaz.com\/index.php?rest_route=\/wp\/v2\/product"}],"about":[{"href":"https:\/\/miidaz.com\/index.php?rest_route=\/wp\/v2\/types\/product"}],"replies":[{"embeddable":true,"href":"https:\/\/miidaz.com\/index.php?rest_route=%2Fwp%2Fv2%2Fcomments&post=5022"}],"version-history":[{"count":0,"href":"https:\/\/miidaz.com\/index.php?rest_route=\/wp\/v2\/product\/5022\/revisions"}],"wp:featuredmedia":[{"embeddable":true,"href":"https:\/\/miidaz.com\/index.php?rest_route=\/wp\/v2\/media\/56838"}],"wp:attachment":[{"href":"https:\/\/miidaz.com\/index.php?rest_route=%2Fwp%2Fv2%2Fmedia&parent=5022"}],"wp:term":[{"taxonomy":"product_brand","embeddable":true,"href":"https:\/\/miidaz.com\/index.php?rest_route=%2Fwp%2Fv2%2Fproduct_brand&post=5022"},{"taxonomy":"product_cat","embeddable":true,"href":"https:\/\/miidaz.com\/index.php?rest_route=%2Fwp%2Fv2%2Fproduct_cat&post=5022"},{"taxonomy":"product_tag","embeddable":true,"href":"https:\/\/miidaz.com\/index.php?rest_route=%2Fwp%2Fv2%2Fproduct_tag&post=5022"}],"curies":[{"name":"wp","href":"https:\/\/api.w.org\/{rel}","templated":true}]}}