{"id":5186,"date":"2026-03-19T21:13:40","date_gmt":"2026-03-19T21:13:40","guid":{"rendered":"https:\/\/miidaz.com\/product\/batidor-espumador-bean\/"},"modified":"2026-03-29T02:17:20","modified_gmt":"2026-03-29T02:17:20","slug":"batidor-espumador-bean","status":"publish","type":"product","link":"https:\/\/miidaz.com\/?product=batidor-espumador-bean","title":{"rendered":"Batidor Espumador Bean"},"content":{"rendered":"<p>Agitador el\u00e9ctrico ideal para mezclar l\u00edquidos de forma r\u00e1pida y uniforme. Cuenta con una cubierta superior de empuje que se desliza para facilitar la instalaci\u00f3n de las pilas AA (no incluidas). Su bot\u00f3n de encendido y apagado est\u00e1 ubicado en el lateral, lo que permite un uso c\u00f3modo. Compacto y funcional, es perfecto para preparar bebidas como caf\u00e9, chocolate caliente o batidos instant\u00e1neos.<\/p>\n","protected":false},"excerpt":{"rendered":"<p>Agitador el\u00e9ctrico ideal para mezclar l\u00edquidos de forma r\u00e1pida y uniforme. Cuenta con una cubierta superior de empuje que se desliza para facilitar la instalaci\u00f3n de las pilas AA (no incluidas). Su bot\u00f3n de encendido y apagado est\u00e1 ubicado en el lateral, lo que permite un uso c\u00f3modo. Compacto y funcional, es perfecto para preparar [&hellip;]<\/p>\n","protected":false},"featured_media":57230,"comment_status":"open","ping_status":"closed","template":"","meta":{"_uag_custom_page_level_css":""},"product_brand":[],"product_cat":[84],"product_tag":[114,112],"class_list":{"0":"post-5186","1":"product","2":"type-product","3":"status-publish","4":"has-post-thumbnail","6":"product_cat-accesorios-de-cocina","7":"product_tag-novedades-2026","8":"product_tag-temporada-irresistibles","10":"first","11":"instock","12":"shipping-taxable","13":"purchasable","14":"product-type-variable"},"aioseo_notices":[],"uagb_featured_image_src":{"full":["https:\/\/miidaz.com\/wp-content\/uploads\/2026\/03\/HO0412-1.jpg",1000,1000,false],"thumbnail":["https:\/\/miidaz.com\/wp-content\/uploads\/2026\/03\/HO0412-1-150x150.jpg",150,150,true],"medium":["https:\/\/miidaz.com\/wp-content\/uploads\/2026\/03\/HO0412-1-300x300.jpg",300,300,true],"medium_large":["https:\/\/miidaz.com\/wp-content\/uploads\/2026\/03\/HO0412-1-768x768.jpg",768,768,true],"large":["https:\/\/miidaz.com\/wp-content\/uploads\/2026\/03\/HO0412-1.jpg",800,800,false],"1536x1536":["https:\/\/miidaz.com\/wp-content\/uploads\/2026\/03\/HO0412-1.jpg",1000,1000,false],"2048x2048":["https:\/\/miidaz.com\/wp-content\/uploads\/2026\/03\/HO0412-1.jpg",1000,1000,false],"woocommerce_thumbnail":["https:\/\/miidaz.com\/wp-content\/uploads\/2026\/03\/HO0412-1-300x300.jpg",300,300,true],"woocommerce_single":["https:\/\/miidaz.com\/wp-content\/uploads\/2026\/03\/HO0412-1-600x600.jpg",600,600,true],"woocommerce_gallery_thumbnail":["https:\/\/miidaz.com\/wp-content\/uploads\/2026\/03\/HO0412-1-100x100.jpg",100,100,true]},"uagb_author_info":{"display_name":"","author_link":"https:\/\/miidaz.com\/?author=0"},"uagb_comment_info":0,"uagb_excerpt":"Agitador el\u00e9ctrico ideal para mezclar l\u00edquidos de forma r\u00e1pida y uniforme. Cuenta con una cubierta superior de empuje que se desliza para facilitar la instalaci\u00f3n de las pilas AA (no incluidas). Su bot\u00f3n de encendido y apagado est\u00e1 ubicado en el lateral, lo que permite un uso c\u00f3modo. Compacto y funcional, es perfecto para preparar&hellip;","_links":{"self":[{"href":"https:\/\/miidaz.com\/index.php?rest_route=\/wp\/v2\/product\/5186","targetHints":{"allow":["GET"]}}],"collection":[{"href":"https:\/\/miidaz.com\/index.php?rest_route=\/wp\/v2\/product"}],"about":[{"href":"https:\/\/miidaz.com\/index.php?rest_route=\/wp\/v2\/types\/product"}],"replies":[{"embeddable":true,"href":"https:\/\/miidaz.com\/index.php?rest_route=%2Fwp%2Fv2%2Fcomments&post=5186"}],"version-history":[{"count":0,"href":"https:\/\/miidaz.com\/index.php?rest_route=\/wp\/v2\/product\/5186\/revisions"}],"wp:featuredmedia":[{"embeddable":true,"href":"https:\/\/miidaz.com\/index.php?rest_route=\/wp\/v2\/media\/57230"}],"wp:attachment":[{"href":"https:\/\/miidaz.com\/index.php?rest_route=%2Fwp%2Fv2%2Fmedia&parent=5186"}],"wp:term":[{"taxonomy":"product_brand","embeddable":true,"href":"https:\/\/miidaz.com\/index.php?rest_route=%2Fwp%2Fv2%2Fproduct_brand&post=5186"},{"taxonomy":"product_cat","embeddable":true,"href":"https:\/\/miidaz.com\/index.php?rest_route=%2Fwp%2Fv2%2Fproduct_cat&post=5186"},{"taxonomy":"product_tag","embeddable":true,"href":"https:\/\/miidaz.com\/index.php?rest_route=%2Fwp%2Fv2%2Fproduct_tag&post=5186"}],"curies":[{"name":"wp","href":"https:\/\/api.w.org\/{rel}","templated":true}]}}