{"id":5783,"date":"2026-03-19T21:16:38","date_gmt":"2026-03-19T21:16:38","guid":{"rendered":"https:\/\/miidaz.com\/product\/libreta-curie\/"},"modified":"2026-03-29T02:17:57","modified_gmt":"2026-03-29T02:17:57","slug":"libreta-curie","status":"publish","type":"product","link":"https:\/\/miidaz.com\/?product=libreta-curie","title":{"rendered":"Libreta Curie"},"content":{"rendered":"<p>Libreta elegante con cubierta frontal en PU t\u00e9rmico grabado con rayas verticales y cubierta trasera en PU termo, que le da un acabado sofisticado y resistente. Contiene 80 hojas de papel de 70 g\/m\u00b2 con impresi\u00f3n lineal, ideal para escritura c\u00f3moda y organizada. Incluye cinta marcadora y banda el\u00e1stica para mantenerla cerrada de forma segura.<\/p>\n","protected":false},"excerpt":{"rendered":"<p>Libreta elegante con cubierta frontal en PU t\u00e9rmico grabado con rayas verticales y cubierta trasera en PU termo, que le da un acabado sofisticado y resistente. Contiene 80 hojas de papel de 70 g\/m\u00b2 con impresi\u00f3n lineal, ideal para escritura c\u00f3moda y organizada. Incluye cinta marcadora y banda el\u00e1stica para mantenerla cerrada de forma segura.<\/p>\n","protected":false},"featured_media":58366,"comment_status":"open","ping_status":"closed","template":"","meta":{"_uag_custom_page_level_css":""},"product_brand":[],"product_cat":[89],"product_tag":[114,112],"class_list":{"0":"post-5783","1":"product","2":"type-product","3":"status-publish","4":"has-post-thumbnail","6":"product_cat-libretas-plasticas","7":"product_tag-novedades-2026","8":"product_tag-temporada-irresistibles","10":"first","11":"instock","12":"shipping-taxable","13":"purchasable","14":"product-type-variable"},"aioseo_notices":[],"uagb_featured_image_src":{"full":["https:\/\/miidaz.com\/wp-content\/uploads\/2026\/03\/OF0638-1.jpg",1000,1000,false],"thumbnail":["https:\/\/miidaz.com\/wp-content\/uploads\/2026\/03\/OF0638-1-150x150.jpg",150,150,true],"medium":["https:\/\/miidaz.com\/wp-content\/uploads\/2026\/03\/OF0638-1-300x300.jpg",300,300,true],"medium_large":["https:\/\/miidaz.com\/wp-content\/uploads\/2026\/03\/OF0638-1-768x768.jpg",768,768,true],"large":["https:\/\/miidaz.com\/wp-content\/uploads\/2026\/03\/OF0638-1.jpg",800,800,false],"1536x1536":["https:\/\/miidaz.com\/wp-content\/uploads\/2026\/03\/OF0638-1.jpg",1000,1000,false],"2048x2048":["https:\/\/miidaz.com\/wp-content\/uploads\/2026\/03\/OF0638-1.jpg",1000,1000,false],"woocommerce_thumbnail":["https:\/\/miidaz.com\/wp-content\/uploads\/2026\/03\/OF0638-1-300x300.jpg",300,300,true],"woocommerce_single":["https:\/\/miidaz.com\/wp-content\/uploads\/2026\/03\/OF0638-1-600x600.jpg",600,600,true],"woocommerce_gallery_thumbnail":["https:\/\/miidaz.com\/wp-content\/uploads\/2026\/03\/OF0638-1-100x100.jpg",100,100,true]},"uagb_author_info":{"display_name":"","author_link":"https:\/\/miidaz.com\/?author=0"},"uagb_comment_info":0,"uagb_excerpt":"Libreta elegante con cubierta frontal en PU t\u00e9rmico grabado con rayas verticales y cubierta trasera en PU termo, que le da un acabado sofisticado y resistente. Contiene 80 hojas de papel de 70 g\/m\u00b2 con impresi\u00f3n lineal, ideal para escritura c\u00f3moda y organizada. Incluye cinta marcadora y banda el\u00e1stica para mantenerla cerrada de forma segura.","_links":{"self":[{"href":"https:\/\/miidaz.com\/index.php?rest_route=\/wp\/v2\/product\/5783","targetHints":{"allow":["GET"]}}],"collection":[{"href":"https:\/\/miidaz.com\/index.php?rest_route=\/wp\/v2\/product"}],"about":[{"href":"https:\/\/miidaz.com\/index.php?rest_route=\/wp\/v2\/types\/product"}],"replies":[{"embeddable":true,"href":"https:\/\/miidaz.com\/index.php?rest_route=%2Fwp%2Fv2%2Fcomments&post=5783"}],"version-history":[{"count":0,"href":"https:\/\/miidaz.com\/index.php?rest_route=\/wp\/v2\/product\/5783\/revisions"}],"wp:featuredmedia":[{"embeddable":true,"href":"https:\/\/miidaz.com\/index.php?rest_route=\/wp\/v2\/media\/58366"}],"wp:attachment":[{"href":"https:\/\/miidaz.com\/index.php?rest_route=%2Fwp%2Fv2%2Fmedia&parent=5783"}],"wp:term":[{"taxonomy":"product_brand","embeddable":true,"href":"https:\/\/miidaz.com\/index.php?rest_route=%2Fwp%2Fv2%2Fproduct_brand&post=5783"},{"taxonomy":"product_cat","embeddable":true,"href":"https:\/\/miidaz.com\/index.php?rest_route=%2Fwp%2Fv2%2Fproduct_cat&post=5783"},{"taxonomy":"product_tag","embeddable":true,"href":"https:\/\/miidaz.com\/index.php?rest_route=%2Fwp%2Fv2%2Fproduct_tag&post=5783"}],"curies":[{"name":"wp","href":"https:\/\/api.w.org\/{rel}","templated":true}]}}