{"id":5807,"date":"2026-03-19T21:16:43","date_gmt":"2026-03-19T21:16:43","guid":{"rendered":"https:\/\/miidaz.com\/product\/mini-libreta-vivaldi-con-boligrafo\/"},"modified":"2026-03-29T02:17:57","modified_gmt":"2026-03-29T02:17:57","slug":"mini-libreta-vivaldi-con-boligrafo","status":"publish","type":"product","link":"https:\/\/miidaz.com\/?product=mini-libreta-vivaldi-con-boligrafo","title":{"rendered":"Mini Libreta Vivaldi con Bol\u00edgrafo"},"content":{"rendered":"<p>Organiza tus ideas con estilo y funcionalidad. Este pr\u00e1ctico set incluye portada y contraportada elaboradas en papel artesanal, que aportan un toque ecol\u00f3gico y elegante. En su interior encontrar\u00e1s 5 colores de notas adhesivas (25 hojas c\/u) para destacar lo importante, junto a 80 hojas de 70 g\/m\u00b2, f\u00e1ciles de desprender para tus apuntes diarios. Adem\u00e1s, incorpora un bol\u00edgrafo (8,5 X \u00d8 0,8 X 1,1) con barril de papel, clip y mecanismo retr\u00e1ctil, ideal para escribir c\u00f3modamente en cualquier momento. \u00a1Un aliado perfecto para tu escritorio o para llevar contigo a todas partes!<\/p>\n","protected":false},"excerpt":{"rendered":"<p>Organiza tus ideas con estilo y funcionalidad. Este pr\u00e1ctico set incluye portada y contraportada elaboradas en papel artesanal, que aportan un toque ecol\u00f3gico y elegante. En su interior encontrar\u00e1s 5 colores de notas adhesivas (25 hojas c\/u) para destacar lo importante, junto a 80 hojas de 70 g\/m\u00b2, f\u00e1ciles de desprender para tus apuntes diarios. [&hellip;]<\/p>\n","protected":false},"featured_media":58401,"comment_status":"open","ping_status":"closed","template":"","meta":{"_uag_custom_page_level_css":""},"product_brand":[],"product_cat":[88],"product_tag":[114,112],"class_list":{"0":"post-5807","1":"product","2":"type-product","3":"status-publish","4":"has-post-thumbnail","6":"product_cat-libretas-ecologicas","7":"product_tag-novedades-2026","8":"product_tag-temporada-irresistibles","10":"first","11":"instock","12":"shipping-taxable","13":"purchasable","14":"product-type-variable"},"aioseo_notices":[],"uagb_featured_image_src":{"full":["https:\/\/miidaz.com\/wp-content\/uploads\/2026\/03\/OF0642-1.jpg",1000,1000,false],"thumbnail":["https:\/\/miidaz.com\/wp-content\/uploads\/2026\/03\/OF0642-1-150x150.jpg",150,150,true],"medium":["https:\/\/miidaz.com\/wp-content\/uploads\/2026\/03\/OF0642-1-300x300.jpg",300,300,true],"medium_large":["https:\/\/miidaz.com\/wp-content\/uploads\/2026\/03\/OF0642-1-768x768.jpg",768,768,true],"large":["https:\/\/miidaz.com\/wp-content\/uploads\/2026\/03\/OF0642-1.jpg",800,800,false],"1536x1536":["https:\/\/miidaz.com\/wp-content\/uploads\/2026\/03\/OF0642-1.jpg",1000,1000,false],"2048x2048":["https:\/\/miidaz.com\/wp-content\/uploads\/2026\/03\/OF0642-1.jpg",1000,1000,false],"woocommerce_thumbnail":["https:\/\/miidaz.com\/wp-content\/uploads\/2026\/03\/OF0642-1-300x300.jpg",300,300,true],"woocommerce_single":["https:\/\/miidaz.com\/wp-content\/uploads\/2026\/03\/OF0642-1-600x600.jpg",600,600,true],"woocommerce_gallery_thumbnail":["https:\/\/miidaz.com\/wp-content\/uploads\/2026\/03\/OF0642-1-100x100.jpg",100,100,true]},"uagb_author_info":{"display_name":"","author_link":"https:\/\/miidaz.com\/?author=0"},"uagb_comment_info":0,"uagb_excerpt":"Organiza tus ideas con estilo y funcionalidad. Este pr\u00e1ctico set incluye portada y contraportada elaboradas en papel artesanal, que aportan un toque ecol\u00f3gico y elegante. En su interior encontrar\u00e1s 5 colores de notas adhesivas (25 hojas c\/u) para destacar lo importante, junto a 80 hojas de 70 g\/m\u00b2, f\u00e1ciles de desprender para tus apuntes diarios.&hellip;","_links":{"self":[{"href":"https:\/\/miidaz.com\/index.php?rest_route=\/wp\/v2\/product\/5807","targetHints":{"allow":["GET"]}}],"collection":[{"href":"https:\/\/miidaz.com\/index.php?rest_route=\/wp\/v2\/product"}],"about":[{"href":"https:\/\/miidaz.com\/index.php?rest_route=\/wp\/v2\/types\/product"}],"replies":[{"embeddable":true,"href":"https:\/\/miidaz.com\/index.php?rest_route=%2Fwp%2Fv2%2Fcomments&post=5807"}],"version-history":[{"count":0,"href":"https:\/\/miidaz.com\/index.php?rest_route=\/wp\/v2\/product\/5807\/revisions"}],"wp:featuredmedia":[{"embeddable":true,"href":"https:\/\/miidaz.com\/index.php?rest_route=\/wp\/v2\/media\/58401"}],"wp:attachment":[{"href":"https:\/\/miidaz.com\/index.php?rest_route=%2Fwp%2Fv2%2Fmedia&parent=5807"}],"wp:term":[{"taxonomy":"product_brand","embeddable":true,"href":"https:\/\/miidaz.com\/index.php?rest_route=%2Fwp%2Fv2%2Fproduct_brand&post=5807"},{"taxonomy":"product_cat","embeddable":true,"href":"https:\/\/miidaz.com\/index.php?rest_route=%2Fwp%2Fv2%2Fproduct_cat&post=5807"},{"taxonomy":"product_tag","embeddable":true,"href":"https:\/\/miidaz.com\/index.php?rest_route=%2Fwp%2Fv2%2Fproduct_tag&post=5807"}],"curies":[{"name":"wp","href":"https:\/\/api.w.org\/{rel}","templated":true}]}}