{"id":6020,"date":"2026-03-19T21:17:39","date_gmt":"2026-03-19T21:17:39","guid":{"rendered":"https:\/\/miidaz.com\/product\/set-paraguas-da-vinci\/"},"modified":"2026-03-29T02:18:12","modified_gmt":"2026-03-29T02:18:12","slug":"set-paraguas-da-vinci","status":"publish","type":"product","link":"https:\/\/miidaz.com\/?product=set-paraguas-da-vinci","title":{"rendered":"Set Paraguas Da Vinci"},"content":{"rendered":"<p>Set ejecutivo con estuche de lujo. Incluye botella de 600 ml (20 Oz) en acero inoxidable con tapa de rosca y banda de silicona para transportar con facilidad, adem\u00e1s de un Paraguas mini de 19&#8243;. Ambos elementos tienen un detalle en bamb\u00fa para marcar con l\u00e1ser. (Paraguas\/Sombrilla)<\/p>\n","protected":false},"excerpt":{"rendered":"<p>Set ejecutivo con estuche de lujo. Incluye botella de 600 ml (20 Oz) en acero inoxidable con tapa de rosca y banda de silicona para transportar con facilidad, adem\u00e1s de un Paraguas mini de 19&#8243;. Ambos elementos tienen un detalle en bamb\u00fa para marcar con l\u00e1ser. (Paraguas\/Sombrilla)<\/p>\n","protected":false},"featured_media":58904,"comment_status":"open","ping_status":"closed","template":"","meta":{"_uag_custom_page_level_css":""},"product_brand":[],"product_cat":[93],"product_tag":[],"class_list":{"0":"post-6020","1":"product","2":"type-product","3":"status-publish","4":"has-post-thumbnail","6":"product_cat-paraguas-mini","8":"first","9":"outofstock","10":"shipping-taxable","11":"purchasable","12":"product-type-variable"},"aioseo_notices":[],"uagb_featured_image_src":{"full":["https:\/\/miidaz.com\/wp-content\/uploads\/2026\/03\/PA0151-1.jpg",1000,1000,false],"thumbnail":["https:\/\/miidaz.com\/wp-content\/uploads\/2026\/03\/PA0151-1-150x150.jpg",150,150,true],"medium":["https:\/\/miidaz.com\/wp-content\/uploads\/2026\/03\/PA0151-1-300x300.jpg",300,300,true],"medium_large":["https:\/\/miidaz.com\/wp-content\/uploads\/2026\/03\/PA0151-1-768x768.jpg",768,768,true],"large":["https:\/\/miidaz.com\/wp-content\/uploads\/2026\/03\/PA0151-1.jpg",800,800,false],"1536x1536":["https:\/\/miidaz.com\/wp-content\/uploads\/2026\/03\/PA0151-1.jpg",1000,1000,false],"2048x2048":["https:\/\/miidaz.com\/wp-content\/uploads\/2026\/03\/PA0151-1.jpg",1000,1000,false],"woocommerce_thumbnail":["https:\/\/miidaz.com\/wp-content\/uploads\/2026\/03\/PA0151-1-300x300.jpg",300,300,true],"woocommerce_single":["https:\/\/miidaz.com\/wp-content\/uploads\/2026\/03\/PA0151-1-600x600.jpg",600,600,true],"woocommerce_gallery_thumbnail":["https:\/\/miidaz.com\/wp-content\/uploads\/2026\/03\/PA0151-1-100x100.jpg",100,100,true]},"uagb_author_info":{"display_name":"","author_link":"https:\/\/miidaz.com\/?author=0"},"uagb_comment_info":0,"uagb_excerpt":"Set ejecutivo con estuche de lujo. Incluye botella de 600 ml (20 Oz) en acero inoxidable con tapa de rosca y banda de silicona para transportar con facilidad, adem\u00e1s de un Paraguas mini de 19&#8243;. Ambos elementos tienen un detalle en bamb\u00fa para marcar con l\u00e1ser. (Paraguas\/Sombrilla)","_links":{"self":[{"href":"https:\/\/miidaz.com\/index.php?rest_route=\/wp\/v2\/product\/6020","targetHints":{"allow":["GET"]}}],"collection":[{"href":"https:\/\/miidaz.com\/index.php?rest_route=\/wp\/v2\/product"}],"about":[{"href":"https:\/\/miidaz.com\/index.php?rest_route=\/wp\/v2\/types\/product"}],"replies":[{"embeddable":true,"href":"https:\/\/miidaz.com\/index.php?rest_route=%2Fwp%2Fv2%2Fcomments&post=6020"}],"version-history":[{"count":0,"href":"https:\/\/miidaz.com\/index.php?rest_route=\/wp\/v2\/product\/6020\/revisions"}],"wp:featuredmedia":[{"embeddable":true,"href":"https:\/\/miidaz.com\/index.php?rest_route=\/wp\/v2\/media\/58904"}],"wp:attachment":[{"href":"https:\/\/miidaz.com\/index.php?rest_route=%2Fwp%2Fv2%2Fmedia&parent=6020"}],"wp:term":[{"taxonomy":"product_brand","embeddable":true,"href":"https:\/\/miidaz.com\/index.php?rest_route=%2Fwp%2Fv2%2Fproduct_brand&post=6020"},{"taxonomy":"product_cat","embeddable":true,"href":"https:\/\/miidaz.com\/index.php?rest_route=%2Fwp%2Fv2%2Fproduct_cat&post=6020"},{"taxonomy":"product_tag","embeddable":true,"href":"https:\/\/miidaz.com\/index.php?rest_route=%2Fwp%2Fv2%2Fproduct_tag&post=6020"}],"curies":[{"name":"wp","href":"https:\/\/api.w.org\/{rel}","templated":true}]}}