{"id":6023,"date":"2026-03-19T21:17:40","date_gmt":"2026-03-19T21:17:40","guid":{"rendered":"https:\/\/miidaz.com\/product\/set-paraguas-monet\/"},"modified":"2026-03-29T02:18:12","modified_gmt":"2026-03-29T02:18:12","slug":"set-paraguas-monet","status":"publish","type":"product","link":"https:\/\/miidaz.com\/?product=set-paraguas-monet","title":{"rendered":"Set Paraguas Monet"},"content":{"rendered":"<p>Set ejecutivo con estuche de lujo. Incluye bol\u00edgrafo en aluminio con sistema twist, libreta con 80 hojas rayadas, banda el\u00e1stica de cierre lateral, cinta separadora y portabol\u00edgrafo. Adem\u00e1s, botella de doble pared de 600 ml \/ 20 Oz en acero inoxidable con tapa de rosca y banda de silicona para transportar con facilidad. Adem\u00e1s incluye un Paraguas mini. (Paraguas\/Sombrilla)<\/p>\n","protected":false},"excerpt":{"rendered":"<p>Set ejecutivo con estuche de lujo. Incluye bol\u00edgrafo en aluminio con sistema twist, libreta con 80 hojas rayadas, banda el\u00e1stica de cierre lateral, cinta separadora y portabol\u00edgrafo. Adem\u00e1s, botella de doble pared de 600 ml \/ 20 Oz en acero inoxidable con tapa de rosca y banda de silicona para transportar con facilidad. Adem\u00e1s incluye [&hellip;]<\/p>\n","protected":false},"featured_media":58907,"comment_status":"open","ping_status":"closed","template":"","meta":{"_uag_custom_page_level_css":""},"product_brand":[],"product_cat":[93],"product_tag":[],"class_list":{"0":"post-6023","1":"product","2":"type-product","3":"status-publish","4":"has-post-thumbnail","6":"product_cat-paraguas-mini","8":"first","9":"outofstock","10":"shipping-taxable","11":"purchasable","12":"product-type-variable"},"aioseo_notices":[],"uagb_featured_image_src":{"full":["https:\/\/miidaz.com\/wp-content\/uploads\/2026\/03\/PA0152-1.jpg",1000,1000,false],"thumbnail":["https:\/\/miidaz.com\/wp-content\/uploads\/2026\/03\/PA0152-1-150x150.jpg",150,150,true],"medium":["https:\/\/miidaz.com\/wp-content\/uploads\/2026\/03\/PA0152-1-300x300.jpg",300,300,true],"medium_large":["https:\/\/miidaz.com\/wp-content\/uploads\/2026\/03\/PA0152-1-768x768.jpg",768,768,true],"large":["https:\/\/miidaz.com\/wp-content\/uploads\/2026\/03\/PA0152-1.jpg",800,800,false],"1536x1536":["https:\/\/miidaz.com\/wp-content\/uploads\/2026\/03\/PA0152-1.jpg",1000,1000,false],"2048x2048":["https:\/\/miidaz.com\/wp-content\/uploads\/2026\/03\/PA0152-1.jpg",1000,1000,false],"woocommerce_thumbnail":["https:\/\/miidaz.com\/wp-content\/uploads\/2026\/03\/PA0152-1-300x300.jpg",300,300,true],"woocommerce_single":["https:\/\/miidaz.com\/wp-content\/uploads\/2026\/03\/PA0152-1-600x600.jpg",600,600,true],"woocommerce_gallery_thumbnail":["https:\/\/miidaz.com\/wp-content\/uploads\/2026\/03\/PA0152-1-100x100.jpg",100,100,true]},"uagb_author_info":{"display_name":"","author_link":"https:\/\/miidaz.com\/?author=0"},"uagb_comment_info":0,"uagb_excerpt":"Set ejecutivo con estuche de lujo. Incluye bol\u00edgrafo en aluminio con sistema twist, libreta con 80 hojas rayadas, banda el\u00e1stica de cierre lateral, cinta separadora y portabol\u00edgrafo. Adem\u00e1s, botella de doble pared de 600 ml \/ 20 Oz en acero inoxidable con tapa de rosca y banda de silicona para transportar con facilidad. Adem\u00e1s incluye&hellip;","_links":{"self":[{"href":"https:\/\/miidaz.com\/index.php?rest_route=\/wp\/v2\/product\/6023","targetHints":{"allow":["GET"]}}],"collection":[{"href":"https:\/\/miidaz.com\/index.php?rest_route=\/wp\/v2\/product"}],"about":[{"href":"https:\/\/miidaz.com\/index.php?rest_route=\/wp\/v2\/types\/product"}],"replies":[{"embeddable":true,"href":"https:\/\/miidaz.com\/index.php?rest_route=%2Fwp%2Fv2%2Fcomments&post=6023"}],"version-history":[{"count":0,"href":"https:\/\/miidaz.com\/index.php?rest_route=\/wp\/v2\/product\/6023\/revisions"}],"wp:featuredmedia":[{"embeddable":true,"href":"https:\/\/miidaz.com\/index.php?rest_route=\/wp\/v2\/media\/58907"}],"wp:attachment":[{"href":"https:\/\/miidaz.com\/index.php?rest_route=%2Fwp%2Fv2%2Fmedia&parent=6023"}],"wp:term":[{"taxonomy":"product_brand","embeddable":true,"href":"https:\/\/miidaz.com\/index.php?rest_route=%2Fwp%2Fv2%2Fproduct_brand&post=6023"},{"taxonomy":"product_cat","embeddable":true,"href":"https:\/\/miidaz.com\/index.php?rest_route=%2Fwp%2Fv2%2Fproduct_cat&post=6023"},{"taxonomy":"product_tag","embeddable":true,"href":"https:\/\/miidaz.com\/index.php?rest_route=%2Fwp%2Fv2%2Fproduct_tag&post=6023"}],"curies":[{"name":"wp","href":"https:\/\/api.w.org\/{rel}","templated":true}]}}