{"id":6038,"date":"2026-03-19T21:17:44","date_gmt":"2026-03-19T21:17:44","guid":{"rendered":"https:\/\/miidaz.com\/product\/paraguas-21-botella\/"},"modified":"2026-03-29T02:18:12","modified_gmt":"2026-03-29T02:18:12","slug":"paraguas-21-botella","status":"publish","type":"product","link":"https:\/\/miidaz.com\/?product=paraguas-21-botella","title":{"rendered":"Paraguas 21&#8243; Botella"},"content":{"rendered":"<p>Paraguas de alta calidad confeccionado con tela Pongee 190T, con eje y varillas met\u00e1licas. Su estructura de aluminio ligero y duradero garantiza una protecci\u00f3n confiable en d\u00edas lluviosos. Incluye estuche con forma de botella. (Paraguas\/Sombrilla)<\/p>\n","protected":false},"excerpt":{"rendered":"<p>Paraguas de alta calidad confeccionado con tela Pongee 190T, con eje y varillas met\u00e1licas. Su estructura de aluminio ligero y duradero garantiza una protecci\u00f3n confiable en d\u00edas lluviosos. Incluye estuche con forma de botella. (Paraguas\/Sombrilla)<\/p>\n","protected":false},"featured_media":58965,"comment_status":"open","ping_status":"closed","template":"","meta":{"_uag_custom_page_level_css":""},"product_brand":[],"product_cat":[93],"product_tag":[],"class_list":{"0":"post-6038","1":"product","2":"type-product","3":"status-publish","4":"has-post-thumbnail","6":"product_cat-paraguas-mini","8":"first","9":"outofstock","10":"shipping-taxable","11":"purchasable","12":"product-type-variable"},"aioseo_notices":[],"uagb_featured_image_src":{"full":["https:\/\/miidaz.com\/wp-content\/uploads\/2026\/03\/PA0155-1.jpg",1000,1000,false],"thumbnail":["https:\/\/miidaz.com\/wp-content\/uploads\/2026\/03\/PA0155-1-150x150.jpg",150,150,true],"medium":["https:\/\/miidaz.com\/wp-content\/uploads\/2026\/03\/PA0155-1-300x300.jpg",300,300,true],"medium_large":["https:\/\/miidaz.com\/wp-content\/uploads\/2026\/03\/PA0155-1-768x768.jpg",768,768,true],"large":["https:\/\/miidaz.com\/wp-content\/uploads\/2026\/03\/PA0155-1.jpg",800,800,false],"1536x1536":["https:\/\/miidaz.com\/wp-content\/uploads\/2026\/03\/PA0155-1.jpg",1000,1000,false],"2048x2048":["https:\/\/miidaz.com\/wp-content\/uploads\/2026\/03\/PA0155-1.jpg",1000,1000,false],"woocommerce_thumbnail":["https:\/\/miidaz.com\/wp-content\/uploads\/2026\/03\/PA0155-1-300x300.jpg",300,300,true],"woocommerce_single":["https:\/\/miidaz.com\/wp-content\/uploads\/2026\/03\/PA0155-1-600x600.jpg",600,600,true],"woocommerce_gallery_thumbnail":["https:\/\/miidaz.com\/wp-content\/uploads\/2026\/03\/PA0155-1-100x100.jpg",100,100,true]},"uagb_author_info":{"display_name":"","author_link":"https:\/\/miidaz.com\/?author=0"},"uagb_comment_info":0,"uagb_excerpt":"Paraguas de alta calidad confeccionado con tela Pongee 190T, con eje y varillas met\u00e1licas. Su estructura de aluminio ligero y duradero garantiza una protecci\u00f3n confiable en d\u00edas lluviosos. Incluye estuche con forma de botella. (Paraguas\/Sombrilla)","_links":{"self":[{"href":"https:\/\/miidaz.com\/index.php?rest_route=\/wp\/v2\/product\/6038","targetHints":{"allow":["GET"]}}],"collection":[{"href":"https:\/\/miidaz.com\/index.php?rest_route=\/wp\/v2\/product"}],"about":[{"href":"https:\/\/miidaz.com\/index.php?rest_route=\/wp\/v2\/types\/product"}],"replies":[{"embeddable":true,"href":"https:\/\/miidaz.com\/index.php?rest_route=%2Fwp%2Fv2%2Fcomments&post=6038"}],"version-history":[{"count":0,"href":"https:\/\/miidaz.com\/index.php?rest_route=\/wp\/v2\/product\/6038\/revisions"}],"wp:featuredmedia":[{"embeddable":true,"href":"https:\/\/miidaz.com\/index.php?rest_route=\/wp\/v2\/media\/58965"}],"wp:attachment":[{"href":"https:\/\/miidaz.com\/index.php?rest_route=%2Fwp%2Fv2%2Fmedia&parent=6038"}],"wp:term":[{"taxonomy":"product_brand","embeddable":true,"href":"https:\/\/miidaz.com\/index.php?rest_route=%2Fwp%2Fv2%2Fproduct_brand&post=6038"},{"taxonomy":"product_cat","embeddable":true,"href":"https:\/\/miidaz.com\/index.php?rest_route=%2Fwp%2Fv2%2Fproduct_cat&post=6038"},{"taxonomy":"product_tag","embeddable":true,"href":"https:\/\/miidaz.com\/index.php?rest_route=%2Fwp%2Fv2%2Fproduct_tag&post=6038"}],"curies":[{"name":"wp","href":"https:\/\/api.w.org\/{rel}","templated":true}]}}