{"id":6060,"date":"2026-03-19T21:17:49","date_gmt":"2026-03-19T21:17:49","guid":{"rendered":"https:\/\/miidaz.com\/product\/paraguas-23-kahlo\/"},"modified":"2026-03-29T02:18:17","modified_gmt":"2026-03-29T02:18:17","slug":"paraguas-23-kahlo","status":"publish","type":"product","link":"https:\/\/miidaz.com\/?product=paraguas-23-kahlo","title":{"rendered":"Paraguas 23&#8243; Kahlo"},"content":{"rendered":"<p>Paraguas tipo recto de 23&#8243; con apertura autom\u00e1tica. Varillas de fibra de vidrio, con eje central met\u00e1lico de color negro. Dise\u00f1o windproof (resistente al viento) que proporciona mayor estabilidad en condiciones clim\u00e1ticas adversas. Mango curvo de pl\u00e1stico PP con acabado tipo goma (soft touch). Puntas y remate superior pl\u00e1sticos.<\/p>\n","protected":false},"excerpt":{"rendered":"<p>Paraguas tipo recto de 23&#8243; con apertura autom\u00e1tica. Varillas de fibra de vidrio, con eje central met\u00e1lico de color negro. Dise\u00f1o windproof (resistente al viento) que proporciona mayor estabilidad en condiciones clim\u00e1ticas adversas. Mango curvo de pl\u00e1stico PP con acabado tipo goma (soft touch). Puntas y remate superior pl\u00e1sticos.<\/p>\n","protected":false},"featured_media":59011,"comment_status":"open","ping_status":"closed","template":"","meta":{"_uag_custom_page_level_css":""},"product_brand":[],"product_cat":[95],"product_tag":[],"class_list":{"0":"post-6060","1":"product","2":"type-product","3":"status-publish","4":"has-post-thumbnail","6":"product_cat-paraguas-fashion","8":"first","9":"instock","10":"shipping-taxable","11":"purchasable","12":"product-type-variable"},"aioseo_notices":[],"uagb_featured_image_src":{"full":["https:\/\/miidaz.com\/wp-content\/uploads\/2026\/03\/PA0159a-1.jpg",1500,1069,false],"thumbnail":["https:\/\/miidaz.com\/wp-content\/uploads\/2026\/03\/PA0159a-1-150x150.jpg",150,150,true],"medium":["https:\/\/miidaz.com\/wp-content\/uploads\/2026\/03\/PA0159a-1-300x214.jpg",300,214,true],"medium_large":["https:\/\/miidaz.com\/wp-content\/uploads\/2026\/03\/PA0159a-1-768x547.jpg",768,547,true],"large":["https:\/\/miidaz.com\/wp-content\/uploads\/2026\/03\/PA0159a-1-1024x730.jpg",800,570,true],"1536x1536":["https:\/\/miidaz.com\/wp-content\/uploads\/2026\/03\/PA0159a-1.jpg",1500,1069,false],"2048x2048":["https:\/\/miidaz.com\/wp-content\/uploads\/2026\/03\/PA0159a-1.jpg",1500,1069,false],"woocommerce_thumbnail":["https:\/\/miidaz.com\/wp-content\/uploads\/2026\/03\/PA0159a-1-300x300.jpg",300,300,true],"woocommerce_single":["https:\/\/miidaz.com\/wp-content\/uploads\/2026\/03\/PA0159a-1-600x428.jpg",600,428,true],"woocommerce_gallery_thumbnail":["https:\/\/miidaz.com\/wp-content\/uploads\/2026\/03\/PA0159a-1-100x100.jpg",100,100,true]},"uagb_author_info":{"display_name":"","author_link":"https:\/\/miidaz.com\/?author=0"},"uagb_comment_info":0,"uagb_excerpt":"Paraguas tipo recto de 23&#8243; con apertura autom\u00e1tica. Varillas de fibra de vidrio, con eje central met\u00e1lico de color negro. Dise\u00f1o windproof (resistente al viento) que proporciona mayor estabilidad en condiciones clim\u00e1ticas adversas. Mango curvo de pl\u00e1stico PP con acabado tipo goma (soft touch). Puntas y remate superior pl\u00e1sticos.","_links":{"self":[{"href":"https:\/\/miidaz.com\/index.php?rest_route=\/wp\/v2\/product\/6060","targetHints":{"allow":["GET"]}}],"collection":[{"href":"https:\/\/miidaz.com\/index.php?rest_route=\/wp\/v2\/product"}],"about":[{"href":"https:\/\/miidaz.com\/index.php?rest_route=\/wp\/v2\/types\/product"}],"replies":[{"embeddable":true,"href":"https:\/\/miidaz.com\/index.php?rest_route=%2Fwp%2Fv2%2Fcomments&post=6060"}],"version-history":[{"count":0,"href":"https:\/\/miidaz.com\/index.php?rest_route=\/wp\/v2\/product\/6060\/revisions"}],"wp:featuredmedia":[{"embeddable":true,"href":"https:\/\/miidaz.com\/index.php?rest_route=\/wp\/v2\/media\/59011"}],"wp:attachment":[{"href":"https:\/\/miidaz.com\/index.php?rest_route=%2Fwp%2Fv2%2Fmedia&parent=6060"}],"wp:term":[{"taxonomy":"product_brand","embeddable":true,"href":"https:\/\/miidaz.com\/index.php?rest_route=%2Fwp%2Fv2%2Fproduct_brand&post=6060"},{"taxonomy":"product_cat","embeddable":true,"href":"https:\/\/miidaz.com\/index.php?rest_route=%2Fwp%2Fv2%2Fproduct_cat&post=6060"},{"taxonomy":"product_tag","embeddable":true,"href":"https:\/\/miidaz.com\/index.php?rest_route=%2Fwp%2Fv2%2Fproduct_tag&post=6060"}],"curies":[{"name":"wp","href":"https:\/\/api.w.org\/{rel}","templated":true}]}}