{"id":6066,"date":"2026-03-19T21:17:51","date_gmt":"2026-03-19T21:17:51","guid":{"rendered":"https:\/\/miidaz.com\/product\/paraguas-23-lumine\/"},"modified":"2026-03-29T02:18:17","modified_gmt":"2026-03-29T02:18:17","slug":"paraguas-23-lumine","status":"publish","type":"product","link":"https:\/\/miidaz.com\/?product=paraguas-23-lumine","title":{"rendered":"Paraguas 23&#8243; Lumine"},"content":{"rendered":"<p>Paraguas de 23&#8243; con 8 cascos, dise\u00f1o tipo Apolo de c\u00fapula amplia que ofrece mayor cobertura. Apertura manual completa, estructura reforzada con marco de metal Zicify y varillas largas de fibra de vidrio para mayor resistencia al viento. Eje de metal cromado que aporta durabilidad y estilo. Cubierta en POE 10C transparente con un panel de tela pongee en color s\u00f3lido, creando un contraste elegante. Mango de pl\u00e1stico con acabado de goma, ergon\u00f3mico y en color a juego con la tela pongee, ideal para un agarre c\u00f3modo y seguro.<\/p>\n","protected":false},"excerpt":{"rendered":"<p>Paraguas de 23&#8243; con 8 cascos, dise\u00f1o tipo Apolo de c\u00fapula amplia que ofrece mayor cobertura. Apertura manual completa, estructura reforzada con marco de metal Zicify y varillas largas de fibra de vidrio para mayor resistencia al viento. Eje de metal cromado que aporta durabilidad y estilo. Cubierta en POE 10C transparente con un panel [&hellip;]<\/p>\n","protected":false},"featured_media":59024,"comment_status":"open","ping_status":"closed","template":"","meta":{"_uag_custom_page_level_css":""},"product_brand":[],"product_cat":[95],"product_tag":[114,112],"class_list":{"0":"post-6066","1":"product","2":"type-product","3":"status-publish","4":"has-post-thumbnail","6":"product_cat-paraguas-fashion","7":"product_tag-novedades-2026","8":"product_tag-temporada-irresistibles","10":"first","11":"instock","12":"shipping-taxable","13":"purchasable","14":"product-type-variable"},"aioseo_notices":[],"uagb_featured_image_src":{"full":["https:\/\/miidaz.com\/wp-content\/uploads\/2026\/03\/PA0160-1.jpg",1000,1000,false],"thumbnail":["https:\/\/miidaz.com\/wp-content\/uploads\/2026\/03\/PA0160-1-150x150.jpg",150,150,true],"medium":["https:\/\/miidaz.com\/wp-content\/uploads\/2026\/03\/PA0160-1-300x300.jpg",300,300,true],"medium_large":["https:\/\/miidaz.com\/wp-content\/uploads\/2026\/03\/PA0160-1-768x768.jpg",768,768,true],"large":["https:\/\/miidaz.com\/wp-content\/uploads\/2026\/03\/PA0160-1.jpg",800,800,false],"1536x1536":["https:\/\/miidaz.com\/wp-content\/uploads\/2026\/03\/PA0160-1.jpg",1000,1000,false],"2048x2048":["https:\/\/miidaz.com\/wp-content\/uploads\/2026\/03\/PA0160-1.jpg",1000,1000,false],"woocommerce_thumbnail":["https:\/\/miidaz.com\/wp-content\/uploads\/2026\/03\/PA0160-1-300x300.jpg",300,300,true],"woocommerce_single":["https:\/\/miidaz.com\/wp-content\/uploads\/2026\/03\/PA0160-1-600x600.jpg",600,600,true],"woocommerce_gallery_thumbnail":["https:\/\/miidaz.com\/wp-content\/uploads\/2026\/03\/PA0160-1-100x100.jpg",100,100,true]},"uagb_author_info":{"display_name":"","author_link":"https:\/\/miidaz.com\/?author=0"},"uagb_comment_info":0,"uagb_excerpt":"Paraguas de 23&#8243; con 8 cascos, dise\u00f1o tipo Apolo de c\u00fapula amplia que ofrece mayor cobertura. Apertura manual completa, estructura reforzada con marco de metal Zicify y varillas largas de fibra de vidrio para mayor resistencia al viento. Eje de metal cromado que aporta durabilidad y estilo. Cubierta en POE 10C transparente con un panel&hellip;","_links":{"self":[{"href":"https:\/\/miidaz.com\/index.php?rest_route=\/wp\/v2\/product\/6066","targetHints":{"allow":["GET"]}}],"collection":[{"href":"https:\/\/miidaz.com\/index.php?rest_route=\/wp\/v2\/product"}],"about":[{"href":"https:\/\/miidaz.com\/index.php?rest_route=\/wp\/v2\/types\/product"}],"replies":[{"embeddable":true,"href":"https:\/\/miidaz.com\/index.php?rest_route=%2Fwp%2Fv2%2Fcomments&post=6066"}],"version-history":[{"count":0,"href":"https:\/\/miidaz.com\/index.php?rest_route=\/wp\/v2\/product\/6066\/revisions"}],"wp:featuredmedia":[{"embeddable":true,"href":"https:\/\/miidaz.com\/index.php?rest_route=\/wp\/v2\/media\/59024"}],"wp:attachment":[{"href":"https:\/\/miidaz.com\/index.php?rest_route=%2Fwp%2Fv2%2Fmedia&parent=6066"}],"wp:term":[{"taxonomy":"product_brand","embeddable":true,"href":"https:\/\/miidaz.com\/index.php?rest_route=%2Fwp%2Fv2%2Fproduct_brand&post=6066"},{"taxonomy":"product_cat","embeddable":true,"href":"https:\/\/miidaz.com\/index.php?rest_route=%2Fwp%2Fv2%2Fproduct_cat&post=6066"},{"taxonomy":"product_tag","embeddable":true,"href":"https:\/\/miidaz.com\/index.php?rest_route=%2Fwp%2Fv2%2Fproduct_tag&post=6066"}],"curies":[{"name":"wp","href":"https:\/\/api.w.org\/{rel}","templated":true}]}}