{"id":6070,"date":"2026-03-19T21:17:54","date_gmt":"2026-03-19T21:17:54","guid":{"rendered":"https:\/\/miidaz.com\/product\/paraguas-21-bolsa-bagbrela\/"},"modified":"2026-03-29T02:18:17","modified_gmt":"2026-03-29T02:18:17","slug":"paraguas-21-bolsa-bagbrela","status":"publish","type":"product","link":"https:\/\/miidaz.com\/?product=paraguas-21-bolsa-bagbrela","title":{"rendered":"Paraguas 21&#8243; + Bolsa BagBrela"},"content":{"rendered":"<p>Paraguas plegable de 21 pulgadas con 8 cascos en 3 secciones, apertura y cierre manual completo. Su estructura combina marco chapado negro con 2 secciones de fibra de vidrio, ofreciendo resistencia y flexibilidad. Con tela pongee 190T, cada unidad incluye una bolsa de compras (29,8 X 35 X 11) del mismo material, tambi\u00e9n a prueba de viento, dise\u00f1ada para llevar el paraguas junto al bolsillo. El mango es de pl\u00e1stico PP con acabado de goma, c\u00f3modo y en colores coordinados.<\/p>\n","protected":false},"excerpt":{"rendered":"<p>Paraguas plegable de 21 pulgadas con 8 cascos en 3 secciones, apertura y cierre manual completo. Su estructura combina marco chapado negro con 2 secciones de fibra de vidrio, ofreciendo resistencia y flexibilidad. Con tela pongee 190T, cada unidad incluye una bolsa de compras (29,8 X 35 X 11) del mismo material, tambi\u00e9n a prueba [&hellip;]<\/p>\n","protected":false},"featured_media":59039,"comment_status":"open","ping_status":"closed","template":"","meta":{"_uag_custom_page_level_css":""},"product_brand":[],"product_cat":[93],"product_tag":[114,112],"class_list":{"0":"post-6070","1":"product","2":"type-product","3":"status-publish","4":"has-post-thumbnail","6":"product_cat-paraguas-mini","7":"product_tag-novedades-2026","8":"product_tag-temporada-irresistibles","10":"first","11":"outofstock","12":"shipping-taxable","13":"purchasable","14":"product-type-variable"},"aioseo_notices":[],"uagb_featured_image_src":{"full":["https:\/\/miidaz.com\/wp-content\/uploads\/2026\/03\/PA0161-1.jpg",1000,1000,false],"thumbnail":["https:\/\/miidaz.com\/wp-content\/uploads\/2026\/03\/PA0161-1-150x150.jpg",150,150,true],"medium":["https:\/\/miidaz.com\/wp-content\/uploads\/2026\/03\/PA0161-1-300x300.jpg",300,300,true],"medium_large":["https:\/\/miidaz.com\/wp-content\/uploads\/2026\/03\/PA0161-1-768x768.jpg",768,768,true],"large":["https:\/\/miidaz.com\/wp-content\/uploads\/2026\/03\/PA0161-1.jpg",800,800,false],"1536x1536":["https:\/\/miidaz.com\/wp-content\/uploads\/2026\/03\/PA0161-1.jpg",1000,1000,false],"2048x2048":["https:\/\/miidaz.com\/wp-content\/uploads\/2026\/03\/PA0161-1.jpg",1000,1000,false],"woocommerce_thumbnail":["https:\/\/miidaz.com\/wp-content\/uploads\/2026\/03\/PA0161-1-300x300.jpg",300,300,true],"woocommerce_single":["https:\/\/miidaz.com\/wp-content\/uploads\/2026\/03\/PA0161-1-600x600.jpg",600,600,true],"woocommerce_gallery_thumbnail":["https:\/\/miidaz.com\/wp-content\/uploads\/2026\/03\/PA0161-1-100x100.jpg",100,100,true]},"uagb_author_info":{"display_name":"","author_link":"https:\/\/miidaz.com\/?author=0"},"uagb_comment_info":0,"uagb_excerpt":"Paraguas plegable de 21 pulgadas con 8 cascos en 3 secciones, apertura y cierre manual completo. Su estructura combina marco chapado negro con 2 secciones de fibra de vidrio, ofreciendo resistencia y flexibilidad. Con tela pongee 190T, cada unidad incluye una bolsa de compras (29,8 X 35 X 11) del mismo material, tambi\u00e9n a prueba&hellip;","_links":{"self":[{"href":"https:\/\/miidaz.com\/index.php?rest_route=\/wp\/v2\/product\/6070","targetHints":{"allow":["GET"]}}],"collection":[{"href":"https:\/\/miidaz.com\/index.php?rest_route=\/wp\/v2\/product"}],"about":[{"href":"https:\/\/miidaz.com\/index.php?rest_route=\/wp\/v2\/types\/product"}],"replies":[{"embeddable":true,"href":"https:\/\/miidaz.com\/index.php?rest_route=%2Fwp%2Fv2%2Fcomments&post=6070"}],"version-history":[{"count":0,"href":"https:\/\/miidaz.com\/index.php?rest_route=\/wp\/v2\/product\/6070\/revisions"}],"wp:featuredmedia":[{"embeddable":true,"href":"https:\/\/miidaz.com\/index.php?rest_route=\/wp\/v2\/media\/59039"}],"wp:attachment":[{"href":"https:\/\/miidaz.com\/index.php?rest_route=%2Fwp%2Fv2%2Fmedia&parent=6070"}],"wp:term":[{"taxonomy":"product_brand","embeddable":true,"href":"https:\/\/miidaz.com\/index.php?rest_route=%2Fwp%2Fv2%2Fproduct_brand&post=6070"},{"taxonomy":"product_cat","embeddable":true,"href":"https:\/\/miidaz.com\/index.php?rest_route=%2Fwp%2Fv2%2Fproduct_cat&post=6070"},{"taxonomy":"product_tag","embeddable":true,"href":"https:\/\/miidaz.com\/index.php?rest_route=%2Fwp%2Fv2%2Fproduct_tag&post=6070"}],"curies":[{"name":"wp","href":"https:\/\/api.w.org\/{rel}","templated":true}]}}