{"id":6368,"date":"2026-03-19T21:19:26","date_gmt":"2026-03-19T21:19:26","guid":{"rendered":"https:\/\/miidaz.com\/product\/set-manicure-gloss\/"},"modified":"2026-03-29T02:18:33","modified_gmt":"2026-03-29T02:18:33","slug":"set-manicure-gloss","status":"publish","type":"product","link":"https:\/\/miidaz.com\/?product=set-manicure-gloss","title":{"rendered":"Set Manicure Gloss"},"content":{"rendered":"<p>Cuida tus manos con estilo y practicidad. Este set de manicura de 6 piezas est\u00e1 elaborado en ABS y acero inoxidable, garantizando durabilidad y resistencia. Incluye cortau\u00f1as grande, peque\u00f1o y diagonal, empujador de cut\u00edcula, cortacut\u00edcula y lima, todo organizado en una caja pl\u00e1stica compacta con asa para f\u00e1cil transporte y cierre a presi\u00f3n para mayor seguridad. Ideal para llevar en el bolso, viajes o tener siempre a mano en casa. \u00a1Un accesorio indispensable para mantener tus u\u00f1as impecables!<\/p>\n","protected":false},"excerpt":{"rendered":"<p>Cuida tus manos con estilo y practicidad. Este set de manicura de 6 piezas est\u00e1 elaborado en ABS y acero inoxidable, garantizando durabilidad y resistencia. Incluye cortau\u00f1as grande, peque\u00f1o y diagonal, empujador de cut\u00edcula, cortacut\u00edcula y lima, todo organizado en una caja pl\u00e1stica compacta con asa para f\u00e1cil transporte y cierre a presi\u00f3n para mayor [&hellip;]<\/p>\n","protected":false},"featured_media":59728,"comment_status":"open","ping_status":"closed","template":"","meta":{"_uag_custom_page_level_css":""},"product_brand":[],"product_cat":[98],"product_tag":[114,112],"class_list":{"0":"post-6368","1":"product","2":"type-product","3":"status-publish","4":"has-post-thumbnail","6":"product_cat-limas-y-manicure","7":"product_tag-novedades-2026","8":"product_tag-temporada-irresistibles","10":"first","11":"outofstock","12":"shipping-taxable","13":"purchasable","14":"product-type-variable"},"aioseo_notices":[],"uagb_featured_image_src":{"full":["https:\/\/miidaz.com\/wp-content\/uploads\/2026\/03\/SA0331-1.jpg",1000,1000,false],"thumbnail":["https:\/\/miidaz.com\/wp-content\/uploads\/2026\/03\/SA0331-1-150x150.jpg",150,150,true],"medium":["https:\/\/miidaz.com\/wp-content\/uploads\/2026\/03\/SA0331-1-300x300.jpg",300,300,true],"medium_large":["https:\/\/miidaz.com\/wp-content\/uploads\/2026\/03\/SA0331-1-768x768.jpg",768,768,true],"large":["https:\/\/miidaz.com\/wp-content\/uploads\/2026\/03\/SA0331-1.jpg",800,800,false],"1536x1536":["https:\/\/miidaz.com\/wp-content\/uploads\/2026\/03\/SA0331-1.jpg",1000,1000,false],"2048x2048":["https:\/\/miidaz.com\/wp-content\/uploads\/2026\/03\/SA0331-1.jpg",1000,1000,false],"woocommerce_thumbnail":["https:\/\/miidaz.com\/wp-content\/uploads\/2026\/03\/SA0331-1-300x300.jpg",300,300,true],"woocommerce_single":["https:\/\/miidaz.com\/wp-content\/uploads\/2026\/03\/SA0331-1-600x600.jpg",600,600,true],"woocommerce_gallery_thumbnail":["https:\/\/miidaz.com\/wp-content\/uploads\/2026\/03\/SA0331-1-100x100.jpg",100,100,true]},"uagb_author_info":{"display_name":"","author_link":"https:\/\/miidaz.com\/?author=0"},"uagb_comment_info":0,"uagb_excerpt":"Cuida tus manos con estilo y practicidad. Este set de manicura de 6 piezas est\u00e1 elaborado en ABS y acero inoxidable, garantizando durabilidad y resistencia. Incluye cortau\u00f1as grande, peque\u00f1o y diagonal, empujador de cut\u00edcula, cortacut\u00edcula y lima, todo organizado en una caja pl\u00e1stica compacta con asa para f\u00e1cil transporte y cierre a presi\u00f3n para mayor&hellip;","_links":{"self":[{"href":"https:\/\/miidaz.com\/index.php?rest_route=\/wp\/v2\/product\/6368","targetHints":{"allow":["GET"]}}],"collection":[{"href":"https:\/\/miidaz.com\/index.php?rest_route=\/wp\/v2\/product"}],"about":[{"href":"https:\/\/miidaz.com\/index.php?rest_route=\/wp\/v2\/types\/product"}],"replies":[{"embeddable":true,"href":"https:\/\/miidaz.com\/index.php?rest_route=%2Fwp%2Fv2%2Fcomments&post=6368"}],"version-history":[{"count":0,"href":"https:\/\/miidaz.com\/index.php?rest_route=\/wp\/v2\/product\/6368\/revisions"}],"wp:featuredmedia":[{"embeddable":true,"href":"https:\/\/miidaz.com\/index.php?rest_route=\/wp\/v2\/media\/59728"}],"wp:attachment":[{"href":"https:\/\/miidaz.com\/index.php?rest_route=%2Fwp%2Fv2%2Fmedia&parent=6368"}],"wp:term":[{"taxonomy":"product_brand","embeddable":true,"href":"https:\/\/miidaz.com\/index.php?rest_route=%2Fwp%2Fv2%2Fproduct_brand&post=6368"},{"taxonomy":"product_cat","embeddable":true,"href":"https:\/\/miidaz.com\/index.php?rest_route=%2Fwp%2Fv2%2Fproduct_cat&post=6368"},{"taxonomy":"product_tag","embeddable":true,"href":"https:\/\/miidaz.com\/index.php?rest_route=%2Fwp%2Fv2%2Fproduct_tag&post=6368"}],"curies":[{"name":"wp","href":"https:\/\/api.w.org\/{rel}","templated":true}]}}