{"id":6465,"date":"2026-03-19T21:19:51","date_gmt":"2026-03-19T21:19:51","guid":{"rendered":"https:\/\/miidaz.com\/product\/audifonos-bambu\/"},"modified":"2026-03-29T02:18:37","modified_gmt":"2026-03-29T02:18:37","slug":"audifonos-bambu","status":"publish","type":"product","link":"https:\/\/miidaz.com\/?product=audifonos-bambu","title":{"rendered":"Aud\u00edfonos Bamb\u00fa"},"content":{"rendered":"<p>Aud\u00edfonos inal\u00e1mbricos TWS con Bluetooth 5.0, cargador integrado en estuche de bamb\u00fa con cierre imantado. Bater\u00eda de 3.7V\/240mA. Incluyen funci\u00f3n de carga inal\u00e1mbrica (tecnolog\u00eda Wireless), adem\u00e1s de cable micro USB. El accesorio de carga inal\u00e1mbrica se vende por separado. Los aud\u00edfonos pueden colocarse directamente sobre una base compatible para recargarse sin cables.<\/p>\n","protected":false},"excerpt":{"rendered":"<p>Aud\u00edfonos inal\u00e1mbricos TWS con Bluetooth 5.0, cargador integrado en estuche de bamb\u00fa con cierre imantado. Bater\u00eda de 3.7V\/240mA. Incluyen funci\u00f3n de carga inal\u00e1mbrica (tecnolog\u00eda Wireless), adem\u00e1s de cable micro USB. El accesorio de carga inal\u00e1mbrica se vende por separado. Los aud\u00edfonos pueden colocarse directamente sobre una base compatible para recargarse sin cables.<\/p>\n","protected":false},"featured_media":59969,"comment_status":"open","ping_status":"closed","template":"","meta":{"_uag_custom_page_level_css":""},"product_brand":[],"product_cat":[101],"product_tag":[115],"class_list":{"0":"post-6465","1":"product","2":"type-product","3":"status-publish","4":"has-post-thumbnail","6":"product_cat-audifonos","7":"product_tag-outlet-color","9":"first","10":"instock","11":"sale","12":"shipping-taxable","13":"purchasable","14":"product-type-variable"},"aioseo_notices":[],"uagb_featured_image_src":{"full":["https:\/\/miidaz.com\/wp-content\/uploads\/2026\/03\/TE0650__54409-1.jpg",1000,1000,false],"thumbnail":["https:\/\/miidaz.com\/wp-content\/uploads\/2026\/03\/TE0650__54409-1-150x150.jpg",150,150,true],"medium":["https:\/\/miidaz.com\/wp-content\/uploads\/2026\/03\/TE0650__54409-1-300x300.jpg",300,300,true],"medium_large":["https:\/\/miidaz.com\/wp-content\/uploads\/2026\/03\/TE0650__54409-1-768x768.jpg",768,768,true],"large":["https:\/\/miidaz.com\/wp-content\/uploads\/2026\/03\/TE0650__54409-1.jpg",800,800,false],"1536x1536":["https:\/\/miidaz.com\/wp-content\/uploads\/2026\/03\/TE0650__54409-1.jpg",1000,1000,false],"2048x2048":["https:\/\/miidaz.com\/wp-content\/uploads\/2026\/03\/TE0650__54409-1.jpg",1000,1000,false],"woocommerce_thumbnail":["https:\/\/miidaz.com\/wp-content\/uploads\/2026\/03\/TE0650__54409-1-300x300.jpg",300,300,true],"woocommerce_single":["https:\/\/miidaz.com\/wp-content\/uploads\/2026\/03\/TE0650__54409-1-600x600.jpg",600,600,true],"woocommerce_gallery_thumbnail":["https:\/\/miidaz.com\/wp-content\/uploads\/2026\/03\/TE0650__54409-1-100x100.jpg",100,100,true]},"uagb_author_info":{"display_name":"","author_link":"https:\/\/miidaz.com\/?author=0"},"uagb_comment_info":0,"uagb_excerpt":"Aud\u00edfonos inal\u00e1mbricos TWS con Bluetooth 5.0, cargador integrado en estuche de bamb\u00fa con cierre imantado. Bater\u00eda de 3.7V\/240mA. Incluyen funci\u00f3n de carga inal\u00e1mbrica (tecnolog\u00eda Wireless), adem\u00e1s de cable micro USB. El accesorio de carga inal\u00e1mbrica se vende por separado. Los aud\u00edfonos pueden colocarse directamente sobre una base compatible para recargarse sin cables.","_links":{"self":[{"href":"https:\/\/miidaz.com\/index.php?rest_route=\/wp\/v2\/product\/6465","targetHints":{"allow":["GET"]}}],"collection":[{"href":"https:\/\/miidaz.com\/index.php?rest_route=\/wp\/v2\/product"}],"about":[{"href":"https:\/\/miidaz.com\/index.php?rest_route=\/wp\/v2\/types\/product"}],"replies":[{"embeddable":true,"href":"https:\/\/miidaz.com\/index.php?rest_route=%2Fwp%2Fv2%2Fcomments&post=6465"}],"version-history":[{"count":0,"href":"https:\/\/miidaz.com\/index.php?rest_route=\/wp\/v2\/product\/6465\/revisions"}],"wp:featuredmedia":[{"embeddable":true,"href":"https:\/\/miidaz.com\/index.php?rest_route=\/wp\/v2\/media\/59969"}],"wp:attachment":[{"href":"https:\/\/miidaz.com\/index.php?rest_route=%2Fwp%2Fv2%2Fmedia&parent=6465"}],"wp:term":[{"taxonomy":"product_brand","embeddable":true,"href":"https:\/\/miidaz.com\/index.php?rest_route=%2Fwp%2Fv2%2Fproduct_brand&post=6465"},{"taxonomy":"product_cat","embeddable":true,"href":"https:\/\/miidaz.com\/index.php?rest_route=%2Fwp%2Fv2%2Fproduct_cat&post=6465"},{"taxonomy":"product_tag","embeddable":true,"href":"https:\/\/miidaz.com\/index.php?rest_route=%2Fwp%2Fv2%2Fproduct_tag&post=6465"}],"curies":[{"name":"wp","href":"https:\/\/api.w.org\/{rel}","templated":true}]}}