{"id":6483,"date":"2026-03-19T21:19:57","date_gmt":"2026-03-19T21:19:57","guid":{"rendered":"https:\/\/miidaz.com\/product\/audifonos-cole-type-c\/"},"modified":"2026-03-29T02:18:37","modified_gmt":"2026-03-29T02:18:37","slug":"audifonos-cole-type-c","status":"publish","type":"product","link":"https:\/\/miidaz.com\/?product=audifonos-cole-type-c","title":{"rendered":"Aud\u00edfonos Cole Type-C"},"content":{"rendered":"<p>Aud\u00edfonos con entrada tipo C en estuche circular con tapa a presi\u00f3n.<\/p>\n","protected":false},"excerpt":{"rendered":"<p>Aud\u00edfonos con entrada tipo C en estuche circular con tapa a presi\u00f3n.<\/p>\n","protected":false},"featured_media":60026,"comment_status":"open","ping_status":"closed","template":"","meta":{"_uag_custom_page_level_css":""},"product_brand":[],"product_cat":[101],"product_tag":[113],"class_list":{"0":"post-6483","1":"product","2":"type-product","3":"status-publish","4":"has-post-thumbnail","6":"product_cat-audifonos","7":"product_tag-outlet","9":"first","10":"instock","11":"sale","12":"shipping-taxable","13":"purchasable","14":"product-type-variable"},"aioseo_notices":[],"uagb_featured_image_src":{"full":["https:\/\/miidaz.com\/wp-content\/uploads\/2026\/03\/TE0656__55838-1.jpg",1500,1069,false],"thumbnail":["https:\/\/miidaz.com\/wp-content\/uploads\/2026\/03\/TE0656__55838-1-150x150.jpg",150,150,true],"medium":["https:\/\/miidaz.com\/wp-content\/uploads\/2026\/03\/TE0656__55838-1-300x214.jpg",300,214,true],"medium_large":["https:\/\/miidaz.com\/wp-content\/uploads\/2026\/03\/TE0656__55838-1-768x547.jpg",768,547,true],"large":["https:\/\/miidaz.com\/wp-content\/uploads\/2026\/03\/TE0656__55838-1-1024x730.jpg",800,570,true],"1536x1536":["https:\/\/miidaz.com\/wp-content\/uploads\/2026\/03\/TE0656__55838-1.jpg",1500,1069,false],"2048x2048":["https:\/\/miidaz.com\/wp-content\/uploads\/2026\/03\/TE0656__55838-1.jpg",1500,1069,false],"woocommerce_thumbnail":["https:\/\/miidaz.com\/wp-content\/uploads\/2026\/03\/TE0656__55838-1-300x300.jpg",300,300,true],"woocommerce_single":["https:\/\/miidaz.com\/wp-content\/uploads\/2026\/03\/TE0656__55838-1-600x428.jpg",600,428,true],"woocommerce_gallery_thumbnail":["https:\/\/miidaz.com\/wp-content\/uploads\/2026\/03\/TE0656__55838-1-100x100.jpg",100,100,true]},"uagb_author_info":{"display_name":"","author_link":"https:\/\/miidaz.com\/?author=0"},"uagb_comment_info":0,"uagb_excerpt":"Aud\u00edfonos con entrada tipo C en estuche circular con tapa a presi\u00f3n.","_links":{"self":[{"href":"https:\/\/miidaz.com\/index.php?rest_route=\/wp\/v2\/product\/6483","targetHints":{"allow":["GET"]}}],"collection":[{"href":"https:\/\/miidaz.com\/index.php?rest_route=\/wp\/v2\/product"}],"about":[{"href":"https:\/\/miidaz.com\/index.php?rest_route=\/wp\/v2\/types\/product"}],"replies":[{"embeddable":true,"href":"https:\/\/miidaz.com\/index.php?rest_route=%2Fwp%2Fv2%2Fcomments&post=6483"}],"version-history":[{"count":0,"href":"https:\/\/miidaz.com\/index.php?rest_route=\/wp\/v2\/product\/6483\/revisions"}],"wp:featuredmedia":[{"embeddable":true,"href":"https:\/\/miidaz.com\/index.php?rest_route=\/wp\/v2\/media\/60026"}],"wp:attachment":[{"href":"https:\/\/miidaz.com\/index.php?rest_route=%2Fwp%2Fv2%2Fmedia&parent=6483"}],"wp:term":[{"taxonomy":"product_brand","embeddable":true,"href":"https:\/\/miidaz.com\/index.php?rest_route=%2Fwp%2Fv2%2Fproduct_brand&post=6483"},{"taxonomy":"product_cat","embeddable":true,"href":"https:\/\/miidaz.com\/index.php?rest_route=%2Fwp%2Fv2%2Fproduct_cat&post=6483"},{"taxonomy":"product_tag","embeddable":true,"href":"https:\/\/miidaz.com\/index.php?rest_route=%2Fwp%2Fv2%2Fproduct_tag&post=6483"}],"curies":[{"name":"wp","href":"https:\/\/api.w.org\/{rel}","templated":true}]}}