{"id":6524,"date":"2026-03-19T21:20:15","date_gmt":"2026-03-19T21:20:15","guid":{"rendered":"https:\/\/miidaz.com\/product\/smartwatch-power\/"},"modified":"2026-03-29T02:18:41","modified_gmt":"2026-03-29T02:18:41","slug":"smartwatch-power","status":"publish","type":"product","link":"https:\/\/miidaz.com\/?product=smartwatch-power","title":{"rendered":"Smartwatch Power"},"content":{"rendered":"<p>Reloj inteligente con pantalla t\u00e1ctil de 0,96&#8243; TFT color. An\u00e1lisis y monitoreo del n\u00famero de pasos, calor\u00edas, distancia, horas de sue\u00f1o, medici\u00f3n de ox\u00edgeno, frecuencia card\u00edaca y presi\u00f3n arterial. Notificaciones de llamadas, WeChat, QQ, Facebook, Twitter. Resistente al agua (nivel IP68). Incluye cron\u00f3metro, temporizador y reloj. Bluetooth 5.2. Compatible con sistemas operativos Android 4.4 y iOS 8.0 o superiores.<\/p>\n","protected":false},"excerpt":{"rendered":"<p>Reloj inteligente con pantalla t\u00e1ctil de 0,96&#8243; TFT color. An\u00e1lisis y monitoreo del n\u00famero de pasos, calor\u00edas, distancia, horas de sue\u00f1o, medici\u00f3n de ox\u00edgeno, frecuencia card\u00edaca y presi\u00f3n arterial. Notificaciones de llamadas, WeChat, QQ, Facebook, Twitter. Resistente al agua (nivel IP68). Incluye cron\u00f3metro, temporizador y reloj. Bluetooth 5.2. Compatible con sistemas operativos Android 4.4 y [&hellip;]<\/p>\n","protected":false},"featured_media":60132,"comment_status":"open","ping_status":"closed","template":"","meta":{"_uag_custom_page_level_css":""},"product_brand":[],"product_cat":[86],"product_tag":[113],"class_list":{"0":"post-6524","1":"product","2":"type-product","3":"status-publish","4":"has-post-thumbnail","6":"product_cat-relojes","7":"product_tag-outlet","9":"first","10":"instock","11":"sale","12":"shipping-taxable","13":"purchasable","14":"product-type-variable"},"aioseo_notices":[],"uagb_featured_image_src":{"full":["https:\/\/miidaz.com\/wp-content\/uploads\/2026\/03\/3038603-1.jpg",1347,1069,false],"thumbnail":["https:\/\/miidaz.com\/wp-content\/uploads\/2026\/03\/3038603-1-150x150.jpg",150,150,true],"medium":["https:\/\/miidaz.com\/wp-content\/uploads\/2026\/03\/3038603-1-300x238.jpg",300,238,true],"medium_large":["https:\/\/miidaz.com\/wp-content\/uploads\/2026\/03\/3038603-1-768x609.jpg",768,609,true],"large":["https:\/\/miidaz.com\/wp-content\/uploads\/2026\/03\/3038603-1-1024x813.jpg",800,635,true],"1536x1536":["https:\/\/miidaz.com\/wp-content\/uploads\/2026\/03\/3038603-1.jpg",1347,1069,false],"2048x2048":["https:\/\/miidaz.com\/wp-content\/uploads\/2026\/03\/3038603-1.jpg",1347,1069,false],"woocommerce_thumbnail":["https:\/\/miidaz.com\/wp-content\/uploads\/2026\/03\/3038603-1-300x300.jpg",300,300,true],"woocommerce_single":["https:\/\/miidaz.com\/wp-content\/uploads\/2026\/03\/3038603-1-600x476.jpg",600,476,true],"woocommerce_gallery_thumbnail":["https:\/\/miidaz.com\/wp-content\/uploads\/2026\/03\/3038603-1-100x100.jpg",100,100,true]},"uagb_author_info":{"display_name":"","author_link":"https:\/\/miidaz.com\/?author=0"},"uagb_comment_info":0,"uagb_excerpt":"Reloj inteligente con pantalla t\u00e1ctil de 0,96&#8243; TFT color. An\u00e1lisis y monitoreo del n\u00famero de pasos, calor\u00edas, distancia, horas de sue\u00f1o, medici\u00f3n de ox\u00edgeno, frecuencia card\u00edaca y presi\u00f3n arterial. Notificaciones de llamadas, WeChat, QQ, Facebook, Twitter. Resistente al agua (nivel IP68). Incluye cron\u00f3metro, temporizador y reloj. Bluetooth 5.2. Compatible con sistemas operativos Android 4.4 y&hellip;","_links":{"self":[{"href":"https:\/\/miidaz.com\/index.php?rest_route=\/wp\/v2\/product\/6524","targetHints":{"allow":["GET"]}}],"collection":[{"href":"https:\/\/miidaz.com\/index.php?rest_route=\/wp\/v2\/product"}],"about":[{"href":"https:\/\/miidaz.com\/index.php?rest_route=\/wp\/v2\/types\/product"}],"replies":[{"embeddable":true,"href":"https:\/\/miidaz.com\/index.php?rest_route=%2Fwp%2Fv2%2Fcomments&post=6524"}],"version-history":[{"count":0,"href":"https:\/\/miidaz.com\/index.php?rest_route=\/wp\/v2\/product\/6524\/revisions"}],"wp:featuredmedia":[{"embeddable":true,"href":"https:\/\/miidaz.com\/index.php?rest_route=\/wp\/v2\/media\/60132"}],"wp:attachment":[{"href":"https:\/\/miidaz.com\/index.php?rest_route=%2Fwp%2Fv2%2Fmedia&parent=6524"}],"wp:term":[{"taxonomy":"product_brand","embeddable":true,"href":"https:\/\/miidaz.com\/index.php?rest_route=%2Fwp%2Fv2%2Fproduct_brand&post=6524"},{"taxonomy":"product_cat","embeddable":true,"href":"https:\/\/miidaz.com\/index.php?rest_route=%2Fwp%2Fv2%2Fproduct_cat&post=6524"},{"taxonomy":"product_tag","embeddable":true,"href":"https:\/\/miidaz.com\/index.php?rest_route=%2Fwp%2Fv2%2Fproduct_tag&post=6524"}],"curies":[{"name":"wp","href":"https:\/\/api.w.org\/{rel}","templated":true}]}}