{"id":6540,"date":"2026-03-19T21:20:20","date_gmt":"2026-03-19T21:20:20","guid":{"rendered":"https:\/\/miidaz.com\/product\/cargador-wireless-eco\/"},"modified":"2026-03-29T02:18:41","modified_gmt":"2026-03-29T02:18:41","slug":"cargador-wireless-eco","status":"publish","type":"product","link":"https:\/\/miidaz.com\/?product=cargador-wireless-eco","title":{"rendered":"Cargador Wireless Eco"},"content":{"rendered":"<p>Cargador inal\u00e1mbrico con carcasa en madera, de dise\u00f1o ecol\u00f3gico y natural. Incluye indicador de estado de carga y es compatible con dispositivos que cuenten con tecnolog\u00eda de carga inal\u00e1mbrica. Su amplia superficie permite apoyar celulares de distintos tama\u00f1os. Aunque no almacena energ\u00eda, permite cargar sin cables al colocar el celular sobre su base.<\/p>\n","protected":false},"excerpt":{"rendered":"<p>Cargador inal\u00e1mbrico con carcasa en madera, de dise\u00f1o ecol\u00f3gico y natural. Incluye indicador de estado de carga y es compatible con dispositivos que cuenten con tecnolog\u00eda de carga inal\u00e1mbrica. Su amplia superficie permite apoyar celulares de distintos tama\u00f1os. Aunque no almacena energ\u00eda, permite cargar sin cables al colocar el celular sobre su base.<\/p>\n","protected":false},"featured_media":60158,"comment_status":"open","ping_status":"closed","template":"","meta":{"_uag_custom_page_level_css":""},"product_brand":[],"product_cat":[107],"product_tag":[],"class_list":{"0":"post-6540","1":"product","2":"type-product","3":"status-publish","4":"has-post-thumbnail","6":"product_cat-cables-y-adaptadores-de-carga","8":"first","9":"instock","10":"shipping-taxable","11":"purchasable","12":"product-type-variable"},"aioseo_notices":[],"uagb_featured_image_src":{"full":["https:\/\/miidaz.com\/wp-content\/uploads\/2026\/03\/TE0672-1.jpg",1000,1000,false],"thumbnail":["https:\/\/miidaz.com\/wp-content\/uploads\/2026\/03\/TE0672-1-150x150.jpg",150,150,true],"medium":["https:\/\/miidaz.com\/wp-content\/uploads\/2026\/03\/TE0672-1-300x300.jpg",300,300,true],"medium_large":["https:\/\/miidaz.com\/wp-content\/uploads\/2026\/03\/TE0672-1-768x768.jpg",768,768,true],"large":["https:\/\/miidaz.com\/wp-content\/uploads\/2026\/03\/TE0672-1.jpg",800,800,false],"1536x1536":["https:\/\/miidaz.com\/wp-content\/uploads\/2026\/03\/TE0672-1.jpg",1000,1000,false],"2048x2048":["https:\/\/miidaz.com\/wp-content\/uploads\/2026\/03\/TE0672-1.jpg",1000,1000,false],"woocommerce_thumbnail":["https:\/\/miidaz.com\/wp-content\/uploads\/2026\/03\/TE0672-1-300x300.jpg",300,300,true],"woocommerce_single":["https:\/\/miidaz.com\/wp-content\/uploads\/2026\/03\/TE0672-1-600x600.jpg",600,600,true],"woocommerce_gallery_thumbnail":["https:\/\/miidaz.com\/wp-content\/uploads\/2026\/03\/TE0672-1-100x100.jpg",100,100,true]},"uagb_author_info":{"display_name":"","author_link":"https:\/\/miidaz.com\/?author=0"},"uagb_comment_info":0,"uagb_excerpt":"Cargador inal\u00e1mbrico con carcasa en madera, de dise\u00f1o ecol\u00f3gico y natural. Incluye indicador de estado de carga y es compatible con dispositivos que cuenten con tecnolog\u00eda de carga inal\u00e1mbrica. Su amplia superficie permite apoyar celulares de distintos tama\u00f1os. Aunque no almacena energ\u00eda, permite cargar sin cables al colocar el celular sobre su base.","_links":{"self":[{"href":"https:\/\/miidaz.com\/index.php?rest_route=\/wp\/v2\/product\/6540","targetHints":{"allow":["GET"]}}],"collection":[{"href":"https:\/\/miidaz.com\/index.php?rest_route=\/wp\/v2\/product"}],"about":[{"href":"https:\/\/miidaz.com\/index.php?rest_route=\/wp\/v2\/types\/product"}],"replies":[{"embeddable":true,"href":"https:\/\/miidaz.com\/index.php?rest_route=%2Fwp%2Fv2%2Fcomments&post=6540"}],"version-history":[{"count":0,"href":"https:\/\/miidaz.com\/index.php?rest_route=\/wp\/v2\/product\/6540\/revisions"}],"wp:featuredmedia":[{"embeddable":true,"href":"https:\/\/miidaz.com\/index.php?rest_route=\/wp\/v2\/media\/60158"}],"wp:attachment":[{"href":"https:\/\/miidaz.com\/index.php?rest_route=%2Fwp%2Fv2%2Fmedia&parent=6540"}],"wp:term":[{"taxonomy":"product_brand","embeddable":true,"href":"https:\/\/miidaz.com\/index.php?rest_route=%2Fwp%2Fv2%2Fproduct_brand&post=6540"},{"taxonomy":"product_cat","embeddable":true,"href":"https:\/\/miidaz.com\/index.php?rest_route=%2Fwp%2Fv2%2Fproduct_cat&post=6540"},{"taxonomy":"product_tag","embeddable":true,"href":"https:\/\/miidaz.com\/index.php?rest_route=%2Fwp%2Fv2%2Fproduct_tag&post=6540"}],"curies":[{"name":"wp","href":"https:\/\/api.w.org\/{rel}","templated":true}]}}