{"id":6547,"date":"2026-03-19T21:20:22","date_gmt":"2026-03-19T21:20:22","guid":{"rendered":"https:\/\/miidaz.com\/product\/cargador-wireless-urban\/"},"modified":"2026-03-29T02:18:44","modified_gmt":"2026-03-29T02:18:44","slug":"cargador-wireless-urban","status":"publish","type":"product","link":"https:\/\/miidaz.com\/?product=cargador-wireless-urban","title":{"rendered":"Cargador Wireless Urban"},"content":{"rendered":"<p>El cargador inal\u00e1mbrico Wireless Urban es una soluci\u00f3n pr\u00e1ctica y ecol\u00f3gica para cargar dispositivos sin necesidad de cables. Aunque no almacena energ\u00eda, permite cargar celulares compatibles con tecnolog\u00eda inal\u00e1mbrica simplemente coloc\u00e1ndolos sobre su superficie. Su base antideslizante garantiza una carga estable y segura. Importante: no todos los celulares son compatibles con esta tecnolog\u00eda, por lo que se recomienda verificar antes de usarlo.<\/p>\n","protected":false},"excerpt":{"rendered":"<p>El cargador inal\u00e1mbrico Wireless Urban es una soluci\u00f3n pr\u00e1ctica y ecol\u00f3gica para cargar dispositivos sin necesidad de cables. Aunque no almacena energ\u00eda, permite cargar celulares compatibles con tecnolog\u00eda inal\u00e1mbrica simplemente coloc\u00e1ndolos sobre su superficie. Su base antideslizante garantiza una carga estable y segura. Importante: no todos los celulares son compatibles con esta tecnolog\u00eda, por lo [&hellip;]<\/p>\n","protected":false},"featured_media":60181,"comment_status":"open","ping_status":"closed","template":"","meta":{"_uag_custom_page_level_css":""},"product_brand":[],"product_cat":[107],"product_tag":[],"class_list":{"0":"post-6547","1":"product","2":"type-product","3":"status-publish","4":"has-post-thumbnail","6":"product_cat-cables-y-adaptadores-de-carga","8":"first","9":"instock","10":"shipping-taxable","11":"purchasable","12":"product-type-variable"},"aioseo_notices":[],"uagb_featured_image_src":{"full":["https:\/\/miidaz.com\/wp-content\/uploads\/2026\/03\/TE0674-1.jpg",1000,1000,false],"thumbnail":["https:\/\/miidaz.com\/wp-content\/uploads\/2026\/03\/TE0674-1-150x150.jpg",150,150,true],"medium":["https:\/\/miidaz.com\/wp-content\/uploads\/2026\/03\/TE0674-1-300x300.jpg",300,300,true],"medium_large":["https:\/\/miidaz.com\/wp-content\/uploads\/2026\/03\/TE0674-1-768x768.jpg",768,768,true],"large":["https:\/\/miidaz.com\/wp-content\/uploads\/2026\/03\/TE0674-1.jpg",800,800,false],"1536x1536":["https:\/\/miidaz.com\/wp-content\/uploads\/2026\/03\/TE0674-1.jpg",1000,1000,false],"2048x2048":["https:\/\/miidaz.com\/wp-content\/uploads\/2026\/03\/TE0674-1.jpg",1000,1000,false],"woocommerce_thumbnail":["https:\/\/miidaz.com\/wp-content\/uploads\/2026\/03\/TE0674-1-300x300.jpg",300,300,true],"woocommerce_single":["https:\/\/miidaz.com\/wp-content\/uploads\/2026\/03\/TE0674-1-600x600.jpg",600,600,true],"woocommerce_gallery_thumbnail":["https:\/\/miidaz.com\/wp-content\/uploads\/2026\/03\/TE0674-1-100x100.jpg",100,100,true]},"uagb_author_info":{"display_name":"","author_link":"https:\/\/miidaz.com\/?author=0"},"uagb_comment_info":0,"uagb_excerpt":"El cargador inal\u00e1mbrico Wireless Urban es una soluci\u00f3n pr\u00e1ctica y ecol\u00f3gica para cargar dispositivos sin necesidad de cables. Aunque no almacena energ\u00eda, permite cargar celulares compatibles con tecnolog\u00eda inal\u00e1mbrica simplemente coloc\u00e1ndolos sobre su superficie. Su base antideslizante garantiza una carga estable y segura. Importante: no todos los celulares son compatibles con esta tecnolog\u00eda, por lo&hellip;","_links":{"self":[{"href":"https:\/\/miidaz.com\/index.php?rest_route=\/wp\/v2\/product\/6547","targetHints":{"allow":["GET"]}}],"collection":[{"href":"https:\/\/miidaz.com\/index.php?rest_route=\/wp\/v2\/product"}],"about":[{"href":"https:\/\/miidaz.com\/index.php?rest_route=\/wp\/v2\/types\/product"}],"replies":[{"embeddable":true,"href":"https:\/\/miidaz.com\/index.php?rest_route=%2Fwp%2Fv2%2Fcomments&post=6547"}],"version-history":[{"count":0,"href":"https:\/\/miidaz.com\/index.php?rest_route=\/wp\/v2\/product\/6547\/revisions"}],"wp:featuredmedia":[{"embeddable":true,"href":"https:\/\/miidaz.com\/index.php?rest_route=\/wp\/v2\/media\/60181"}],"wp:attachment":[{"href":"https:\/\/miidaz.com\/index.php?rest_route=%2Fwp%2Fv2%2Fmedia&parent=6547"}],"wp:term":[{"taxonomy":"product_brand","embeddable":true,"href":"https:\/\/miidaz.com\/index.php?rest_route=%2Fwp%2Fv2%2Fproduct_brand&post=6547"},{"taxonomy":"product_cat","embeddable":true,"href":"https:\/\/miidaz.com\/index.php?rest_route=%2Fwp%2Fv2%2Fproduct_cat&post=6547"},{"taxonomy":"product_tag","embeddable":true,"href":"https:\/\/miidaz.com\/index.php?rest_route=%2Fwp%2Fv2%2Fproduct_tag&post=6547"}],"curies":[{"name":"wp","href":"https:\/\/api.w.org\/{rel}","templated":true}]}}