{"id":6553,"date":"2026-03-19T21:20:27","date_gmt":"2026-03-19T21:20:27","guid":{"rendered":"https:\/\/miidaz.com\/product\/audifonos-sound\/"},"modified":"2026-03-29T02:18:45","modified_gmt":"2026-03-29T02:18:45","slug":"audifonos-sound","status":"publish","type":"product","link":"https:\/\/miidaz.com\/?product=audifonos-sound","title":{"rendered":"Aud\u00edfonos Sound"},"content":{"rendered":"<p>Aud\u00edfonos Bluetooth 5.1 fabricados con paja de trigo, un material sostenible y amigable con el medio ambiente. Incluyen estuche de carga con bater\u00eda de pol\u00edmero de litio de 200\u202fmAh. Ofrecen hasta 4 horas de uso continuo y funci\u00f3n de manos libres. Voltaje de carga: 5\u202fV. Dise\u00f1o compacto y ecol\u00f3gico, ideal para el d\u00eda a d\u00eda.<\/p>\n","protected":false},"excerpt":{"rendered":"<p>Aud\u00edfonos Bluetooth 5.1 fabricados con paja de trigo, un material sostenible y amigable con el medio ambiente. Incluyen estuche de carga con bater\u00eda de pol\u00edmero de litio de 200\u202fmAh. Ofrecen hasta 4 horas de uso continuo y funci\u00f3n de manos libres. Voltaje de carga: 5\u202fV. Dise\u00f1o compacto y ecol\u00f3gico, ideal para el d\u00eda a d\u00eda.<\/p>\n","protected":false},"featured_media":60194,"comment_status":"open","ping_status":"closed","template":"","meta":{"_uag_custom_page_level_css":""},"product_brand":[],"product_cat":[101],"product_tag":[],"class_list":{"0":"post-6553","1":"product","2":"type-product","3":"status-publish","4":"has-post-thumbnail","6":"product_cat-audifonos","8":"first","9":"instock","10":"shipping-taxable","11":"purchasable","12":"product-type-variable"},"aioseo_notices":[],"uagb_featured_image_src":{"full":["https:\/\/miidaz.com\/wp-content\/uploads\/2026\/03\/TE0677-1.jpg",1000,1000,false],"thumbnail":["https:\/\/miidaz.com\/wp-content\/uploads\/2026\/03\/TE0677-1-150x150.jpg",150,150,true],"medium":["https:\/\/miidaz.com\/wp-content\/uploads\/2026\/03\/TE0677-1-300x300.jpg",300,300,true],"medium_large":["https:\/\/miidaz.com\/wp-content\/uploads\/2026\/03\/TE0677-1-768x768.jpg",768,768,true],"large":["https:\/\/miidaz.com\/wp-content\/uploads\/2026\/03\/TE0677-1.jpg",800,800,false],"1536x1536":["https:\/\/miidaz.com\/wp-content\/uploads\/2026\/03\/TE0677-1.jpg",1000,1000,false],"2048x2048":["https:\/\/miidaz.com\/wp-content\/uploads\/2026\/03\/TE0677-1.jpg",1000,1000,false],"woocommerce_thumbnail":["https:\/\/miidaz.com\/wp-content\/uploads\/2026\/03\/TE0677-1-300x300.jpg",300,300,true],"woocommerce_single":["https:\/\/miidaz.com\/wp-content\/uploads\/2026\/03\/TE0677-1-600x600.jpg",600,600,true],"woocommerce_gallery_thumbnail":["https:\/\/miidaz.com\/wp-content\/uploads\/2026\/03\/TE0677-1-100x100.jpg",100,100,true]},"uagb_author_info":{"display_name":"","author_link":"https:\/\/miidaz.com\/?author=0"},"uagb_comment_info":0,"uagb_excerpt":"Aud\u00edfonos Bluetooth 5.1 fabricados con paja de trigo, un material sostenible y amigable con el medio ambiente. Incluyen estuche de carga con bater\u00eda de pol\u00edmero de litio de 200\u202fmAh. Ofrecen hasta 4 horas de uso continuo y funci\u00f3n de manos libres. Voltaje de carga: 5\u202fV. Dise\u00f1o compacto y ecol\u00f3gico, ideal para el d\u00eda a d\u00eda.","_links":{"self":[{"href":"https:\/\/miidaz.com\/index.php?rest_route=\/wp\/v2\/product\/6553","targetHints":{"allow":["GET"]}}],"collection":[{"href":"https:\/\/miidaz.com\/index.php?rest_route=\/wp\/v2\/product"}],"about":[{"href":"https:\/\/miidaz.com\/index.php?rest_route=\/wp\/v2\/types\/product"}],"replies":[{"embeddable":true,"href":"https:\/\/miidaz.com\/index.php?rest_route=%2Fwp%2Fv2%2Fcomments&post=6553"}],"version-history":[{"count":0,"href":"https:\/\/miidaz.com\/index.php?rest_route=\/wp\/v2\/product\/6553\/revisions"}],"wp:featuredmedia":[{"embeddable":true,"href":"https:\/\/miidaz.com\/index.php?rest_route=\/wp\/v2\/media\/60194"}],"wp:attachment":[{"href":"https:\/\/miidaz.com\/index.php?rest_route=%2Fwp%2Fv2%2Fmedia&parent=6553"}],"wp:term":[{"taxonomy":"product_brand","embeddable":true,"href":"https:\/\/miidaz.com\/index.php?rest_route=%2Fwp%2Fv2%2Fproduct_brand&post=6553"},{"taxonomy":"product_cat","embeddable":true,"href":"https:\/\/miidaz.com\/index.php?rest_route=%2Fwp%2Fv2%2Fproduct_cat&post=6553"},{"taxonomy":"product_tag","embeddable":true,"href":"https:\/\/miidaz.com\/index.php?rest_route=%2Fwp%2Fv2%2Fproduct_tag&post=6553"}],"curies":[{"name":"wp","href":"https:\/\/api.w.org\/{rel}","templated":true}]}}