{"id":6560,"date":"2026-03-19T21:20:30","date_gmt":"2026-03-19T21:20:30","guid":{"rendered":"https:\/\/miidaz.com\/product\/audifonos-workout\/"},"modified":"2026-03-29T02:18:45","modified_gmt":"2026-03-29T02:18:45","slug":"audifonos-workout","status":"publish","type":"product","link":"https:\/\/miidaz.com\/?product=audifonos-workout","title":{"rendered":"Aud\u00edfonos Workout"},"content":{"rendered":"<p>Aud\u00edfonos Bluetooth tipo diadema, c\u00f3modos y vers\u00e1tiles. Alcance inal\u00e1mbrico de hasta 10 metros y compatibilidad con formatos de m\u00fasica MP3\/WMA. Incorporan bater\u00eda recargable de litio de 200 mAh y funci\u00f3n manos libres para llamadas. Dise\u00f1o ergon\u00f3mico para mayor confort durante el uso prolongado. Este modelo puede incluir dos tipos de conexi\u00f3n; se recomienda revisar el c\u00f3digo del producto para confirmar la versi\u00f3n disponible.<\/p>\n","protected":false},"excerpt":{"rendered":"<p>Aud\u00edfonos Bluetooth tipo diadema, c\u00f3modos y vers\u00e1tiles. Alcance inal\u00e1mbrico de hasta 10 metros y compatibilidad con formatos de m\u00fasica MP3\/WMA. Incorporan bater\u00eda recargable de litio de 200 mAh y funci\u00f3n manos libres para llamadas. Dise\u00f1o ergon\u00f3mico para mayor confort durante el uso prolongado. Este modelo puede incluir dos tipos de conexi\u00f3n; se recomienda revisar el [&hellip;]<\/p>\n","protected":false},"featured_media":60214,"comment_status":"open","ping_status":"closed","template":"","meta":{"_uag_custom_page_level_css":""},"product_brand":[],"product_cat":[101],"product_tag":[115],"class_list":{"0":"post-6560","1":"product","2":"type-product","3":"status-publish","4":"has-post-thumbnail","6":"product_cat-audifonos","7":"product_tag-outlet-color","9":"first","10":"instock","11":"sale","12":"shipping-taxable","13":"purchasable","14":"product-type-variable"},"aioseo_notices":[],"uagb_featured_image_src":{"full":["https:\/\/miidaz.com\/wp-content\/uploads\/2026\/03\/TE0679-1.jpg",1000,1000,false],"thumbnail":["https:\/\/miidaz.com\/wp-content\/uploads\/2026\/03\/TE0679-1-150x150.jpg",150,150,true],"medium":["https:\/\/miidaz.com\/wp-content\/uploads\/2026\/03\/TE0679-1-300x300.jpg",300,300,true],"medium_large":["https:\/\/miidaz.com\/wp-content\/uploads\/2026\/03\/TE0679-1-768x768.jpg",768,768,true],"large":["https:\/\/miidaz.com\/wp-content\/uploads\/2026\/03\/TE0679-1.jpg",800,800,false],"1536x1536":["https:\/\/miidaz.com\/wp-content\/uploads\/2026\/03\/TE0679-1.jpg",1000,1000,false],"2048x2048":["https:\/\/miidaz.com\/wp-content\/uploads\/2026\/03\/TE0679-1.jpg",1000,1000,false],"woocommerce_thumbnail":["https:\/\/miidaz.com\/wp-content\/uploads\/2026\/03\/TE0679-1-300x300.jpg",300,300,true],"woocommerce_single":["https:\/\/miidaz.com\/wp-content\/uploads\/2026\/03\/TE0679-1-600x600.jpg",600,600,true],"woocommerce_gallery_thumbnail":["https:\/\/miidaz.com\/wp-content\/uploads\/2026\/03\/TE0679-1-100x100.jpg",100,100,true]},"uagb_author_info":{"display_name":"","author_link":"https:\/\/miidaz.com\/?author=0"},"uagb_comment_info":0,"uagb_excerpt":"Aud\u00edfonos Bluetooth tipo diadema, c\u00f3modos y vers\u00e1tiles. Alcance inal\u00e1mbrico de hasta 10 metros y compatibilidad con formatos de m\u00fasica MP3\/WMA. Incorporan bater\u00eda recargable de litio de 200 mAh y funci\u00f3n manos libres para llamadas. Dise\u00f1o ergon\u00f3mico para mayor confort durante el uso prolongado. Este modelo puede incluir dos tipos de conexi\u00f3n; se recomienda revisar el&hellip;","_links":{"self":[{"href":"https:\/\/miidaz.com\/index.php?rest_route=\/wp\/v2\/product\/6560","targetHints":{"allow":["GET"]}}],"collection":[{"href":"https:\/\/miidaz.com\/index.php?rest_route=\/wp\/v2\/product"}],"about":[{"href":"https:\/\/miidaz.com\/index.php?rest_route=\/wp\/v2\/types\/product"}],"replies":[{"embeddable":true,"href":"https:\/\/miidaz.com\/index.php?rest_route=%2Fwp%2Fv2%2Fcomments&post=6560"}],"version-history":[{"count":0,"href":"https:\/\/miidaz.com\/index.php?rest_route=\/wp\/v2\/product\/6560\/revisions"}],"wp:featuredmedia":[{"embeddable":true,"href":"https:\/\/miidaz.com\/index.php?rest_route=\/wp\/v2\/media\/60214"}],"wp:attachment":[{"href":"https:\/\/miidaz.com\/index.php?rest_route=%2Fwp%2Fv2%2Fmedia&parent=6560"}],"wp:term":[{"taxonomy":"product_brand","embeddable":true,"href":"https:\/\/miidaz.com\/index.php?rest_route=%2Fwp%2Fv2%2Fproduct_brand&post=6560"},{"taxonomy":"product_cat","embeddable":true,"href":"https:\/\/miidaz.com\/index.php?rest_route=%2Fwp%2Fv2%2Fproduct_cat&post=6560"},{"taxonomy":"product_tag","embeddable":true,"href":"https:\/\/miidaz.com\/index.php?rest_route=%2Fwp%2Fv2%2Fproduct_tag&post=6560"}],"curies":[{"name":"wp","href":"https:\/\/api.w.org\/{rel}","templated":true}]}}