{"id":6585,"date":"2026-03-19T21:20:37","date_gmt":"2026-03-19T21:20:37","guid":{"rendered":"https:\/\/miidaz.com\/product\/multipuerto-stir\/"},"modified":"2026-03-29T02:18:45","modified_gmt":"2026-03-29T02:18:45","slug":"multipuerto-stir","status":"publish","type":"product","link":"https:\/\/miidaz.com\/?product=multipuerto-stir","title":{"rendered":"Multipuerto Stir"},"content":{"rendered":"<p>El Multipuerto Stir es la soluci\u00f3n ideal para optimizar espacio y maximizar la conectividad de tus dispositivos.<\/p>\n<p>Dise\u00f1ado para ofrecer versatilidad, cuenta con 2 entradas Tipo C, 2 entradas USB, 1 salida Tipo C y 1 salida USB, permiti\u00e9ndote conectar y cargar varios equipos al mismo tiempo de forma pr\u00e1ctica y ordenada.<\/p>\n","protected":false},"excerpt":{"rendered":"<p>El Multipuerto Stir es la soluci\u00f3n ideal para optimizar espacio y maximizar la conectividad de tus dispositivos. Dise\u00f1ado para ofrecer versatilidad, cuenta con 2 entradas Tipo C, 2 entradas USB, 1 salida Tipo C y 1 salida USB, permiti\u00e9ndote conectar y cargar varios equipos al mismo tiempo de forma pr\u00e1ctica y ordenada.<\/p>\n","protected":false},"featured_media":60261,"comment_status":"open","ping_status":"closed","template":"","meta":{"_uag_custom_page_level_css":""},"product_brand":[],"product_cat":[104],"product_tag":[],"class_list":{"0":"post-6585","1":"product","2":"type-product","3":"status-publish","4":"has-post-thumbnail","6":"product_cat-hubs","8":"first","9":"instock","10":"shipping-taxable","11":"purchasable","12":"product-type-variable"},"aioseo_notices":[],"uagb_featured_image_src":{"full":["https:\/\/miidaz.com\/wp-content\/uploads\/2026\/03\/TE0685-1.jpg",1000,1000,false],"thumbnail":["https:\/\/miidaz.com\/wp-content\/uploads\/2026\/03\/TE0685-1-150x150.jpg",150,150,true],"medium":["https:\/\/miidaz.com\/wp-content\/uploads\/2026\/03\/TE0685-1-300x300.jpg",300,300,true],"medium_large":["https:\/\/miidaz.com\/wp-content\/uploads\/2026\/03\/TE0685-1-768x768.jpg",768,768,true],"large":["https:\/\/miidaz.com\/wp-content\/uploads\/2026\/03\/TE0685-1.jpg",800,800,false],"1536x1536":["https:\/\/miidaz.com\/wp-content\/uploads\/2026\/03\/TE0685-1.jpg",1000,1000,false],"2048x2048":["https:\/\/miidaz.com\/wp-content\/uploads\/2026\/03\/TE0685-1.jpg",1000,1000,false],"woocommerce_thumbnail":["https:\/\/miidaz.com\/wp-content\/uploads\/2026\/03\/TE0685-1-300x300.jpg",300,300,true],"woocommerce_single":["https:\/\/miidaz.com\/wp-content\/uploads\/2026\/03\/TE0685-1-600x600.jpg",600,600,true],"woocommerce_gallery_thumbnail":["https:\/\/miidaz.com\/wp-content\/uploads\/2026\/03\/TE0685-1-100x100.jpg",100,100,true]},"uagb_author_info":{"display_name":"","author_link":"https:\/\/miidaz.com\/?author=0"},"uagb_comment_info":0,"uagb_excerpt":"El Multipuerto Stir es la soluci\u00f3n ideal para optimizar espacio y maximizar la conectividad de tus dispositivos. Dise\u00f1ado para ofrecer versatilidad, cuenta con 2 entradas Tipo C, 2 entradas USB, 1 salida Tipo C y 1 salida USB, permiti\u00e9ndote conectar y cargar varios equipos al mismo tiempo de forma pr\u00e1ctica y ordenada.","_links":{"self":[{"href":"https:\/\/miidaz.com\/index.php?rest_route=\/wp\/v2\/product\/6585","targetHints":{"allow":["GET"]}}],"collection":[{"href":"https:\/\/miidaz.com\/index.php?rest_route=\/wp\/v2\/product"}],"about":[{"href":"https:\/\/miidaz.com\/index.php?rest_route=\/wp\/v2\/types\/product"}],"replies":[{"embeddable":true,"href":"https:\/\/miidaz.com\/index.php?rest_route=%2Fwp%2Fv2%2Fcomments&post=6585"}],"version-history":[{"count":0,"href":"https:\/\/miidaz.com\/index.php?rest_route=\/wp\/v2\/product\/6585\/revisions"}],"wp:featuredmedia":[{"embeddable":true,"href":"https:\/\/miidaz.com\/index.php?rest_route=\/wp\/v2\/media\/60261"}],"wp:attachment":[{"href":"https:\/\/miidaz.com\/index.php?rest_route=%2Fwp%2Fv2%2Fmedia&parent=6585"}],"wp:term":[{"taxonomy":"product_brand","embeddable":true,"href":"https:\/\/miidaz.com\/index.php?rest_route=%2Fwp%2Fv2%2Fproduct_brand&post=6585"},{"taxonomy":"product_cat","embeddable":true,"href":"https:\/\/miidaz.com\/index.php?rest_route=%2Fwp%2Fv2%2Fproduct_cat&post=6585"},{"taxonomy":"product_tag","embeddable":true,"href":"https:\/\/miidaz.com\/index.php?rest_route=%2Fwp%2Fv2%2Fproduct_tag&post=6585"}],"curies":[{"name":"wp","href":"https:\/\/api.w.org\/{rel}","templated":true}]}}