{"id":6677,"date":"2026-03-19T21:21:12","date_gmt":"2026-03-19T21:21:12","guid":{"rendered":"https:\/\/miidaz.com\/product\/smartwatch-century\/"},"modified":"2026-03-29T02:18:52","modified_gmt":"2026-03-29T02:18:52","slug":"smartwatch-century","status":"publish","type":"product","link":"https:\/\/miidaz.com\/?product=smartwatch-century","title":{"rendered":"Smartwatch Century"},"content":{"rendered":"<p>Este reloj inteligente cuenta con pantalla t\u00e1ctil, sincronizaci\u00f3n autom\u00e1tica de hora, monitoreo de pasos, distancia, calor\u00edas, frecuencia card\u00edaca, presi\u00f3n arterial y ox\u00edgeno. Incluye modos deportivos, seguimiento de sue\u00f1o, alertas de llamadas y mensajes, fotograf\u00eda remota, recordatorios de inactividad y alarmas. Compatible con la app ZFit para configuraci\u00f3n avanzada y notificaciones de WhatsApp, SMS, llamadas y m\u00e1s. No es resistente al agua. Cuenta con correa removible que se ajusta con presi\u00f3n. Tiempo de carga aproximado: 2 horas.<\/p>\n","protected":false},"excerpt":{"rendered":"<p>Este reloj inteligente cuenta con pantalla t\u00e1ctil, sincronizaci\u00f3n autom\u00e1tica de hora, monitoreo de pasos, distancia, calor\u00edas, frecuencia card\u00edaca, presi\u00f3n arterial y ox\u00edgeno. Incluye modos deportivos, seguimiento de sue\u00f1o, alertas de llamadas y mensajes, fotograf\u00eda remota, recordatorios de inactividad y alarmas. Compatible con la app ZFit para configuraci\u00f3n avanzada y notificaciones de WhatsApp, SMS, llamadas y [&hellip;]<\/p>\n","protected":false},"featured_media":60436,"comment_status":"open","ping_status":"closed","template":"","meta":{"_uag_custom_page_level_css":""},"product_brand":[],"product_cat":[86],"product_tag":[],"class_list":{"0":"post-6677","1":"product","2":"type-product","3":"status-publish","4":"has-post-thumbnail","6":"product_cat-relojes","8":"first","9":"instock","10":"shipping-taxable","11":"purchasable","12":"product-type-variable"},"aioseo_notices":[],"uagb_featured_image_src":{"full":["https:\/\/miidaz.com\/wp-content\/uploads\/2026\/03\/3039125-1.jpg",1500,1069,false],"thumbnail":["https:\/\/miidaz.com\/wp-content\/uploads\/2026\/03\/3039125-1-150x150.jpg",150,150,true],"medium":["https:\/\/miidaz.com\/wp-content\/uploads\/2026\/03\/3039125-1-300x214.jpg",300,214,true],"medium_large":["https:\/\/miidaz.com\/wp-content\/uploads\/2026\/03\/3039125-1-768x547.jpg",768,547,true],"large":["https:\/\/miidaz.com\/wp-content\/uploads\/2026\/03\/3039125-1-1024x730.jpg",800,570,true],"1536x1536":["https:\/\/miidaz.com\/wp-content\/uploads\/2026\/03\/3039125-1.jpg",1500,1069,false],"2048x2048":["https:\/\/miidaz.com\/wp-content\/uploads\/2026\/03\/3039125-1.jpg",1500,1069,false],"woocommerce_thumbnail":["https:\/\/miidaz.com\/wp-content\/uploads\/2026\/03\/3039125-1-300x300.jpg",300,300,true],"woocommerce_single":["https:\/\/miidaz.com\/wp-content\/uploads\/2026\/03\/3039125-1-600x428.jpg",600,428,true],"woocommerce_gallery_thumbnail":["https:\/\/miidaz.com\/wp-content\/uploads\/2026\/03\/3039125-1-100x100.jpg",100,100,true]},"uagb_author_info":{"display_name":"","author_link":"https:\/\/miidaz.com\/?author=0"},"uagb_comment_info":0,"uagb_excerpt":"Este reloj inteligente cuenta con pantalla t\u00e1ctil, sincronizaci\u00f3n autom\u00e1tica de hora, monitoreo de pasos, distancia, calor\u00edas, frecuencia card\u00edaca, presi\u00f3n arterial y ox\u00edgeno. Incluye modos deportivos, seguimiento de sue\u00f1o, alertas de llamadas y mensajes, fotograf\u00eda remota, recordatorios de inactividad y alarmas. Compatible con la app ZFit para configuraci\u00f3n avanzada y notificaciones de WhatsApp, SMS, llamadas y&hellip;","_links":{"self":[{"href":"https:\/\/miidaz.com\/index.php?rest_route=\/wp\/v2\/product\/6677","targetHints":{"allow":["GET"]}}],"collection":[{"href":"https:\/\/miidaz.com\/index.php?rest_route=\/wp\/v2\/product"}],"about":[{"href":"https:\/\/miidaz.com\/index.php?rest_route=\/wp\/v2\/types\/product"}],"replies":[{"embeddable":true,"href":"https:\/\/miidaz.com\/index.php?rest_route=%2Fwp%2Fv2%2Fcomments&post=6677"}],"version-history":[{"count":0,"href":"https:\/\/miidaz.com\/index.php?rest_route=\/wp\/v2\/product\/6677\/revisions"}],"wp:featuredmedia":[{"embeddable":true,"href":"https:\/\/miidaz.com\/index.php?rest_route=\/wp\/v2\/media\/60436"}],"wp:attachment":[{"href":"https:\/\/miidaz.com\/index.php?rest_route=%2Fwp%2Fv2%2Fmedia&parent=6677"}],"wp:term":[{"taxonomy":"product_brand","embeddable":true,"href":"https:\/\/miidaz.com\/index.php?rest_route=%2Fwp%2Fv2%2Fproduct_brand&post=6677"},{"taxonomy":"product_cat","embeddable":true,"href":"https:\/\/miidaz.com\/index.php?rest_route=%2Fwp%2Fv2%2Fproduct_cat&post=6677"},{"taxonomy":"product_tag","embeddable":true,"href":"https:\/\/miidaz.com\/index.php?rest_route=%2Fwp%2Fv2%2Fproduct_tag&post=6677"}],"curies":[{"name":"wp","href":"https:\/\/api.w.org\/{rel}","templated":true}]}}