{"id":6684,"date":"2026-03-19T21:21:14","date_gmt":"2026-03-19T21:21:14","guid":{"rendered":"https:\/\/miidaz.com\/product\/altavoz-joplin\/"},"modified":"2026-03-29T02:18:52","modified_gmt":"2026-03-29T02:18:52","slug":"altavoz-joplin","status":"publish","type":"product","link":"https:\/\/miidaz.com\/?product=altavoz-joplin","title":{"rendered":"Altavoz Joplin"},"content":{"rendered":"<p>Altavoz Bluetooth con dise\u00f1o multifuncional que incluye luz LED decorativa y maceta con sensores t\u00e1ctiles que permiten reproducir sonidos al tocar la planta; cuenta con puerto micro USB para carga, bot\u00f3n de control de iluminaci\u00f3n con 7 colores disponibles, y dise\u00f1o inferior con salida de agua para mantener la planta en buen estado. Ofrece conexi\u00f3n Bluetooth 5.0 con alcance de hasta 10 metros, altavoz de 5W, bater\u00eda de 1,200 mAh con hasta 12 horas de reproducci\u00f3n, y controles b\u00e1sicos para reproducci\u00f3n, encendido\/apagado y cambio de modo.<\/p>\n","protected":false},"excerpt":{"rendered":"<p>Altavoz Bluetooth con dise\u00f1o multifuncional que incluye luz LED decorativa y maceta con sensores t\u00e1ctiles que permiten reproducir sonidos al tocar la planta; cuenta con puerto micro USB para carga, bot\u00f3n de control de iluminaci\u00f3n con 7 colores disponibles, y dise\u00f1o inferior con salida de agua para mantener la planta en buen estado. Ofrece conexi\u00f3n [&hellip;]<\/p>\n","protected":false},"featured_media":60448,"comment_status":"open","ping_status":"closed","template":"","meta":{"_uag_custom_page_level_css":""},"product_brand":[],"product_cat":[102],"product_tag":[114,112],"class_list":{"0":"post-6684","1":"product","2":"type-product","3":"status-publish","4":"has-post-thumbnail","6":"product_cat-altavoz","7":"product_tag-novedades-2026","8":"product_tag-temporada-irresistibles","10":"first","11":"instock","12":"shipping-taxable","13":"purchasable","14":"product-type-variable"},"aioseo_notices":[],"uagb_featured_image_src":{"full":["https:\/\/miidaz.com\/wp-content\/uploads\/2026\/03\/3039466-1.jpg",1500,1069,false],"thumbnail":["https:\/\/miidaz.com\/wp-content\/uploads\/2026\/03\/3039466-1-150x150.jpg",150,150,true],"medium":["https:\/\/miidaz.com\/wp-content\/uploads\/2026\/03\/3039466-1-300x214.jpg",300,214,true],"medium_large":["https:\/\/miidaz.com\/wp-content\/uploads\/2026\/03\/3039466-1-768x547.jpg",768,547,true],"large":["https:\/\/miidaz.com\/wp-content\/uploads\/2026\/03\/3039466-1-1024x730.jpg",800,570,true],"1536x1536":["https:\/\/miidaz.com\/wp-content\/uploads\/2026\/03\/3039466-1.jpg",1500,1069,false],"2048x2048":["https:\/\/miidaz.com\/wp-content\/uploads\/2026\/03\/3039466-1.jpg",1500,1069,false],"woocommerce_thumbnail":["https:\/\/miidaz.com\/wp-content\/uploads\/2026\/03\/3039466-1-300x300.jpg",300,300,true],"woocommerce_single":["https:\/\/miidaz.com\/wp-content\/uploads\/2026\/03\/3039466-1-600x428.jpg",600,428,true],"woocommerce_gallery_thumbnail":["https:\/\/miidaz.com\/wp-content\/uploads\/2026\/03\/3039466-1-100x100.jpg",100,100,true]},"uagb_author_info":{"display_name":"","author_link":"https:\/\/miidaz.com\/?author=0"},"uagb_comment_info":0,"uagb_excerpt":"Altavoz Bluetooth con dise\u00f1o multifuncional que incluye luz LED decorativa y maceta con sensores t\u00e1ctiles que permiten reproducir sonidos al tocar la planta; cuenta con puerto micro USB para carga, bot\u00f3n de control de iluminaci\u00f3n con 7 colores disponibles, y dise\u00f1o inferior con salida de agua para mantener la planta en buen estado. Ofrece conexi\u00f3n&hellip;","_links":{"self":[{"href":"https:\/\/miidaz.com\/index.php?rest_route=\/wp\/v2\/product\/6684","targetHints":{"allow":["GET"]}}],"collection":[{"href":"https:\/\/miidaz.com\/index.php?rest_route=\/wp\/v2\/product"}],"about":[{"href":"https:\/\/miidaz.com\/index.php?rest_route=\/wp\/v2\/types\/product"}],"replies":[{"embeddable":true,"href":"https:\/\/miidaz.com\/index.php?rest_route=%2Fwp%2Fv2%2Fcomments&post=6684"}],"version-history":[{"count":0,"href":"https:\/\/miidaz.com\/index.php?rest_route=\/wp\/v2\/product\/6684\/revisions"}],"wp:featuredmedia":[{"embeddable":true,"href":"https:\/\/miidaz.com\/index.php?rest_route=\/wp\/v2\/media\/60448"}],"wp:attachment":[{"href":"https:\/\/miidaz.com\/index.php?rest_route=%2Fwp%2Fv2%2Fmedia&parent=6684"}],"wp:term":[{"taxonomy":"product_brand","embeddable":true,"href":"https:\/\/miidaz.com\/index.php?rest_route=%2Fwp%2Fv2%2Fproduct_brand&post=6684"},{"taxonomy":"product_cat","embeddable":true,"href":"https:\/\/miidaz.com\/index.php?rest_route=%2Fwp%2Fv2%2Fproduct_cat&post=6684"},{"taxonomy":"product_tag","embeddable":true,"href":"https:\/\/miidaz.com\/index.php?rest_route=%2Fwp%2Fv2%2Fproduct_tag&post=6684"}],"curies":[{"name":"wp","href":"https:\/\/api.w.org\/{rel}","templated":true}]}}