{"id":6687,"date":"2026-03-19T21:21:15","date_gmt":"2026-03-19T21:21:15","guid":{"rendered":"https:\/\/miidaz.com\/product\/altavoz-dylan\/"},"modified":"2026-03-29T02:18:52","modified_gmt":"2026-03-29T02:18:52","slug":"altavoz-dylan","status":"publish","type":"product","link":"https:\/\/miidaz.com\/?product=altavoz-dylan","title":{"rendered":"Altavoz Dylan"},"content":{"rendered":"<p>Altavoz Bluetooth compacto fabricado en aluminio y ABS, con potencia de 3W y conectividad inal\u00e1mbrica V4.2+EDR que garantiza una transmisi\u00f3n estable hasta a 10 metros. Cuenta con bater\u00eda de 300 mAh, ranura para tarjeta TF, puerto USB, entrada AUX y funci\u00f3n manos libres gracias a su micr\u00f3fono incorporado. Incluye cable de carga Tipo-C y manual de usuario. Su dise\u00f1o port\u00e1til y moderno lo convierte en el compa\u00f1ero ideal para disfrutar m\u00fasica en cualquier momento.<\/p>\n","protected":false},"excerpt":{"rendered":"<p>Altavoz Bluetooth compacto fabricado en aluminio y ABS, con potencia de 3W y conectividad inal\u00e1mbrica V4.2+EDR que garantiza una transmisi\u00f3n estable hasta a 10 metros. Cuenta con bater\u00eda de 300 mAh, ranura para tarjeta TF, puerto USB, entrada AUX y funci\u00f3n manos libres gracias a su micr\u00f3fono incorporado. Incluye cable de carga Tipo-C y manual [&hellip;]<\/p>\n","protected":false},"featured_media":60456,"comment_status":"open","ping_status":"closed","template":"","meta":{"_uag_custom_page_level_css":""},"product_brand":[],"product_cat":[102],"product_tag":[114,112],"class_list":{"0":"post-6687","1":"product","2":"type-product","3":"status-publish","4":"has-post-thumbnail","6":"product_cat-altavoz","7":"product_tag-novedades-2026","8":"product_tag-temporada-irresistibles","10":"first","11":"instock","12":"shipping-taxable","13":"purchasable","14":"product-type-variable"},"aioseo_notices":[],"uagb_featured_image_src":{"full":["https:\/\/miidaz.com\/wp-content\/uploads\/2026\/03\/TE0713-1.jpg",1000,1000,false],"thumbnail":["https:\/\/miidaz.com\/wp-content\/uploads\/2026\/03\/TE0713-1-150x150.jpg",150,150,true],"medium":["https:\/\/miidaz.com\/wp-content\/uploads\/2026\/03\/TE0713-1-300x300.jpg",300,300,true],"medium_large":["https:\/\/miidaz.com\/wp-content\/uploads\/2026\/03\/TE0713-1-768x768.jpg",768,768,true],"large":["https:\/\/miidaz.com\/wp-content\/uploads\/2026\/03\/TE0713-1.jpg",800,800,false],"1536x1536":["https:\/\/miidaz.com\/wp-content\/uploads\/2026\/03\/TE0713-1.jpg",1000,1000,false],"2048x2048":["https:\/\/miidaz.com\/wp-content\/uploads\/2026\/03\/TE0713-1.jpg",1000,1000,false],"woocommerce_thumbnail":["https:\/\/miidaz.com\/wp-content\/uploads\/2026\/03\/TE0713-1-300x300.jpg",300,300,true],"woocommerce_single":["https:\/\/miidaz.com\/wp-content\/uploads\/2026\/03\/TE0713-1-600x600.jpg",600,600,true],"woocommerce_gallery_thumbnail":["https:\/\/miidaz.com\/wp-content\/uploads\/2026\/03\/TE0713-1-100x100.jpg",100,100,true]},"uagb_author_info":{"display_name":"","author_link":"https:\/\/miidaz.com\/?author=0"},"uagb_comment_info":0,"uagb_excerpt":"Altavoz Bluetooth compacto fabricado en aluminio y ABS, con potencia de 3W y conectividad inal\u00e1mbrica V4.2+EDR que garantiza una transmisi\u00f3n estable hasta a 10 metros. Cuenta con bater\u00eda de 300 mAh, ranura para tarjeta TF, puerto USB, entrada AUX y funci\u00f3n manos libres gracias a su micr\u00f3fono incorporado. Incluye cable de carga Tipo-C y manual&hellip;","_links":{"self":[{"href":"https:\/\/miidaz.com\/index.php?rest_route=\/wp\/v2\/product\/6687","targetHints":{"allow":["GET"]}}],"collection":[{"href":"https:\/\/miidaz.com\/index.php?rest_route=\/wp\/v2\/product"}],"about":[{"href":"https:\/\/miidaz.com\/index.php?rest_route=\/wp\/v2\/types\/product"}],"replies":[{"embeddable":true,"href":"https:\/\/miidaz.com\/index.php?rest_route=%2Fwp%2Fv2%2Fcomments&post=6687"}],"version-history":[{"count":0,"href":"https:\/\/miidaz.com\/index.php?rest_route=\/wp\/v2\/product\/6687\/revisions"}],"wp:featuredmedia":[{"embeddable":true,"href":"https:\/\/miidaz.com\/index.php?rest_route=\/wp\/v2\/media\/60456"}],"wp:attachment":[{"href":"https:\/\/miidaz.com\/index.php?rest_route=%2Fwp%2Fv2%2Fmedia&parent=6687"}],"wp:term":[{"taxonomy":"product_brand","embeddable":true,"href":"https:\/\/miidaz.com\/index.php?rest_route=%2Fwp%2Fv2%2Fproduct_brand&post=6687"},{"taxonomy":"product_cat","embeddable":true,"href":"https:\/\/miidaz.com\/index.php?rest_route=%2Fwp%2Fv2%2Fproduct_cat&post=6687"},{"taxonomy":"product_tag","embeddable":true,"href":"https:\/\/miidaz.com\/index.php?rest_route=%2Fwp%2Fv2%2Fproduct_tag&post=6687"}],"curies":[{"name":"wp","href":"https:\/\/api.w.org\/{rel}","templated":true}]}}